{"id":1848,"date":"2017-07-12T11:26:23","date_gmt":"2017-07-12T09:26:23","guid":{"rendered":"https:\/\/www.treiber-trays.com\/treiber-trays-worldwide-2\/"},"modified":"2017-12-14T14:36:31","modified_gmt":"2017-12-14T12:36:31","slug":"treiber-trays-worldwide-2","status":"publish","type":"page","link":"https:\/\/www.treiber-trays.com\/es\/company\/treiber-trays-worldwide-2\/","title":{"rendered":"Treiber trays en todo el mundo"},"content":{"rendered":"<div class=\"wpb-content-wrapper\"><p>[vc_row full_width=\u00bbstretch_row_content_no_spaces\u00bb dhsv_parallaxcontent=\u00bbparallaxcontent\u00bb dhsv_background_color=\u00bbbg_black\u00bb dhsv_margin_top=\u00bbvc-margin-top-none\u00bb][vc_column][dhsv_vc_header bgimage=\u00bb1110&#8243; subline=\u00bbPRODUCCI\u00d3N\u00bb headline1=\u00bbCalidad.\u00bb headline2=\u00bbfabricadas en Alemania\u00bb][\/vc_column][\/vc_row][vc_row dhsv_margin_top=\u00bbvc-margin-top-large\u00bb][vc_column width=\u00bb1\/2&#8243;][vc_column_text]<\/p>\n<p class=\"intro\">Los productos de calidad requieren empleados bien cualificados, as\u00ed como una moderna tecnolog\u00eda de producci\u00f3n. Por esta raz\u00f3n, Treiber Trays siempre ha fabricado en Alemania. Aqu\u00ed, Treiber Trays dispone de una red consolidada de fabricantes de m\u00e1quinas y herramientas. Su excelente trabajo \u00abmade in Germany\u00bb es apreciado en todo el mundo, tanto por Treiber Trays como por nuestros clientes de toda la vida.<\/p>\n<p>[\/vc_column_text][\/vc_column][vc_column width=\u00bb1\/2&#8243;][\/vc_column][\/vc_row][vc_row el_class=\u00bbnopaddingrow\u00bb][vc_column width=\u00bb3\/12&#8243;][vc_single_image image=\u00bb1250&#8243;][\/vc_column][vc_column width=\u00bb5\/12&#8243;][vc_single_image image=\u00bb1251&#8243;][\/vc_column][vc_column width=\u00bb4\/12&#8243;][vc_single_image image=\u00bb1252&#8243;][\/vc_column][\/vc_row][vc_row dhsv_margin_top=\u00bbvc-margin-top-large\u00bb][vc_column width=\u00bb1\/2&#8243;][vc_column_text]<\/p>\n<p class=\"intro\">Nuestra empresa se encuentra en Heidelberg, epicentro de una de las regiones econ\u00f3micas m\u00e1s din\u00e1micas a nivel internacional. Aqu\u00ed nos beneficiamos de la proximidad a potencias mundiales como BASF, Daimler y Porsche, ya que estas empresas determinan las normas para nuestros proveedores, que en su mayor\u00eda tambi\u00e9n suministran al sector automotriz.<\/p>\n<p class=\"intro\">Otra ventaja de nuestro lugar de producci\u00f3n es que se encuentra a menos de dos horas de distancia de la sede de las empresas Bosch, Makat y Winkler und D\u00fcnnebier, lo que contribuye considerablemente a la coordinaci\u00f3n de los proyectos de moldeo de almid\u00f3n.<\/p>\n<p>[\/vc_column_text][\/vc_column][vc_column width=\u00bb1\/2&#8243;][vc_single_image image=\u00bb1597&#8243;][\/vc_column][\/vc_row][vc_row dhsv_margin_top=\u00bbvc-margin-top-large\u00bb dhsv_margin_bottom=\u00bbvc-margin-bottom-large\u00bb el_class=\u00bbnopaddingrow\u00bb][vc_column width=\u00bb1\/3&#8243;][vc_single_image image=\u00bb1619&#8243;][\/vc_column][vc_column width=\u00bb1\/3&#8243;][vc_single_image image=\u00bb1113&#8243;][\/vc_column][vc_column width=\u00bb1\/3&#8243;][vc_single_image image=\u00bb1114&#8243;][\/vc_column][\/vc_row][vc_row disable_element=\u00bbyes\u00bb dhsv_margin_top=\u00bbvc-margin-top-none\u00bb][vc_column][dhsv_vc_logoslider logos=\u00bb1116,1117,1118,1119,1120,1121,1122,1123,1124,1125,1126,1127,1128,1129,1130,1131,1132,1133,1134,1135,1136,1137,1138&#8243;][\/vc_column][\/vc_row][vc_row dhsv_parallaxcontent=\u00bbparallaxcontent\u00bb dhsv_margin_top=\u00bbvc-margin-top-large\u00bb el_id=\u00bbworldwide\u00bb][vc_column][dhsv_vc_headline subline=\u00bbMundial\u00bb headline1=\u00bbCalidad\u00bb headline2=\u00bbDESDE ALEMANIA AL RESTO DEL MUNDO\u00bb border_color=\u00bbred\u00bb][\/vc_column][\/vc_row][vc_row][vc_column width=\u00bb2\/3&#8243;][vc_column_text]<\/p>\n<p class=\"intro\">Por su favorable ubicaci\u00f3n en el centro de Europa y su proximidad a los principales puertos mar\u00edtimos como R\u00f3terdam, Amberes y Hamburgo, Treiber Trays sirve a clientes en m\u00e1s de 100 pa\u00edses de todo el mundo. La excelente infraestructura log\u00edstica garantiza que los productos lleguen a la planta de nuestros clientes de manera segura, fiable y justo a tiempo.<\/p>\n<p>[\/vc_column_text][\/vc_column][vc_column width=\u00bb1\/3&#8243;][\/vc_column][\/vc_row][vc_row dhsv_margin_bottom=\u00bbvc-margin-bottom-none\u00bb][vc_column width=\u00bb1\/4&#8243;][vc_column_text]<\/p>\n<h3>Treiber Trays<br \/>\n<span id=\"result_box\" class=\"short_text\" lang=\"es\"><span class=\"\">clientes en todo el mundo<\/span><\/span><\/h3>\n<p>[\/vc_column_text][\/vc_column][vc_column width=\u00bb3\/4&#8243;][vc_single_image image=\u00bb1112&#8243;][\/vc_column][\/vc_row][vc_row dhsv_margin_bottom=\u00bbvc-margin-bottom-large\u00bb][vc_column][dhsv_vc_imagegallery slider=\u00bb%5B%7B%22image%22%3A%221095%22%7D%2C%7B%22image%22%3A%221094%22%7D%5D\u00bb][\/vc_column][\/vc_row]<\/p>\n<\/div>","protected":false},"excerpt":{"rendered":"<p>[vc_row full_width=\u00bbstretch_row_content_no_spaces\u00bb dhsv_parallaxcontent=\u00bbparallaxcontent\u00bb dhsv_background_color=\u00bbbg_black\u00bb dhsv_margin_top=\u00bbvc-margin-top-none\u00bb][vc_column][dhsv_vc_header bgimage=\u00bb1110&#8243; subline=\u00bbPRODUCCI\u00d3N\u00bb headline1=\u00bbCalidad.\u00bb headline2=\u00bbfabricadas en Alemania\u00bb][\/vc_column][\/vc_row][vc_row dhsv_margin_top=\u00bbvc-margin-top-large\u00bb][vc_column width=\u00bb1\/2&#8243;][vc_column_text] Los productos de calidad requieren empleados bien cualificados, as\u00ed como una moderna tecnolog\u00eda de producci\u00f3n. Por esta raz\u00f3n, Treiber Trays siempre ha fabricado en Alemania. Aqu\u00ed, Treiber<\/p>\n","protected":false},"author":5,"featured_media":0,"parent":1851,"menu_order":0,"comment_status":"closed","ping_status":"closed","template":"","meta":{"_acf_changed":false,"footnotes":""},"class_list":["post-1848","page","type-page","status-publish","hentry"],"acf":[],"yoast_head":"<!-- This site is optimized with the Yoast SEO plugin v27.3 - https:\/\/yoast.com\/product\/yoast-seo-wordpress\/ -->\n<title>Treiber trays en todo el mundo - Treiber Trays<\/title>\n<meta name=\"robots\" content=\"index, follow, max-snippet:-1, max-image-preview:large, max-video-preview:-1\" \/>\n<link rel=\"canonical\" href=\"https:\/\/www.treiber-trays.com\/es\/company\/treiber-trays-worldwide-2\/\" \/>\n<meta property=\"og:locale\" content=\"es_ES\" \/>\n<meta property=\"og:type\" content=\"article\" \/>\n<meta property=\"og:title\" content=\"Treiber trays en todo el mundo - Treiber Trays\" \/>\n<meta property=\"og:description\" content=\"[vc_row full_width=\u00bbstretch_row_content_no_spaces\u00bb dhsv_parallaxcontent=\u00bbparallaxcontent\u00bb dhsv_background_color=\u00bbbg_black\u00bb dhsv_margin_top=\u00bbvc-margin-top-none\u00bb][vc_column][dhsv_vc_header bgimage=\u00bb1110&#8243; subline=\u00bbPRODUCCI\u00d3N\u00bb headline1=\u00bbCalidad.\u00bb headline2=\u00bbfabricadas en Alemania\u00bb][\/vc_column][\/vc_row][vc_row dhsv_margin_top=\u00bbvc-margin-top-large\u00bb][vc_column width=\u00bb1\/2&#8243;][vc_column_text] Los productos de calidad requieren empleados bien cualificados, as\u00ed como una moderna tecnolog\u00eda de producci\u00f3n. Por esta raz\u00f3n, Treiber Trays siempre ha fabricado en Alemania. Aqu\u00ed, Treiber\" \/>\n<meta property=\"og:url\" content=\"https:\/\/www.treiber-trays.com\/es\/company\/treiber-trays-worldwide-2\/\" \/>\n<meta property=\"og:site_name\" content=\"Treiber Trays\" \/>\n<meta property=\"article:modified_time\" content=\"2017-12-14T12:36:31+00:00\" \/>\n<meta name=\"twitter:label1\" content=\"Tiempo de lectura\" \/>\n\t<meta name=\"twitter:data1\" content=\"3 minutos\" \/>\n<script type=\"application\/ld+json\" class=\"yoast-schema-graph\">{\"@context\":\"https:\\\/\\\/schema.org\",\"@graph\":[{\"@type\":\"WebPage\",\"@id\":\"https:\\\/\\\/www.treiber-trays.com\\\/es\\\/company\\\/treiber-trays-worldwide-2\\\/\",\"url\":\"https:\\\/\\\/www.treiber-trays.com\\\/es\\\/company\\\/treiber-trays-worldwide-2\\\/\",\"name\":\"Treiber trays en todo el mundo - Treiber Trays\",\"isPartOf\":{\"@id\":\"https:\\\/\\\/www.treiber-trays.com\\\/es\\\/#website\"},\"datePublished\":\"2017-07-12T09:26:23+00:00\",\"dateModified\":\"2017-12-14T12:36:31+00:00\",\"breadcrumb\":{\"@id\":\"https:\\\/\\\/www.treiber-trays.com\\\/es\\\/company\\\/treiber-trays-worldwide-2\\\/#breadcrumb\"},\"inLanguage\":\"es\",\"potentialAction\":[{\"@type\":\"ReadAction\",\"target\":[\"https:\\\/\\\/www.treiber-trays.com\\\/es\\\/company\\\/treiber-trays-worldwide-2\\\/\"]}]},{\"@type\":\"BreadcrumbList\",\"@id\":\"https:\\\/\\\/www.treiber-trays.com\\\/es\\\/company\\\/treiber-trays-worldwide-2\\\/#breadcrumb\",\"itemListElement\":[{\"@type\":\"ListItem\",\"position\":1,\"name\":\"Home\",\"item\":\"https:\\\/\\\/www.treiber-trays.com\\\/es\\\/\"},{\"@type\":\"ListItem\",\"position\":2,\"name\":\"EMPRESA\",\"item\":\"https:\\\/\\\/www.treiber-trays.com\\\/es\\\/company\\\/\"},{\"@type\":\"ListItem\",\"position\":3,\"name\":\"Treiber trays en todo el mundo\"}]},{\"@type\":\"WebSite\",\"@id\":\"https:\\\/\\\/www.treiber-trays.com\\\/es\\\/#website\",\"url\":\"https:\\\/\\\/www.treiber-trays.com\\\/es\\\/\",\"name\":\"Treiber Trays\",\"description\":\"\",\"potentialAction\":[{\"@type\":\"SearchAction\",\"target\":{\"@type\":\"EntryPoint\",\"urlTemplate\":\"https:\\\/\\\/www.treiber-trays.com\\\/es\\\/?s={search_term_string}\"},\"query-input\":{\"@type\":\"PropertyValueSpecification\",\"valueRequired\":true,\"valueName\":\"search_term_string\"}}],\"inLanguage\":\"es\"}]}<\/script>\n<!-- \/ Yoast SEO plugin. -->","yoast_head_json":{"title":"Treiber trays en todo el mundo - Treiber Trays","robots":{"index":"index","follow":"follow","max-snippet":"max-snippet:-1","max-image-preview":"max-image-preview:large","max-video-preview":"max-video-preview:-1"},"canonical":"https:\/\/www.treiber-trays.com\/es\/company\/treiber-trays-worldwide-2\/","og_locale":"es_ES","og_type":"article","og_title":"Treiber trays en todo el mundo - Treiber Trays","og_description":"[vc_row full_width=\u00bbstretch_row_content_no_spaces\u00bb dhsv_parallaxcontent=\u00bbparallaxcontent\u00bb dhsv_background_color=\u00bbbg_black\u00bb dhsv_margin_top=\u00bbvc-margin-top-none\u00bb][vc_column][dhsv_vc_header bgimage=\u00bb1110&#8243; subline=\u00bbPRODUCCI\u00d3N\u00bb headline1=\u00bbCalidad.\u00bb headline2=\u00bbfabricadas en Alemania\u00bb][\/vc_column][\/vc_row][vc_row dhsv_margin_top=\u00bbvc-margin-top-large\u00bb][vc_column width=\u00bb1\/2&#8243;][vc_column_text] Los productos de calidad requieren empleados bien cualificados, as\u00ed como una moderna tecnolog\u00eda de producci\u00f3n. Por esta raz\u00f3n, Treiber Trays siempre ha fabricado en Alemania. Aqu\u00ed, Treiber","og_url":"https:\/\/www.treiber-trays.com\/es\/company\/treiber-trays-worldwide-2\/","og_site_name":"Treiber Trays","article_modified_time":"2017-12-14T12:36:31+00:00","twitter_misc":{"Tiempo de lectura":"3 minutos"},"schema":{"@context":"https:\/\/schema.org","@graph":[{"@type":"WebPage","@id":"https:\/\/www.treiber-trays.com\/es\/company\/treiber-trays-worldwide-2\/","url":"https:\/\/www.treiber-trays.com\/es\/company\/treiber-trays-worldwide-2\/","name":"Treiber trays en todo el mundo - Treiber Trays","isPartOf":{"@id":"https:\/\/www.treiber-trays.com\/es\/#website"},"datePublished":"2017-07-12T09:26:23+00:00","dateModified":"2017-12-14T12:36:31+00:00","breadcrumb":{"@id":"https:\/\/www.treiber-trays.com\/es\/company\/treiber-trays-worldwide-2\/#breadcrumb"},"inLanguage":"es","potentialAction":[{"@type":"ReadAction","target":["https:\/\/www.treiber-trays.com\/es\/company\/treiber-trays-worldwide-2\/"]}]},{"@type":"BreadcrumbList","@id":"https:\/\/www.treiber-trays.com\/es\/company\/treiber-trays-worldwide-2\/#breadcrumb","itemListElement":[{"@type":"ListItem","position":1,"name":"Home","item":"https:\/\/www.treiber-trays.com\/es\/"},{"@type":"ListItem","position":2,"name":"EMPRESA","item":"https:\/\/www.treiber-trays.com\/es\/company\/"},{"@type":"ListItem","position":3,"name":"Treiber trays en todo el mundo"}]},{"@type":"WebSite","@id":"https:\/\/www.treiber-trays.com\/es\/#website","url":"https:\/\/www.treiber-trays.com\/es\/","name":"Treiber Trays","description":"","potentialAction":[{"@type":"SearchAction","target":{"@type":"EntryPoint","urlTemplate":"https:\/\/www.treiber-trays.com\/es\/?s={search_term_string}"},"query-input":{"@type":"PropertyValueSpecification","valueRequired":true,"valueName":"search_term_string"}}],"inLanguage":"es"}]}},"_links":{"self":[{"href":"https:\/\/www.treiber-trays.com\/es\/wp-json\/wp\/v2\/pages\/1848","targetHints":{"allow":["GET"]}}],"collection":[{"href":"https:\/\/www.treiber-trays.com\/es\/wp-json\/wp\/v2\/pages"}],"about":[{"href":"https:\/\/www.treiber-trays.com\/es\/wp-json\/wp\/v2\/types\/page"}],"author":[{"embeddable":true,"href":"https:\/\/www.treiber-trays.com\/es\/wp-json\/wp\/v2\/users\/5"}],"replies":[{"embeddable":true,"href":"https:\/\/www.treiber-trays.com\/es\/wp-json\/wp\/v2\/comments?post=1848"}],"version-history":[{"count":4,"href":"https:\/\/www.treiber-trays.com\/es\/wp-json\/wp\/v2\/pages\/1848\/revisions"}],"predecessor-version":[{"id":2263,"href":"https:\/\/www.treiber-trays.com\/es\/wp-json\/wp\/v2\/pages\/1848\/revisions\/2263"}],"up":[{"embeddable":true,"href":"https:\/\/www.treiber-trays.com\/es\/wp-json\/wp\/v2\/pages\/1851"}],"wp:attachment":[{"href":"https:\/\/www.treiber-trays.com\/es\/wp-json\/wp\/v2\/media?parent=1848"}],"curies":[{"name":"wp","href":"https:\/\/api.w.org\/{rel}","templated":true}]}}