{"id":1852,"date":"2017-04-25T10:13:13","date_gmt":"2017-04-25T08:13:13","guid":{"rendered":"https:\/\/www.treiber-trays.com\/company\/food-safety\/"},"modified":"2017-09-14T10:20:03","modified_gmt":"2017-09-14T08:20:03","slug":"food-safety","status":"publish","type":"page","link":"https:\/\/www.treiber-trays.com\/es\/company\/food-safety\/","title":{"rendered":"SEGURIDAD ALIMENTARIA"},"content":{"rendered":"<div class=\"wpb-content-wrapper\"><p>[vc_row full_width=\u00bbstretch_row_content_no_spaces\u00bb dhsv_parallaxcontent=\u00bbparallaxcontent\u00bb dhsv_background_color=\u00bbbg_black\u00bb dhsv_margin_top=\u00bbvc-margin-top-none\u00bb][vc_column][dhsv_vc_header bgimage=\u00bb1232&#8243; subline=\u00bbSEGURIDAD ALIMENTARIA\u00bb headline1=\u00bbCALIDAD\u00bb headline2=\u00bbLa seguridad es lo primero\u00bb][\/vc_column][\/vc_row][vc_row dhsv_margin_top=\u00bbvc-margin-top-large\u00bb dhsv_margin_bottom=\u00bbvc-margin-bottom-large\u00bb][vc_column width=\u00bb2\/3&#8243;][vc_column_text]<\/p>\n<p class=\"p1 intro\"><span class=\"s1\">La seguridad y la higiene son las prioridades esenciales en la producci\u00f3n de alimentos, en cada una de las fases de la cadena de suministro. Asimismo, nuestras bandejas y materiales se someten continuamente a pruebas de laboratorio. Treiber Trays cumple siempre los estrictos requisitos del Reglamento (CE) n\u00ba 1935\/2004. Por lo tanto, nuestras bandejas est\u00e1n certificadas seg\u00fan las normas internacionales.<\/span><\/p>\n<p>[\/vc_column_text][\/vc_column][vc_column width=\u00bb1\/3&#8243;][vc_single_image image=\u00bb1104&#8243; alignment=\u00bbleft\u00bb][\/vc_column][\/vc_row][vc_row][vc_column width=\u00bb1\/2&#8243;][dhsv_vc_box title=\u00bbMATERIALES PL\u00c1STICOS\u00bb subtitle=\u00bbCERTIFICADOS\u00bb icon1=\u00bb1099&#8243;][\/dhsv_vc_box][vc_single_image image=\u00bb1239&#8243;][vc_column_text]<\/p>\n<ul>\n<li>La normativa alimentaria impone requisitos particularmente estrictos para productos fabricados a partir de pl\u00e1stico.<\/li>\n<li>Todos los materiales utilizados han sido probados de forma independiente, est\u00e1n certificados seg\u00fan el Reglamento (UE) N\u00ba 10\/2011 sobre materiales pl\u00e1sticos, y se enumeran en el c\u00f3digo de Reglamentos Federales de la FDA t\u00edtulo 21, secci\u00f3n 177<\/li>\n<li>Los clientes pueden solicitar una declaraci\u00f3n de conformidad si lo desean.<\/li>\n<\/ul>\n<p>[\/vc_column_text][\/vc_column][vc_column width=\u00bb1\/2&#8243;][dhsv_vc_box title=\u00bbMADERA\u00bb subtitle=\u00bbPROPIEDADES ANTIBACTERIANAS\u00bb icon1=\u00bb1101&#8243;][\/dhsv_vc_box][vc_single_image image=\u00bb1238&#8243;][vc_column_text]<\/p>\n<ul>\n<li>La madera posee un efecto natural antibacteriano<\/li>\n<li>Esto es debido a determinadas sustancias naturalmente activas de la madera que ayudan al \u00e1rbol a sobrevivir en ambientes hostiles, as\u00ed como a las propiedades higrosc\u00f3picas de la madera<\/li>\n<li>Numerosos estudios cient\u00edficos han demostrado las excepcionales propiedades higi\u00e9nicas de los materiales de madera (p. ej. Milling et al., 2005, Sch\u00f6nwalder et al., 2002)<\/li>\n<\/ul>\n<p>[\/vc_column_text][\/vc_column][\/vc_row]<\/p>\n<\/div>","protected":false},"excerpt":{"rendered":"<p>[vc_row full_width=\u00bbstretch_row_content_no_spaces\u00bb dhsv_parallaxcontent=\u00bbparallaxcontent\u00bb dhsv_background_color=\u00bbbg_black\u00bb dhsv_margin_top=\u00bbvc-margin-top-none\u00bb][vc_column][dhsv_vc_header bgimage=\u00bb1232&#8243; subline=\u00bbSEGURIDAD ALIMENTARIA\u00bb headline1=\u00bbCALIDAD\u00bb headline2=\u00bbLa seguridad es lo primero\u00bb][\/vc_column][\/vc_row][vc_row dhsv_margin_top=\u00bbvc-margin-top-large\u00bb dhsv_margin_bottom=\u00bbvc-margin-bottom-large\u00bb][vc_column width=\u00bb2\/3&#8243;][vc_column_text] La seguridad y la higiene son las prioridades esenciales en la producci\u00f3n de alimentos, en cada una de las fases de la cadena<\/p>\n","protected":false},"author":5,"featured_media":0,"parent":1851,"menu_order":0,"comment_status":"closed","ping_status":"closed","template":"","meta":{"_acf_changed":false,"footnotes":""},"class_list":["post-1852","page","type-page","status-publish","hentry"],"acf":[],"yoast_head":"<!-- This site is optimized with the Yoast SEO plugin v27.3 - https:\/\/yoast.com\/product\/yoast-seo-wordpress\/ -->\n<title>SEGURIDAD ALIMENTARIA - Treiber Trays<\/title>\n<meta name=\"robots\" content=\"index, follow, max-snippet:-1, max-image-preview:large, max-video-preview:-1\" \/>\n<link rel=\"canonical\" href=\"https:\/\/www.treiber-trays.com\/es\/company\/food-safety\/\" \/>\n<meta property=\"og:locale\" content=\"es_ES\" \/>\n<meta property=\"og:type\" content=\"article\" \/>\n<meta property=\"og:title\" content=\"SEGURIDAD ALIMENTARIA - Treiber Trays\" \/>\n<meta property=\"og:description\" content=\"[vc_row full_width=\u00bbstretch_row_content_no_spaces\u00bb dhsv_parallaxcontent=\u00bbparallaxcontent\u00bb dhsv_background_color=\u00bbbg_black\u00bb dhsv_margin_top=\u00bbvc-margin-top-none\u00bb][vc_column][dhsv_vc_header bgimage=\u00bb1232&#8243; subline=\u00bbSEGURIDAD ALIMENTARIA\u00bb headline1=\u00bbCALIDAD\u00bb headline2=\u00bbLa seguridad es lo primero\u00bb][\/vc_column][\/vc_row][vc_row dhsv_margin_top=\u00bbvc-margin-top-large\u00bb dhsv_margin_bottom=\u00bbvc-margin-bottom-large\u00bb][vc_column width=\u00bb2\/3&#8243;][vc_column_text] La seguridad y la higiene son las prioridades esenciales en la producci\u00f3n de alimentos, en cada una de las fases de la cadena\" \/>\n<meta property=\"og:url\" content=\"https:\/\/www.treiber-trays.com\/es\/company\/food-safety\/\" \/>\n<meta property=\"og:site_name\" content=\"Treiber Trays\" \/>\n<meta property=\"article:modified_time\" content=\"2017-09-14T08:20:03+00:00\" \/>\n<meta name=\"twitter:label1\" content=\"Tiempo de lectura\" \/>\n\t<meta name=\"twitter:data1\" content=\"2 minutos\" \/>\n<script type=\"application\/ld+json\" class=\"yoast-schema-graph\">{\"@context\":\"https:\\\/\\\/schema.org\",\"@graph\":[{\"@type\":\"WebPage\",\"@id\":\"https:\\\/\\\/www.treiber-trays.com\\\/es\\\/company\\\/food-safety\\\/\",\"url\":\"https:\\\/\\\/www.treiber-trays.com\\\/es\\\/company\\\/food-safety\\\/\",\"name\":\"SEGURIDAD ALIMENTARIA - Treiber Trays\",\"isPartOf\":{\"@id\":\"https:\\\/\\\/www.treiber-trays.com\\\/es\\\/#website\"},\"datePublished\":\"2017-04-25T08:13:13+00:00\",\"dateModified\":\"2017-09-14T08:20:03+00:00\",\"breadcrumb\":{\"@id\":\"https:\\\/\\\/www.treiber-trays.com\\\/es\\\/company\\\/food-safety\\\/#breadcrumb\"},\"inLanguage\":\"es\",\"potentialAction\":[{\"@type\":\"ReadAction\",\"target\":[\"https:\\\/\\\/www.treiber-trays.com\\\/es\\\/company\\\/food-safety\\\/\"]}]},{\"@type\":\"BreadcrumbList\",\"@id\":\"https:\\\/\\\/www.treiber-trays.com\\\/es\\\/company\\\/food-safety\\\/#breadcrumb\",\"itemListElement\":[{\"@type\":\"ListItem\",\"position\":1,\"name\":\"Home\",\"item\":\"https:\\\/\\\/www.treiber-trays.com\\\/es\\\/\"},{\"@type\":\"ListItem\",\"position\":2,\"name\":\"EMPRESA\",\"item\":\"https:\\\/\\\/www.treiber-trays.com\\\/es\\\/company\\\/\"},{\"@type\":\"ListItem\",\"position\":3,\"name\":\"SEGURIDAD ALIMENTARIA\"}]},{\"@type\":\"WebSite\",\"@id\":\"https:\\\/\\\/www.treiber-trays.com\\\/es\\\/#website\",\"url\":\"https:\\\/\\\/www.treiber-trays.com\\\/es\\\/\",\"name\":\"Treiber Trays\",\"description\":\"\",\"potentialAction\":[{\"@type\":\"SearchAction\",\"target\":{\"@type\":\"EntryPoint\",\"urlTemplate\":\"https:\\\/\\\/www.treiber-trays.com\\\/es\\\/?s={search_term_string}\"},\"query-input\":{\"@type\":\"PropertyValueSpecification\",\"valueRequired\":true,\"valueName\":\"search_term_string\"}}],\"inLanguage\":\"es\"}]}<\/script>\n<!-- \/ Yoast SEO plugin. -->","yoast_head_json":{"title":"SEGURIDAD ALIMENTARIA - Treiber Trays","robots":{"index":"index","follow":"follow","max-snippet":"max-snippet:-1","max-image-preview":"max-image-preview:large","max-video-preview":"max-video-preview:-1"},"canonical":"https:\/\/www.treiber-trays.com\/es\/company\/food-safety\/","og_locale":"es_ES","og_type":"article","og_title":"SEGURIDAD ALIMENTARIA - Treiber Trays","og_description":"[vc_row full_width=\u00bbstretch_row_content_no_spaces\u00bb dhsv_parallaxcontent=\u00bbparallaxcontent\u00bb dhsv_background_color=\u00bbbg_black\u00bb dhsv_margin_top=\u00bbvc-margin-top-none\u00bb][vc_column][dhsv_vc_header bgimage=\u00bb1232&#8243; subline=\u00bbSEGURIDAD ALIMENTARIA\u00bb headline1=\u00bbCALIDAD\u00bb headline2=\u00bbLa seguridad es lo primero\u00bb][\/vc_column][\/vc_row][vc_row dhsv_margin_top=\u00bbvc-margin-top-large\u00bb dhsv_margin_bottom=\u00bbvc-margin-bottom-large\u00bb][vc_column width=\u00bb2\/3&#8243;][vc_column_text] La seguridad y la higiene son las prioridades esenciales en la producci\u00f3n de alimentos, en cada una de las fases de la cadena","og_url":"https:\/\/www.treiber-trays.com\/es\/company\/food-safety\/","og_site_name":"Treiber Trays","article_modified_time":"2017-09-14T08:20:03+00:00","twitter_misc":{"Tiempo de lectura":"2 minutos"},"schema":{"@context":"https:\/\/schema.org","@graph":[{"@type":"WebPage","@id":"https:\/\/www.treiber-trays.com\/es\/company\/food-safety\/","url":"https:\/\/www.treiber-trays.com\/es\/company\/food-safety\/","name":"SEGURIDAD ALIMENTARIA - Treiber Trays","isPartOf":{"@id":"https:\/\/www.treiber-trays.com\/es\/#website"},"datePublished":"2017-04-25T08:13:13+00:00","dateModified":"2017-09-14T08:20:03+00:00","breadcrumb":{"@id":"https:\/\/www.treiber-trays.com\/es\/company\/food-safety\/#breadcrumb"},"inLanguage":"es","potentialAction":[{"@type":"ReadAction","target":["https:\/\/www.treiber-trays.com\/es\/company\/food-safety\/"]}]},{"@type":"BreadcrumbList","@id":"https:\/\/www.treiber-trays.com\/es\/company\/food-safety\/#breadcrumb","itemListElement":[{"@type":"ListItem","position":1,"name":"Home","item":"https:\/\/www.treiber-trays.com\/es\/"},{"@type":"ListItem","position":2,"name":"EMPRESA","item":"https:\/\/www.treiber-trays.com\/es\/company\/"},{"@type":"ListItem","position":3,"name":"SEGURIDAD ALIMENTARIA"}]},{"@type":"WebSite","@id":"https:\/\/www.treiber-trays.com\/es\/#website","url":"https:\/\/www.treiber-trays.com\/es\/","name":"Treiber Trays","description":"","potentialAction":[{"@type":"SearchAction","target":{"@type":"EntryPoint","urlTemplate":"https:\/\/www.treiber-trays.com\/es\/?s={search_term_string}"},"query-input":{"@type":"PropertyValueSpecification","valueRequired":true,"valueName":"search_term_string"}}],"inLanguage":"es"}]}},"_links":{"self":[{"href":"https:\/\/www.treiber-trays.com\/es\/wp-json\/wp\/v2\/pages\/1852","targetHints":{"allow":["GET"]}}],"collection":[{"href":"https:\/\/www.treiber-trays.com\/es\/wp-json\/wp\/v2\/pages"}],"about":[{"href":"https:\/\/www.treiber-trays.com\/es\/wp-json\/wp\/v2\/types\/page"}],"author":[{"embeddable":true,"href":"https:\/\/www.treiber-trays.com\/es\/wp-json\/wp\/v2\/users\/5"}],"replies":[{"embeddable":true,"href":"https:\/\/www.treiber-trays.com\/es\/wp-json\/wp\/v2\/comments?post=1852"}],"version-history":[{"count":3,"href":"https:\/\/www.treiber-trays.com\/es\/wp-json\/wp\/v2\/pages\/1852\/revisions"}],"predecessor-version":[{"id":2214,"href":"https:\/\/www.treiber-trays.com\/es\/wp-json\/wp\/v2\/pages\/1852\/revisions\/2214"}],"up":[{"embeddable":true,"href":"https:\/\/www.treiber-trays.com\/es\/wp-json\/wp\/v2\/pages\/1851"}],"wp:attachment":[{"href":"https:\/\/www.treiber-trays.com\/es\/wp-json\/wp\/v2\/media?parent=1852"}],"curies":[{"name":"wp","href":"https:\/\/api.w.org\/{rel}","templated":true}]}}