{"id":1853,"date":"2017-04-25T10:12:21","date_gmt":"2017-04-25T08:12:21","guid":{"rendered":"https:\/\/www.treiber-trays.com\/company\/values\/"},"modified":"2018-10-29T13:20:32","modified_gmt":"2018-10-29T11:20:32","slug":"values","status":"publish","type":"page","link":"https:\/\/www.treiber-trays.com\/es\/company\/values\/","title":{"rendered":"Valores"},"content":{"rendered":"<div class=\"wpb-content-wrapper\"><p>[vc_row full_width=\u00bbstretch_row_content_no_spaces\u00bb dhsv_parallaxcontent=\u00bbparallaxcontent\u00bb dhsv_background_color=\u00bbbg_black\u00bb dhsv_margin_top=\u00bbvc-margin-top-none\u00bb][vc_column][dhsv_vc_header bgimage=\u00bb1069&#8243; subline=\u00bbValores\u00bb headline1=\u00bbCALIDAD\u00bb headline2=\u00bbGRACIAS A SU COMPETENCIA, COOPERACI\u00d3N Y CONTINUIDAD\u00bb][\/vc_column][\/vc_row][vc_row dhsv_margin_top=\u00bbvc-margin-top-large\u00bb dhsv_margin_bottom=\u00bbvc-margin-bottom-large\u00bb][vc_column width=\u00bb2\/3&#8243;][vc_column_text]<\/p>\n<p class=\"p1 intro\"><span class=\"s1\">En el contexto din\u00e1mico de los mercados globalizados, valores como competencia, cooperaci\u00f3n y continuidad constituyen la esencia de nuestra empresa y la base de nuestra cultura corporativa. Son la piedra angular de las actividades comerciales de Treiber Trays.<\/span><\/p>\n<p>[\/vc_column_text][\/vc_column][vc_column width=\u00bb1\/3&#8243;][\/vc_column][\/vc_row][vc_row dhsv_margin_bottom=\u00bbvc-margin-bottom-large\u00bb][vc_column width=\u00bb1\/3&#8243; el_class=\u00bbtext_image_box\u00bb][vc_column_text]<\/p>\n<h4 class=\"p1\"><span class=\"s1\">Competencia<\/span><\/h4>\n<p>[\/vc_column_text][vc_single_image image=\u00bb1076&#8243;][vc_column_text]<\/p>\n<p class=\"p1\"><span class=\"s1\">La calidad de nuestros productos encabeza el ranking desde el comienzo de nuestra historia corporativa de rica tradici\u00f3n. La calidad del producto se basa en una combinaci\u00f3n \u00fanica de competencias, habilidades y recursos: empleados bien formados con conocimientos profesionales, el know-how necesario, modernos sistemas de producci\u00f3n, as\u00ed como la conciencia de calidad necesaria y presente en la empresa durante d\u00e9cadas.<\/span><\/p>\n<p>[\/vc_column_text][\/vc_column][vc_column width=\u00bb1\/3&#8243; el_class=\u00bbtext_image_box\u00bb][vc_column_text]<\/p>\n<h4 class=\"p1\"><span class=\"s1\">Cooperaci\u00f3n<\/span><\/h4>\n<p>[\/vc_column_text][vc_single_image image=\u00bb1078&#8243;][vc_column_text]<\/p>\n<p class=\"p1\"><span class=\"s1\">Nuestra actividad comercial y nuestros esfuerzos se centran en los clientes y sus necesidades. La orientaci\u00f3n al cliente, la integridad y la acci\u00f3n responsable caracterizan las relaciones con nuestros clientes, as\u00ed como la colaboraci\u00f3n dentro de nuestra empresa. Concedemos importancia a un di\u00e1logo comunicativo y abierto con nuestros clientes y proveedores para alcanzar objetivos comunes en toda la cadena de valor.<\/span><\/p>\n<p>[\/vc_column_text][\/vc_column][vc_column width=\u00bb1\/3&#8243; el_class=\u00bbtext_image_box\u00bb][vc_column_text]<\/p>\n<h4 class=\"p1\"><span class=\"s1\">Continuidad<\/span><\/h4>\n<p>[\/vc_column_text][vc_single_image image=\u00bb1077&#8243;][vc_column_text]<\/p>\n<p class=\"p1\"><span class=\"s1\">La empresa Treiber Trays es sin\u00f3nimo de productos de alta calidad en la quinta generaci\u00f3n. Partiendo de estos conocimientos y experiencia, la direcci\u00f3n y los empleados de nuestra empresa seguir\u00e1n trabajando d\u00eda a d\u00eda para mantener, tambi\u00e9n en el futuro la excelente reputaci\u00f3n internacional de la empresa y su tradici\u00f3n.<\/span><\/p>\n<p>[\/vc_column_text][\/vc_column][\/vc_row][vc_row dhsv_margin_bottom=\u00bbvc-margin-bottom-medium\u00bb][vc_column][dhsv_vc_imagegallery slider=\u00bb%5B%7B%22image%22%3A%221602%22%7D%2C%7B%22image%22%3A%221604%22%7D%2C%7B%22image%22%3A%221603%22%7D%2C%7B%22image%22%3A%221605%22%7D%5D\u00bb][\/vc_column][\/vc_row]<\/p>\n<\/div>","protected":false},"excerpt":{"rendered":"<p>[vc_row full_width=\u00bbstretch_row_content_no_spaces\u00bb dhsv_parallaxcontent=\u00bbparallaxcontent\u00bb dhsv_background_color=\u00bbbg_black\u00bb dhsv_margin_top=\u00bbvc-margin-top-none\u00bb][vc_column][dhsv_vc_header bgimage=\u00bb1069&#8243; subline=\u00bbValores\u00bb headline1=\u00bbCALIDAD\u00bb headline2=\u00bbGRACIAS A SU COMPETENCIA, COOPERACI\u00d3N Y CONTINUIDAD\u00bb][\/vc_column][\/vc_row][vc_row dhsv_margin_top=\u00bbvc-margin-top-large\u00bb dhsv_margin_bottom=\u00bbvc-margin-bottom-large\u00bb][vc_column width=\u00bb2\/3&#8243;][vc_column_text] En el contexto din\u00e1mico de los mercados globalizados, valores como competencia, cooperaci\u00f3n y continuidad constituyen la esencia de nuestra empresa y la<\/p>\n","protected":false},"author":5,"featured_media":0,"parent":1851,"menu_order":0,"comment_status":"closed","ping_status":"closed","template":"","meta":{"_acf_changed":false,"footnotes":""},"class_list":["post-1853","page","type-page","status-publish","hentry"],"acf":[],"yoast_head":"<!-- This site is optimized with the Yoast SEO plugin v27.3 - https:\/\/yoast.com\/product\/yoast-seo-wordpress\/ -->\n<title>Valores - Treiber Trays<\/title>\n<meta name=\"robots\" content=\"index, follow, max-snippet:-1, max-image-preview:large, max-video-preview:-1\" \/>\n<link rel=\"canonical\" href=\"https:\/\/www.treiber-trays.com\/es\/company\/values\/\" \/>\n<meta property=\"og:locale\" content=\"es_ES\" \/>\n<meta property=\"og:type\" content=\"article\" \/>\n<meta property=\"og:title\" content=\"Valores - Treiber Trays\" \/>\n<meta property=\"og:description\" content=\"[vc_row full_width=\u00bbstretch_row_content_no_spaces\u00bb dhsv_parallaxcontent=\u00bbparallaxcontent\u00bb dhsv_background_color=\u00bbbg_black\u00bb dhsv_margin_top=\u00bbvc-margin-top-none\u00bb][vc_column][dhsv_vc_header bgimage=\u00bb1069&#8243; subline=\u00bbValores\u00bb headline1=\u00bbCALIDAD\u00bb headline2=\u00bbGRACIAS A SU COMPETENCIA, COOPERACI\u00d3N Y CONTINUIDAD\u00bb][\/vc_column][\/vc_row][vc_row dhsv_margin_top=\u00bbvc-margin-top-large\u00bb dhsv_margin_bottom=\u00bbvc-margin-bottom-large\u00bb][vc_column width=\u00bb2\/3&#8243;][vc_column_text] En el contexto din\u00e1mico de los mercados globalizados, valores como competencia, cooperaci\u00f3n y continuidad constituyen la esencia de nuestra empresa y la\" \/>\n<meta property=\"og:url\" content=\"https:\/\/www.treiber-trays.com\/es\/company\/values\/\" \/>\n<meta property=\"og:site_name\" content=\"Treiber Trays\" \/>\n<meta property=\"article:modified_time\" content=\"2018-10-29T11:20:32+00:00\" \/>\n<meta name=\"twitter:label1\" content=\"Tiempo de lectura\" \/>\n\t<meta name=\"twitter:data1\" content=\"2 minutos\" \/>\n<script type=\"application\/ld+json\" class=\"yoast-schema-graph\">{\"@context\":\"https:\\\/\\\/schema.org\",\"@graph\":[{\"@type\":\"WebPage\",\"@id\":\"https:\\\/\\\/www.treiber-trays.com\\\/es\\\/company\\\/values\\\/\",\"url\":\"https:\\\/\\\/www.treiber-trays.com\\\/es\\\/company\\\/values\\\/\",\"name\":\"Valores - Treiber Trays\",\"isPartOf\":{\"@id\":\"https:\\\/\\\/www.treiber-trays.com\\\/es\\\/#website\"},\"datePublished\":\"2017-04-25T08:12:21+00:00\",\"dateModified\":\"2018-10-29T11:20:32+00:00\",\"breadcrumb\":{\"@id\":\"https:\\\/\\\/www.treiber-trays.com\\\/es\\\/company\\\/values\\\/#breadcrumb\"},\"inLanguage\":\"es\",\"potentialAction\":[{\"@type\":\"ReadAction\",\"target\":[\"https:\\\/\\\/www.treiber-trays.com\\\/es\\\/company\\\/values\\\/\"]}]},{\"@type\":\"BreadcrumbList\",\"@id\":\"https:\\\/\\\/www.treiber-trays.com\\\/es\\\/company\\\/values\\\/#breadcrumb\",\"itemListElement\":[{\"@type\":\"ListItem\",\"position\":1,\"name\":\"Home\",\"item\":\"https:\\\/\\\/www.treiber-trays.com\\\/es\\\/\"},{\"@type\":\"ListItem\",\"position\":2,\"name\":\"EMPRESA\",\"item\":\"https:\\\/\\\/www.treiber-trays.com\\\/es\\\/company\\\/\"},{\"@type\":\"ListItem\",\"position\":3,\"name\":\"Valores\"}]},{\"@type\":\"WebSite\",\"@id\":\"https:\\\/\\\/www.treiber-trays.com\\\/es\\\/#website\",\"url\":\"https:\\\/\\\/www.treiber-trays.com\\\/es\\\/\",\"name\":\"Treiber Trays\",\"description\":\"\",\"potentialAction\":[{\"@type\":\"SearchAction\",\"target\":{\"@type\":\"EntryPoint\",\"urlTemplate\":\"https:\\\/\\\/www.treiber-trays.com\\\/es\\\/?s={search_term_string}\"},\"query-input\":{\"@type\":\"PropertyValueSpecification\",\"valueRequired\":true,\"valueName\":\"search_term_string\"}}],\"inLanguage\":\"es\"}]}<\/script>\n<!-- \/ Yoast SEO plugin. -->","yoast_head_json":{"title":"Valores - Treiber Trays","robots":{"index":"index","follow":"follow","max-snippet":"max-snippet:-1","max-image-preview":"max-image-preview:large","max-video-preview":"max-video-preview:-1"},"canonical":"https:\/\/www.treiber-trays.com\/es\/company\/values\/","og_locale":"es_ES","og_type":"article","og_title":"Valores - Treiber Trays","og_description":"[vc_row full_width=\u00bbstretch_row_content_no_spaces\u00bb dhsv_parallaxcontent=\u00bbparallaxcontent\u00bb dhsv_background_color=\u00bbbg_black\u00bb dhsv_margin_top=\u00bbvc-margin-top-none\u00bb][vc_column][dhsv_vc_header bgimage=\u00bb1069&#8243; subline=\u00bbValores\u00bb headline1=\u00bbCALIDAD\u00bb headline2=\u00bbGRACIAS A SU COMPETENCIA, COOPERACI\u00d3N Y CONTINUIDAD\u00bb][\/vc_column][\/vc_row][vc_row dhsv_margin_top=\u00bbvc-margin-top-large\u00bb dhsv_margin_bottom=\u00bbvc-margin-bottom-large\u00bb][vc_column width=\u00bb2\/3&#8243;][vc_column_text] En el contexto din\u00e1mico de los mercados globalizados, valores como competencia, cooperaci\u00f3n y continuidad constituyen la esencia de nuestra empresa y la","og_url":"https:\/\/www.treiber-trays.com\/es\/company\/values\/","og_site_name":"Treiber Trays","article_modified_time":"2018-10-29T11:20:32+00:00","twitter_misc":{"Tiempo de lectura":"2 minutos"},"schema":{"@context":"https:\/\/schema.org","@graph":[{"@type":"WebPage","@id":"https:\/\/www.treiber-trays.com\/es\/company\/values\/","url":"https:\/\/www.treiber-trays.com\/es\/company\/values\/","name":"Valores - Treiber Trays","isPartOf":{"@id":"https:\/\/www.treiber-trays.com\/es\/#website"},"datePublished":"2017-04-25T08:12:21+00:00","dateModified":"2018-10-29T11:20:32+00:00","breadcrumb":{"@id":"https:\/\/www.treiber-trays.com\/es\/company\/values\/#breadcrumb"},"inLanguage":"es","potentialAction":[{"@type":"ReadAction","target":["https:\/\/www.treiber-trays.com\/es\/company\/values\/"]}]},{"@type":"BreadcrumbList","@id":"https:\/\/www.treiber-trays.com\/es\/company\/values\/#breadcrumb","itemListElement":[{"@type":"ListItem","position":1,"name":"Home","item":"https:\/\/www.treiber-trays.com\/es\/"},{"@type":"ListItem","position":2,"name":"EMPRESA","item":"https:\/\/www.treiber-trays.com\/es\/company\/"},{"@type":"ListItem","position":3,"name":"Valores"}]},{"@type":"WebSite","@id":"https:\/\/www.treiber-trays.com\/es\/#website","url":"https:\/\/www.treiber-trays.com\/es\/","name":"Treiber Trays","description":"","potentialAction":[{"@type":"SearchAction","target":{"@type":"EntryPoint","urlTemplate":"https:\/\/www.treiber-trays.com\/es\/?s={search_term_string}"},"query-input":{"@type":"PropertyValueSpecification","valueRequired":true,"valueName":"search_term_string"}}],"inLanguage":"es"}]}},"_links":{"self":[{"href":"https:\/\/www.treiber-trays.com\/es\/wp-json\/wp\/v2\/pages\/1853","targetHints":{"allow":["GET"]}}],"collection":[{"href":"https:\/\/www.treiber-trays.com\/es\/wp-json\/wp\/v2\/pages"}],"about":[{"href":"https:\/\/www.treiber-trays.com\/es\/wp-json\/wp\/v2\/types\/page"}],"author":[{"embeddable":true,"href":"https:\/\/www.treiber-trays.com\/es\/wp-json\/wp\/v2\/users\/5"}],"replies":[{"embeddable":true,"href":"https:\/\/www.treiber-trays.com\/es\/wp-json\/wp\/v2\/comments?post=1853"}],"version-history":[{"count":5,"href":"https:\/\/www.treiber-trays.com\/es\/wp-json\/wp\/v2\/pages\/1853\/revisions"}],"predecessor-version":[{"id":2568,"href":"https:\/\/www.treiber-trays.com\/es\/wp-json\/wp\/v2\/pages\/1853\/revisions\/2568"}],"up":[{"embeddable":true,"href":"https:\/\/www.treiber-trays.com\/es\/wp-json\/wp\/v2\/pages\/1851"}],"wp:attachment":[{"href":"https:\/\/www.treiber-trays.com\/es\/wp-json\/wp\/v2\/media?parent=1853"}],"curies":[{"name":"wp","href":"https:\/\/api.w.org\/{rel}","templated":true}]}}