{"id":1854,"date":"2017-04-25T10:13:51","date_gmt":"2017-04-25T08:13:51","guid":{"rendered":"https:\/\/www.treiber-trays.com\/company\/management-history\/"},"modified":"2017-09-19T10:16:42","modified_gmt":"2017-09-19T08:16:42","slug":"management-history","status":"publish","type":"page","link":"https:\/\/www.treiber-trays.com\/es\/company\/management-history\/","title":{"rendered":"HISTORIA Y GESTI\u00d3N"},"content":{"rendered":"<div class=\"wpb-content-wrapper\"><p>[vc_row full_width=\u00bbstretch_row_content_no_spaces\u00bb dhsv_parallaxcontent=\u00bbparallaxcontent\u00bb dhsv_background_color=\u00bbbg_black\u00bb dhsv_margin_top=\u00bbvc-margin-top-none\u00bb][vc_column][dhsv_vc_header bgimage=\u00bb1211&#8243; subline=\u00bbHISTORIA Y GESTI\u00d3N\u00bb headline1=\u00bbUNA HISTORIA DE CONTINUIDAD Y CAMBIO. \u00bb headline2=\u00bbTRADICI\u00d3N E INNOVACI\u00d3N\u00bb][\/vc_column][\/vc_row][vc_row][vc_column width=\u00bb2\/3&#8243;][vc_column_text]<\/p>\n<p class=\"p1 intro\"><span class=\"s1\">Treiber Trays es una empresa familiar en la quinta generaci\u00f3n. Durante m\u00e1s de setenta a\u00f1os, esta empresa ha suministrado bandejas para almid\u00f3n a clientes de la industria confitera a nivel mundial. Sin embargo, las ra\u00edces y el alcance de esta empresa se remontan mucho m\u00e1s all\u00e1.<\/span><\/p>\n<p class=\"p1 intro\"><span class=\"s1\">Cada generaci\u00f3n aporta nuevos desaf\u00edos, y desde sus or\u00edgenes, Treiber Trays ha estado abierta a nuevos avances en cuanto a tecnolog\u00eda y materiales. A partir del momento de su fundaci\u00f3n como taller de fabricaci\u00f3n y reparaci\u00f3n de carros, esta empresa se ha convertido en un proveedor l\u00edder mundial de bandejas para almid\u00f3n destinadas a la industria confitera bajo el liderazgo de un mec\u00e1nico de precisi\u00f3n del metal y actualmente se est\u00e1 expandiendo en el mundo de los pl\u00e1sticos.<\/span><\/p>\n<p>[\/vc_column_text][\/vc_column][vc_column width=\u00bb1\/3&#8243;][\/vc_column][\/vc_row][vc_row][vc_column width=\u00bb1\/3&#8243;][vc_column_text]<\/p>\n<h2 class=\"p1\">Treiber Trays<\/h2>\n<h2 class=\"p1\">Gesti\u00f3n<\/h2>\n<p>[\/vc_column_text][\/vc_column][vc_column width=\u00bb1\/3&#8243;][vc_single_image image=\u00bb1214&#8243;][vc_column_text]<\/p>\n<h3><strong>Gerhard Treiber<\/strong><\/h3>\n<h3>CEO<\/h3>\n<p>En su funci\u00f3n de Gerente, Gerhard Treiber garantiza el cumplimiento de los est\u00e1ndares de calidad y continuidad dentro de la empresa, asumiendo la responsabilidad de la presencia de Treiber Trays a nivel mundial.<\/p>\n<p>Gerhard Treiber realiz\u00f3 los estudios de ingenier\u00eda industrial en el Instituto de Tecnolog\u00eda de Karlsruhe (Alemania) y, gracias a su combinaci\u00f3n \u00fanica de conocimientos t\u00e9cnicos y de negocios, cuenta con una excelente preparaci\u00f3n para satisfacer las necesidades clientes determinados.[\/vc_column_text][\/vc_column][vc_column width=\u00bb1\/3&#8243;][vc_single_image image=\u00bb1213&#8243;][vc_column_text]<\/p>\n<h3><strong>Thomas Treiber<\/strong><\/h3>\n<h3>CEO<\/h3>\n<p>Thomas Treiber supervisa el desarrollo empresarial de la compa\u00f1\u00eda.<\/p>\n<p>Graduado en Administraci\u00f3n de Empresas por la Universidad libre de Berl\u00edn, Thomas Treiber ha pasado varios meses en la Universidad de Navarra en Pamplona, as\u00ed como un a\u00f1o de investigaci\u00f3n en Londres. Gracias a una beca de la Fundaci\u00f3n alemana Konrad Adenauer, Thomas Treiber realiz\u00f3 el doctorado en la universidad alemana de Witten\/Herdecke y en la universidad libre de Berl\u00edn.[\/vc_column_text][\/vc_column][\/vc_row][vc_row full_width=\u00bbstretch_row\u00bb dhsv_background_color=\u00bbbg_light_gray\u00bb][vc_column][dhsv_vc_history slider=\u00bb%5B%7B%22year%22%3A%221875%22%2C%22title%22%3A%22El%20TALLER%20DE%20UN%20FABRICANTE%20Y%20MEC%C3%81NICO%20DE%20CARROS%22%2C%22desc%22%3A%22Treiber%20Trays%20se%20fund%C3%B3%20en%20una%20%C3%A9poca%20en%20la%20que%20todav%C3%ADa%20las%20calles%20estaban%20abarrotadas%20de%20carruajes%20de%20caballos.%20Las%20dos%20primeras%20generaciones%20de%20la%20empresa%20se%20dedicaron%20a%20la%20fabricaci%C3%B3n%20de%20estructuras%20y%20ruedas%20de%20madera%20y%20metal%20para%20estos%20veh%C3%ADculos.%22%7D%2C%7B%22year%22%3A%221945%22%2C%22title%22%3A%22RENOVACI%C3%93N%20ESTRAT%C3%89GICA%22%2C%22desc%22%3A%22El%20avance%20de%20los%20neum%C3%A1ticos%20de%20autom%C3%B3viles%20y%20de%20caucho%20requer%C3%ADa%20un%20cambio%20estrat%C3%A9gico.%20Con%20gran%20esp%C3%ADritu%20emprendedor%20e%20inventiva%2C%20se%20probaron%20una%20amplia%20gama%20de%20diferentes%20productos%20nuevos%2C%20incluyendo%20componentes%20de%20m%C3%A1quinas%20de%20coser%20y%20muebles.%22%7D%2C%7B%22year%22%3A%221947%22%2C%22title%22%3A%22PRIMERAS%20BANDEJAS%20PARA%20ALMID%C3%93N%22%2C%22desc%22%3A%22Entre%20varios%20productos%2C%20la%20empresa%20trabajaba%20con%20bandejas%20para%20almid%C3%B3n%20destinadas%20a%20la%20industria%20confitera%2C%20lo%20que%20result%C3%B3%20un%20gran%20%C3%A9xito%2C%20convirti%C3%A9ndose%20as%C3%AD%20en%20pionera%20en%20la%20producci%C3%B3n%20industrial%20de%20bandejas.%22%7D%2C%7B%22year%22%3A%22D%C3%A9cada%20de%20los%2070%22%2C%22title%22%3A%22EXPANSI%C3%93N%20INTERNACIONAL%22%2C%22desc%22%3A%22A%20rapid%20increase%20in%20El%20vertiginoso%20aumento%20de%20la%20popularidad%20de%20los%20productos%20de%20goma%20y%20gelatina%2C%20trajo%20consigo%20que%20en%201965%20se%20exportaran%20las%20primeras%20bandejas%20a%20Am%C3%A9rica%20del%20Norte.%20En%20los%20a%C3%B1os%20siguientes%2C%20Treiber%20Trays%20comenz%C3%B3%20a%20exportar%20a%20Asia%2C%20Sudam%C3%A9rica%20y%20%C3%81frica.popularity%20of%20gum%20and%20jelly%20products%20meant%20that%2C%20in%201965%2C%20the%20first%20trays%20were%20exported%20overseas%20to%20North%20America.%20In%20the%20years%20to%20come%2C%20Treiber%20Trays%20started%20to%20export%20to%20Asia%2C%20South%20America%20and%20Africa.%22%7D%2C%7B%22year%22%3A%222017%22%2C%22title%22%3A%22BANDEJAS%20DE%20PL%C3%81STICO%22%2C%22desc%22%3A%22Con%20el%20fin%20de%20satisfacer%20las%20necesidades%20de%20todos%20nuestros%20clientes%20en%20la%20industria%20confiter%C3%ADa%2C%20Treiber%20Trays%20ampli%C3%B3%20su%20gama%20de%20productos%20para%20incluir%20bandejas%20de%20pl%C3%A1stico.%22%7D%5D\u00bb][\/vc_column][\/vc_row][vc_row][vc_column width=\u00bb1\/3&#8243;][vc_column_text]<\/p>\n<blockquote><p>\u00bbGarantizamos un funcionamiento altamente productivo y fiable de los equipos de moldeo de almid\u00f3n que se traduce en una mayor productividad y rentabilidad para nuestros clientes\u00ab<\/p><\/blockquote>\n<p>[\/vc_column_text][\/vc_column][vc_column width=\u00bb2\/3&#8243;][vc_single_image image=\u00bb1216&#8243;][\/vc_column][\/vc_row]<\/p>\n<\/div>","protected":false},"excerpt":{"rendered":"<p>[vc_row full_width=\u00bbstretch_row_content_no_spaces\u00bb dhsv_parallaxcontent=\u00bbparallaxcontent\u00bb dhsv_background_color=\u00bbbg_black\u00bb dhsv_margin_top=\u00bbvc-margin-top-none\u00bb][vc_column][dhsv_vc_header bgimage=\u00bb1211&#8243; subline=\u00bbHISTORIA Y GESTI\u00d3N\u00bb headline1=\u00bbUNA HISTORIA DE CONTINUIDAD Y CAMBIO. \u00bb headline2=\u00bbTRADICI\u00d3N E INNOVACI\u00d3N\u00bb][\/vc_column][\/vc_row][vc_row][vc_column width=\u00bb2\/3&#8243;][vc_column_text] Treiber Trays es una empresa familiar en la quinta generaci\u00f3n. Durante m\u00e1s de setenta a\u00f1os, esta empresa ha suministrado bandejas<\/p>\n","protected":false},"author":5,"featured_media":0,"parent":1851,"menu_order":0,"comment_status":"closed","ping_status":"closed","template":"","meta":{"_acf_changed":false,"footnotes":""},"class_list":["post-1854","page","type-page","status-publish","hentry"],"acf":[],"yoast_head":"<!-- This site is optimized with the Yoast SEO plugin v27.3 - https:\/\/yoast.com\/product\/yoast-seo-wordpress\/ -->\n<title>HISTORIA Y GESTI\u00d3N - Treiber Trays<\/title>\n<meta name=\"robots\" content=\"index, follow, max-snippet:-1, max-image-preview:large, max-video-preview:-1\" \/>\n<link rel=\"canonical\" href=\"https:\/\/www.treiber-trays.com\/es\/company\/management-history\/\" \/>\n<meta property=\"og:locale\" content=\"es_ES\" \/>\n<meta property=\"og:type\" content=\"article\" \/>\n<meta property=\"og:title\" content=\"HISTORIA Y GESTI\u00d3N - Treiber Trays\" \/>\n<meta property=\"og:description\" content=\"[vc_row full_width=\u00bbstretch_row_content_no_spaces\u00bb dhsv_parallaxcontent=\u00bbparallaxcontent\u00bb dhsv_background_color=\u00bbbg_black\u00bb dhsv_margin_top=\u00bbvc-margin-top-none\u00bb][vc_column][dhsv_vc_header bgimage=\u00bb1211&#8243; subline=\u00bbHISTORIA Y GESTI\u00d3N\u00bb headline1=\u00bbUNA HISTORIA DE CONTINUIDAD Y CAMBIO. \u00bb headline2=\u00bbTRADICI\u00d3N E INNOVACI\u00d3N\u00bb][\/vc_column][\/vc_row][vc_row][vc_column width=\u00bb2\/3&#8243;][vc_column_text] Treiber Trays es una empresa familiar en la quinta generaci\u00f3n. Durante m\u00e1s de setenta a\u00f1os, esta empresa ha suministrado bandejas\" \/>\n<meta property=\"og:url\" content=\"https:\/\/www.treiber-trays.com\/es\/company\/management-history\/\" \/>\n<meta property=\"og:site_name\" content=\"Treiber Trays\" \/>\n<meta property=\"article:modified_time\" content=\"2017-09-19T08:16:42+00:00\" \/>\n<meta name=\"twitter:label1\" content=\"Tiempo de lectura\" \/>\n\t<meta name=\"twitter:data1\" content=\"4 minutos\" \/>\n<script type=\"application\/ld+json\" class=\"yoast-schema-graph\">{\"@context\":\"https:\\\/\\\/schema.org\",\"@graph\":[{\"@type\":\"WebPage\",\"@id\":\"https:\\\/\\\/www.treiber-trays.com\\\/es\\\/company\\\/management-history\\\/\",\"url\":\"https:\\\/\\\/www.treiber-trays.com\\\/es\\\/company\\\/management-history\\\/\",\"name\":\"HISTORIA Y GESTI\u00d3N - Treiber Trays\",\"isPartOf\":{\"@id\":\"https:\\\/\\\/www.treiber-trays.com\\\/es\\\/#website\"},\"datePublished\":\"2017-04-25T08:13:51+00:00\",\"dateModified\":\"2017-09-19T08:16:42+00:00\",\"breadcrumb\":{\"@id\":\"https:\\\/\\\/www.treiber-trays.com\\\/es\\\/company\\\/management-history\\\/#breadcrumb\"},\"inLanguage\":\"es\",\"potentialAction\":[{\"@type\":\"ReadAction\",\"target\":[\"https:\\\/\\\/www.treiber-trays.com\\\/es\\\/company\\\/management-history\\\/\"]}]},{\"@type\":\"BreadcrumbList\",\"@id\":\"https:\\\/\\\/www.treiber-trays.com\\\/es\\\/company\\\/management-history\\\/#breadcrumb\",\"itemListElement\":[{\"@type\":\"ListItem\",\"position\":1,\"name\":\"Home\",\"item\":\"https:\\\/\\\/www.treiber-trays.com\\\/es\\\/\"},{\"@type\":\"ListItem\",\"position\":2,\"name\":\"EMPRESA\",\"item\":\"https:\\\/\\\/www.treiber-trays.com\\\/es\\\/company\\\/\"},{\"@type\":\"ListItem\",\"position\":3,\"name\":\"HISTORIA Y GESTI\u00d3N\"}]},{\"@type\":\"WebSite\",\"@id\":\"https:\\\/\\\/www.treiber-trays.com\\\/es\\\/#website\",\"url\":\"https:\\\/\\\/www.treiber-trays.com\\\/es\\\/\",\"name\":\"Treiber Trays\",\"description\":\"\",\"potentialAction\":[{\"@type\":\"SearchAction\",\"target\":{\"@type\":\"EntryPoint\",\"urlTemplate\":\"https:\\\/\\\/www.treiber-trays.com\\\/es\\\/?s={search_term_string}\"},\"query-input\":{\"@type\":\"PropertyValueSpecification\",\"valueRequired\":true,\"valueName\":\"search_term_string\"}}],\"inLanguage\":\"es\"}]}<\/script>\n<!-- \/ Yoast SEO plugin. -->","yoast_head_json":{"title":"HISTORIA Y GESTI\u00d3N - Treiber Trays","robots":{"index":"index","follow":"follow","max-snippet":"max-snippet:-1","max-image-preview":"max-image-preview:large","max-video-preview":"max-video-preview:-1"},"canonical":"https:\/\/www.treiber-trays.com\/es\/company\/management-history\/","og_locale":"es_ES","og_type":"article","og_title":"HISTORIA Y GESTI\u00d3N - Treiber Trays","og_description":"[vc_row full_width=\u00bbstretch_row_content_no_spaces\u00bb dhsv_parallaxcontent=\u00bbparallaxcontent\u00bb dhsv_background_color=\u00bbbg_black\u00bb dhsv_margin_top=\u00bbvc-margin-top-none\u00bb][vc_column][dhsv_vc_header bgimage=\u00bb1211&#8243; subline=\u00bbHISTORIA Y GESTI\u00d3N\u00bb headline1=\u00bbUNA HISTORIA DE CONTINUIDAD Y CAMBIO. \u00bb headline2=\u00bbTRADICI\u00d3N E INNOVACI\u00d3N\u00bb][\/vc_column][\/vc_row][vc_row][vc_column width=\u00bb2\/3&#8243;][vc_column_text] Treiber Trays es una empresa familiar en la quinta generaci\u00f3n. Durante m\u00e1s de setenta a\u00f1os, esta empresa ha suministrado bandejas","og_url":"https:\/\/www.treiber-trays.com\/es\/company\/management-history\/","og_site_name":"Treiber Trays","article_modified_time":"2017-09-19T08:16:42+00:00","twitter_misc":{"Tiempo de lectura":"4 minutos"},"schema":{"@context":"https:\/\/schema.org","@graph":[{"@type":"WebPage","@id":"https:\/\/www.treiber-trays.com\/es\/company\/management-history\/","url":"https:\/\/www.treiber-trays.com\/es\/company\/management-history\/","name":"HISTORIA Y GESTI\u00d3N - Treiber Trays","isPartOf":{"@id":"https:\/\/www.treiber-trays.com\/es\/#website"},"datePublished":"2017-04-25T08:13:51+00:00","dateModified":"2017-09-19T08:16:42+00:00","breadcrumb":{"@id":"https:\/\/www.treiber-trays.com\/es\/company\/management-history\/#breadcrumb"},"inLanguage":"es","potentialAction":[{"@type":"ReadAction","target":["https:\/\/www.treiber-trays.com\/es\/company\/management-history\/"]}]},{"@type":"BreadcrumbList","@id":"https:\/\/www.treiber-trays.com\/es\/company\/management-history\/#breadcrumb","itemListElement":[{"@type":"ListItem","position":1,"name":"Home","item":"https:\/\/www.treiber-trays.com\/es\/"},{"@type":"ListItem","position":2,"name":"EMPRESA","item":"https:\/\/www.treiber-trays.com\/es\/company\/"},{"@type":"ListItem","position":3,"name":"HISTORIA Y GESTI\u00d3N"}]},{"@type":"WebSite","@id":"https:\/\/www.treiber-trays.com\/es\/#website","url":"https:\/\/www.treiber-trays.com\/es\/","name":"Treiber Trays","description":"","potentialAction":[{"@type":"SearchAction","target":{"@type":"EntryPoint","urlTemplate":"https:\/\/www.treiber-trays.com\/es\/?s={search_term_string}"},"query-input":{"@type":"PropertyValueSpecification","valueRequired":true,"valueName":"search_term_string"}}],"inLanguage":"es"}]}},"_links":{"self":[{"href":"https:\/\/www.treiber-trays.com\/es\/wp-json\/wp\/v2\/pages\/1854","targetHints":{"allow":["GET"]}}],"collection":[{"href":"https:\/\/www.treiber-trays.com\/es\/wp-json\/wp\/v2\/pages"}],"about":[{"href":"https:\/\/www.treiber-trays.com\/es\/wp-json\/wp\/v2\/types\/page"}],"author":[{"embeddable":true,"href":"https:\/\/www.treiber-trays.com\/es\/wp-json\/wp\/v2\/users\/5"}],"replies":[{"embeddable":true,"href":"https:\/\/www.treiber-trays.com\/es\/wp-json\/wp\/v2\/comments?post=1854"}],"version-history":[{"count":4,"href":"https:\/\/www.treiber-trays.com\/es\/wp-json\/wp\/v2\/pages\/1854\/revisions"}],"predecessor-version":[{"id":2248,"href":"https:\/\/www.treiber-trays.com\/es\/wp-json\/wp\/v2\/pages\/1854\/revisions\/2248"}],"up":[{"embeddable":true,"href":"https:\/\/www.treiber-trays.com\/es\/wp-json\/wp\/v2\/pages\/1851"}],"wp:attachment":[{"href":"https:\/\/www.treiber-trays.com\/es\/wp-json\/wp\/v2\/media?parent=1854"}],"curies":[{"name":"wp","href":"https:\/\/api.w.org\/{rel}","templated":true}]}}