{"id":1859,"date":"2017-04-30T13:14:29","date_gmt":"2017-04-30T11:14:29","guid":{"rendered":"https:\/\/www.treiber-trays.com\/other-products\/"},"modified":"2017-09-19T12:05:00","modified_gmt":"2017-09-19T10:05:00","slug":"other-products","status":"publish","type":"page","link":"https:\/\/www.treiber-trays.com\/es\/other-products\/","title":{"rendered":"OTROS PRODUCTOS"},"content":{"rendered":"<div class=\"wpb-content-wrapper\"><p>[vc_row][vc_column][vc_empty_space height=\u00bb140&#8243;][dhsv_vc_headline subline=\u00bbOTROS PRODUCTOS\u00bb headline1=\u00bbSOLUCIONES DE CALIDAD \u00bb headline2=\u00bbPARA TODAS LAS NECESIDADES\u00bb border_color=\u00bbred\u00bb][\/vc_column][\/vc_row][vc_row][vc_column width=\u00bb2\/3&#8243;][vc_column_text]<\/p>\n<p class=\"p1 intro\"><span class=\"s1\">\u00bfQu\u00e9 produce su empresa? El punto de partido de nuestras bandejas es su producto Treiber Trays ofrece una gama completa de bandejas que se utilizan tanto en la producci\u00f3n de confiter\u00eda, como en otros segmentos de procesado de alimentos o en la industria farmac\u00e9utica. Algunos clientes utilizan nuestras bandejas para elaborar productos de panader\u00eda, otros para secar frutas o pasta hecha a mano.<\/span><\/p>\n<p>[\/vc_column_text][\/vc_column][vc_column width=\u00bb1\/3&#8243;][\/vc_column][\/vc_row][vc_row][vc_column][dhsv_vc_product_teaser][\/vc_column][\/vc_row][vc_row dhsv_margin_top=\u00bbvc-margin-top-large\u00bb dhsv_margin_bottom=\u00bbvc-margin-bottom-medium\u00bb][vc_column width=\u00bb1\/4&#8243;][dhsv_vc_box title=\u00bbBANDEJAS DE PL\u00c1STICO O MADERA\u00bb subtitle=\u00bbSOLO MATERIALES DE PRIMERA CALIDAD\u00bb icon1=\u00bb1263&#8243;]Treiber Trays ofrece lo mejor de ambos mundos. No importa si usted prefiere el producto de madera natural probada o si utiliza bandejas de pl\u00e1stico, Treiber Trays garantiza un material de primera categor\u00eda: <a href=\"\/?p=1313\">la madera m\u00e1s dura <\/a>y pl\u00e1stico reforzado <a href=\"https:\/\/www.treiber-trays.com\/es\/product\/plastic-starch-trays\/material\/\">de vidrio de alta resistencia <\/a>[\/dhsv_vc_box][\/vc_column][vc_column width=\u00bb1\/4&#8243;][dhsv_vc_box title=\u00bbM\u00c1S ALTAS. M\u00c1S ANCHAS. A LA MEDIDA\u00bb subtitle=\u00bbSATISFACEMOS TODAS SUS NECESIDADES\u00bb icon1=\u00bb1264&#8243;]\u00bfNecesita una bandeja alta o plana, de 1.200 mm o 820 mm de ancho, de madera o de pl\u00e1stico? Nuestra experiencia abarca m\u00e1s de mil especificaciones diferentes de bandejas y nuestra <a href=\"https:\/\/www.treiber-trays.com\/es\/product\/plastic-starch-trays\/fabrication\/\">tecnolog\u00eda de procesamiento del pl\u00e1stico <\/a> y <a href=\"https:\/\/www.treiber-trays.com\/es\/product\/wood-starch-trays\/fabrication\/\">de la madera <\/a>ofrece una gama pr\u00e1cticamente ilimitada de variaciones.[\/dhsv_vc_box][\/vc_column][vc_column width=\u00bb1\/4&#8243;][dhsv_vc_box title=\u00bbBREVES PLAZOS DE ENTREGA\u00bb subtitle=\u00bbDESDE ALEMANIA AL RESTO DEL MUNDO\u00bb icon1=\u00bb1316&#8243;]No importa si usted tiene un proyecto importante a largo plazo o si necesita las bandejas de sustituci\u00f3n para ma\u00f1ana. Pueden ser 200.000 o 2.000 bandejas. La enorme capacidad de <a href=\"\/?page_id=847\">la planta de producci\u00f3n en la ciudad alemana de Heidelberg <\/a> y su proximidad a grandes puertos como Hamburgo y R\u00f3terdam, garantizan breves plazos de entrega.[\/dhsv_vc_box][\/vc_column][vc_column width=\u00bb1\/4&#8243;][dhsv_vc_box title=\u00bbMATERIAL SEGURO PARA LOS ALIMENTOS\u00bb subtitle=\u00bbLA SEGURIDAD ES LO PRIMERO\u00bb icon1=\u00bb1317&#8243;]La higiene y la seguridad son las prioridades esenciales en la producci\u00f3n de reposter\u00eda. Por este motivo utilizamos \u00fanicamente madera certificada y pl\u00e1stico homologado para alimentos. Asimismo, nuestras bandejas se someten continuamente a pruebas de laboratorio.[\/dhsv_vc_box][\/vc_column][\/vc_row]<\/p>\n<\/div>","protected":false},"excerpt":{"rendered":"<p>[vc_row][vc_column][vc_empty_space height=\u00bb140&#8243;][dhsv_vc_headline subline=\u00bbOTROS PRODUCTOS\u00bb headline1=\u00bbSOLUCIONES DE CALIDAD \u00bb headline2=\u00bbPARA TODAS LAS NECESIDADES\u00bb border_color=\u00bbred\u00bb][\/vc_column][\/vc_row][vc_row][vc_column width=\u00bb2\/3&#8243;][vc_column_text] \u00bfQu\u00e9 produce su empresa? El punto de partido de nuestras bandejas es su producto Treiber Trays ofrece una gama completa de bandejas que se utilizan tanto<\/p>\n","protected":false},"author":5,"featured_media":0,"parent":0,"menu_order":0,"comment_status":"closed","ping_status":"closed","template":"","meta":{"_acf_changed":false,"footnotes":""},"class_list":["post-1859","page","type-page","status-publish","hentry"],"acf":[],"yoast_head":"<!-- This site is optimized with the Yoast SEO plugin v27.3 - https:\/\/yoast.com\/product\/yoast-seo-wordpress\/ -->\n<title>OTROS PRODUCTOS - Treiber Trays<\/title>\n<meta name=\"robots\" content=\"index, follow, max-snippet:-1, max-image-preview:large, max-video-preview:-1\" \/>\n<link rel=\"canonical\" href=\"https:\/\/www.treiber-trays.com\/es\/other-products\/\" \/>\n<meta property=\"og:locale\" content=\"es_ES\" \/>\n<meta property=\"og:type\" content=\"article\" \/>\n<meta property=\"og:title\" content=\"OTROS PRODUCTOS - Treiber Trays\" \/>\n<meta property=\"og:description\" content=\"[vc_row][vc_column][vc_empty_space height=\u00bb140&#8243;][dhsv_vc_headline subline=\u00bbOTROS PRODUCTOS\u00bb headline1=\u00bbSOLUCIONES DE CALIDAD \u00bb headline2=\u00bbPARA TODAS LAS NECESIDADES\u00bb border_color=\u00bbred\u00bb][\/vc_column][\/vc_row][vc_row][vc_column width=\u00bb2\/3&#8243;][vc_column_text] \u00bfQu\u00e9 produce su empresa? El punto de partido de nuestras bandejas es su producto Treiber Trays ofrece una gama completa de bandejas que se utilizan tanto\" \/>\n<meta property=\"og:url\" content=\"https:\/\/www.treiber-trays.com\/es\/other-products\/\" \/>\n<meta property=\"og:site_name\" content=\"Treiber Trays\" \/>\n<meta property=\"article:modified_time\" content=\"2017-09-19T10:05:00+00:00\" \/>\n<meta name=\"twitter:label1\" content=\"Tiempo de lectura\" \/>\n\t<meta name=\"twitter:data1\" content=\"2 minutos\" \/>\n<script type=\"application\/ld+json\" class=\"yoast-schema-graph\">{\"@context\":\"https:\\\/\\\/schema.org\",\"@graph\":[{\"@type\":\"WebPage\",\"@id\":\"https:\\\/\\\/www.treiber-trays.com\\\/es\\\/other-products\\\/\",\"url\":\"https:\\\/\\\/www.treiber-trays.com\\\/es\\\/other-products\\\/\",\"name\":\"OTROS PRODUCTOS - Treiber Trays\",\"isPartOf\":{\"@id\":\"https:\\\/\\\/www.treiber-trays.com\\\/es\\\/#website\"},\"datePublished\":\"2017-04-30T11:14:29+00:00\",\"dateModified\":\"2017-09-19T10:05:00+00:00\",\"breadcrumb\":{\"@id\":\"https:\\\/\\\/www.treiber-trays.com\\\/es\\\/other-products\\\/#breadcrumb\"},\"inLanguage\":\"es\",\"potentialAction\":[{\"@type\":\"ReadAction\",\"target\":[\"https:\\\/\\\/www.treiber-trays.com\\\/es\\\/other-products\\\/\"]}]},{\"@type\":\"BreadcrumbList\",\"@id\":\"https:\\\/\\\/www.treiber-trays.com\\\/es\\\/other-products\\\/#breadcrumb\",\"itemListElement\":[{\"@type\":\"ListItem\",\"position\":1,\"name\":\"Home\",\"item\":\"https:\\\/\\\/www.treiber-trays.com\\\/es\\\/\"},{\"@type\":\"ListItem\",\"position\":2,\"name\":\"OTROS PRODUCTOS\"}]},{\"@type\":\"WebSite\",\"@id\":\"https:\\\/\\\/www.treiber-trays.com\\\/es\\\/#website\",\"url\":\"https:\\\/\\\/www.treiber-trays.com\\\/es\\\/\",\"name\":\"Treiber Trays\",\"description\":\"\",\"potentialAction\":[{\"@type\":\"SearchAction\",\"target\":{\"@type\":\"EntryPoint\",\"urlTemplate\":\"https:\\\/\\\/www.treiber-trays.com\\\/es\\\/?s={search_term_string}\"},\"query-input\":{\"@type\":\"PropertyValueSpecification\",\"valueRequired\":true,\"valueName\":\"search_term_string\"}}],\"inLanguage\":\"es\"}]}<\/script>\n<!-- \/ Yoast SEO plugin. -->","yoast_head_json":{"title":"OTROS PRODUCTOS - Treiber Trays","robots":{"index":"index","follow":"follow","max-snippet":"max-snippet:-1","max-image-preview":"max-image-preview:large","max-video-preview":"max-video-preview:-1"},"canonical":"https:\/\/www.treiber-trays.com\/es\/other-products\/","og_locale":"es_ES","og_type":"article","og_title":"OTROS PRODUCTOS - Treiber Trays","og_description":"[vc_row][vc_column][vc_empty_space height=\u00bb140&#8243;][dhsv_vc_headline subline=\u00bbOTROS PRODUCTOS\u00bb headline1=\u00bbSOLUCIONES DE CALIDAD \u00bb headline2=\u00bbPARA TODAS LAS NECESIDADES\u00bb border_color=\u00bbred\u00bb][\/vc_column][\/vc_row][vc_row][vc_column width=\u00bb2\/3&#8243;][vc_column_text] \u00bfQu\u00e9 produce su empresa? El punto de partido de nuestras bandejas es su producto Treiber Trays ofrece una gama completa de bandejas que se utilizan tanto","og_url":"https:\/\/www.treiber-trays.com\/es\/other-products\/","og_site_name":"Treiber Trays","article_modified_time":"2017-09-19T10:05:00+00:00","twitter_misc":{"Tiempo de lectura":"2 minutos"},"schema":{"@context":"https:\/\/schema.org","@graph":[{"@type":"WebPage","@id":"https:\/\/www.treiber-trays.com\/es\/other-products\/","url":"https:\/\/www.treiber-trays.com\/es\/other-products\/","name":"OTROS PRODUCTOS - Treiber Trays","isPartOf":{"@id":"https:\/\/www.treiber-trays.com\/es\/#website"},"datePublished":"2017-04-30T11:14:29+00:00","dateModified":"2017-09-19T10:05:00+00:00","breadcrumb":{"@id":"https:\/\/www.treiber-trays.com\/es\/other-products\/#breadcrumb"},"inLanguage":"es","potentialAction":[{"@type":"ReadAction","target":["https:\/\/www.treiber-trays.com\/es\/other-products\/"]}]},{"@type":"BreadcrumbList","@id":"https:\/\/www.treiber-trays.com\/es\/other-products\/#breadcrumb","itemListElement":[{"@type":"ListItem","position":1,"name":"Home","item":"https:\/\/www.treiber-trays.com\/es\/"},{"@type":"ListItem","position":2,"name":"OTROS PRODUCTOS"}]},{"@type":"WebSite","@id":"https:\/\/www.treiber-trays.com\/es\/#website","url":"https:\/\/www.treiber-trays.com\/es\/","name":"Treiber Trays","description":"","potentialAction":[{"@type":"SearchAction","target":{"@type":"EntryPoint","urlTemplate":"https:\/\/www.treiber-trays.com\/es\/?s={search_term_string}"},"query-input":{"@type":"PropertyValueSpecification","valueRequired":true,"valueName":"search_term_string"}}],"inLanguage":"es"}]}},"_links":{"self":[{"href":"https:\/\/www.treiber-trays.com\/es\/wp-json\/wp\/v2\/pages\/1859","targetHints":{"allow":["GET"]}}],"collection":[{"href":"https:\/\/www.treiber-trays.com\/es\/wp-json\/wp\/v2\/pages"}],"about":[{"href":"https:\/\/www.treiber-trays.com\/es\/wp-json\/wp\/v2\/types\/page"}],"author":[{"embeddable":true,"href":"https:\/\/www.treiber-trays.com\/es\/wp-json\/wp\/v2\/users\/5"}],"replies":[{"embeddable":true,"href":"https:\/\/www.treiber-trays.com\/es\/wp-json\/wp\/v2\/comments?post=1859"}],"version-history":[{"count":4,"href":"https:\/\/www.treiber-trays.com\/es\/wp-json\/wp\/v2\/pages\/1859\/revisions"}],"predecessor-version":[{"id":2222,"href":"https:\/\/www.treiber-trays.com\/es\/wp-json\/wp\/v2\/pages\/1859\/revisions\/2222"}],"wp:attachment":[{"href":"https:\/\/www.treiber-trays.com\/es\/wp-json\/wp\/v2\/media?parent=1859"}],"curies":[{"name":"wp","href":"https:\/\/api.w.org\/{rel}","templated":true}]}}