{"id":2206,"date":"2016-07-27T10:09:46","date_gmt":"2016-07-27T08:09:46","guid":{"rendered":"https:\/\/www.treiber-trays.com\/startseite\/"},"modified":"2017-09-14T10:00:28","modified_gmt":"2017-09-14T08:00:28","slug":"startseite","status":"publish","type":"page","link":"https:\/\/www.treiber-trays.com\/es\/","title":{"rendered":"Home"},"content":{"rendered":"<div class=\"wpb-content-wrapper\"><p>[vc_row full_width=\u00bbstretch_row_content_no_spaces\u00bb dhsv_parallaxcontent=\u00bbparallaxcontent\u00bb dhsv_margin_top=\u00bbvc-margin-top-none\u00bb dhsv_margin_bottom=\u00bbvc-margin-bottom-medium\u00bb][vc_column][dhsv_vc_startslider select_post=\u00bb\u00bb slider=\u00bb%5B%7B%22title%22%3A%22bandejas%20de%20gran%20calidad%20para%20almid%C3%B3n%22%2C%22subline%22%3A%22para%20su%20l%C3%ADnea%20mogul%22%2C%22text%22%3A%22Su%20dise%C3%B1o%20funcional%2C%20los%20materiales%20de%20alta%20calidad%20y%20un%20procesamiento%20preciso%20garantizan%20una%20operaci%C3%B3n%20sin%20problemas%20y%20de%20m%C3%A1xima%20eficiencia%20del%20equipo%20de%20moldeo%20de%20almid%C3%B3n.%22%2C%22image%22%3A%221474%22%2C%22link%22%3A%22url%3Ahttps%253A%252F%252Fwww.treiber-trays.com%252Fes%252Fproduct%252Fplastic-starch-trays%252Fin-operation%252F%7Ctitle%3AM%25C3%25A1s%2520informaci%25C3%25B3n%7C%7C%22%7D%2C%7B%22title%22%3A%22Calidad.%22%2C%22subline%22%3A%22Gracias%20a%20la%20innovaci%C3%B3n%22%2C%22text%22%3A%22El%20nuevo%20dise%C3%B1o%20patentado%20de%20la%20bandeja%20de%20pl%C3%A1stico%20reduce%20el%20tiempo%20de%20secado%20de%20sus%20productos%2C%20ahorra%20peso%20y%20garantiza%20precios%20competitivos.%22%2C%22image%22%3A%221625%22%2C%22link%22%3A%22url%3Ahttps%253A%252F%252Fwww.treiber-trays.com%252Fes%252Fproduct%252Fplastic-starch-trays%252F%7Ctitle%3AM%25C3%25A1s%2520informaci%25C3%25B3n%7C%7C%22%7D%2C%7B%22title%22%3A%22Calidad%22%2C%22subline%22%3A%22Aumente%20su%20productividad%22%2C%22text%22%3A%22Saque%20el%20mayor%20partido%20de%20su%20equipo%20de%20moldeo%20de%20almid%C3%B3n%20Sin%20atascos%20de%20la%20m%C3%A1quina%2C%20sin%20deslizamiento%20de%20las%20pilas.%20Menos%20tiempo%20de%20inactividad%2C%20m%C3%A1ximo%20rendimiento.%22%2C%22image%22%3A%221476%22%2C%22link%22%3A%22url%3Ahttps%253A%252F%252Fwww.treiber-trays.com%252Fes%252Fproduct%252Fplastic-starch-trays%252Fin-operation%252F%7Ctitle%3AM%25C3%25A1s%2520informaci%25C3%25B3n%7C%7C%22%7D%5D\u00bb][\/vc_column][\/vc_row][vc_row][vc_column width=\u00bb2\/3&#8243;][vc_column_text]<\/p>\n<p class=\"intro\">\u00bfEsta buscando nuevas bandejas para almid\u00f3n para su l\u00ednea mogul?<\/p>\n<p class=\"intro\"><a href=\"https:\/\/www.treiber-trays.com\/es\/company\/\"><strong>Treiber Trays<\/strong><\/a> es el proveedor l\u00edder a nivel mundial de <a href=\"https:\/\/www.treiber-trays.com\/es\/product\/wood-starch-trays\/\"><strong>bandejas para almidon<\/strong><\/a> para la industria confitera Durante m\u00e1s de <a href=\"https:\/\/www.treiber-trays.com\/es\/company\/management-history\/\"><strong>setenta a\u00f1os<\/strong><\/a>, clientes de m\u00e1s de cien pa\u00edses han confiado en las bandejas de Treiber Trays para el funcionamiento de sus equipos de moldeo de almid\u00f3n, desde <a href=\"http:\/\/www.boschpackaging.com\/de\/pa\/unternehmen\/standorte\/deutschland\/dierdorf-wienau.html\">Bosch Makat<\/a>, <a href=\"http:\/\/nid.com.au\/\">NID<\/a> or <a href=\"http:\/\/www.w-d.de\/de\/startseite.html\">Winkler und D\u00fcnnebier<\/a><\/p>\n<p>[\/vc_column_text][\/vc_column][vc_column width=\u00bb1\/3&#8243;][\/vc_column][\/vc_row][vc_row dhsv_margin_bottom=\u00bbvc-margin-bottom-medium\u00bb][vc_column][dhsv_vc_headline subline=\u00bbNUESTROS PRODUCTOS\u00bb headline1=\u00bbSOLUCIONES DE CALIDAD\u00bb headline2=\u00bbNUESTROS PRODUCTOS SOLUCIONES DE CALIDAD PARA TODAS LAS NECESIDADES\u00bb border_color=\u00bbred\u00bb][\/vc_column][\/vc_row][vc_row][vc_column][dhsv_vc_product_teaser checkfeatured=\u00bbyes\u00bb][\/vc_column][\/vc_row][vc_row el_id=\u00bbhidden-xs\u00bb el_class=\u00bbhidden-xs\u00bb][vc_column][vc_empty_space height=\u00bb30px\u00bb][vc_column_text]<\/p>\n<h3 class=\"p1\">DISE\u00d1O FUNCIONAL, MATERIALES DE EXCELENTE CALIDAD<\/h3>\n<h3 class=\"p1\">Y PROCESAMIENTO EXHAUSTIVO<\/h3>\n<p>[\/vc_column_text][vc_single_image image=\u00bb1062&#8243;][\/vc_column][\/vc_row][vc_row el_id=\u00bbvisible-xs\u00bb el_class=\u00bbvisible-xs\u00bb][vc_column][vc_empty_space height=\u00bb30px\u00bb][vc_column_text]<\/p>\n<h3 class=\"p1\">DISE\u00d1O FUNCIONAL, MATERIALES DE EXCELENTE CALIDAD<\/h3>\n<h3 class=\"p1\">Y PROCESAMIENTO EXHAUSTIVO<\/h3>\n<p>[\/vc_column_text][vc_single_image image=\u00bb1064&#8243;][\/vc_column][\/vc_row][vc_row dhsv_margin_top=\u00bbvc-margin-top-large\u00bb dhsv_margin_bottom=\u00bbvc-margin-bottom-medium\u00bb][vc_column width=\u00bb1\/4&#8243;][dhsv_vc_box title=\u00bbBANDEJAS DE PL\u00c1STICO O MADERA\u00bb subtitle=\u00bbSOLO MATERIALES DE PRIMERA CALIDAD\u00bb icon1=\u00bb1263&#8243;]Treiber Trays ofrece lo mejor de ambos mundos. No importa si usted prefiere el producto de madera natural probada o si utiliza las bandejas de pl\u00e1stico, Treiber Trays garantiza un material de primera categor\u00eda: <a href=\"\/?p=1313\">la madera m\u00e1s dura<\/a> y pl\u00e1stico reforzado <a href=\"https:\/\/www.treiber-trays.com\/es\/product\/plastic-starch-trays\/material\/\">de vidrio de alta resistencia <\/a>[\/dhsv_vc_box][\/vc_column][vc_column width=\u00bb1\/4&#8243;][dhsv_vc_box title=\u00bbCantidades peque\u00f1as y grandes\u00bb subtitle=\u00bbSATISFACEMOS TODAS SUS NECESIDADES\u00bb icon1=\u00bb1264&#8243;]\u00bfNecesita una bandeja alta o plana, de 1.200 mm o 820 mm de ancho, de madera o de pl\u00e1stico? Nuestra experiencia abarca m\u00e1s de mil especificaciones diferentes de bandejas y nuestra <a href=\"https:\/\/www.treiber-trays.com\/es\/product\/plastic-starch-trays\/fabrication\/\">tecnolog\u00eda de procesamiento del pl\u00e1stico <\/a>y <a href=\"https:\/\/www.treiber-trays.com\/es\/product\/wood-starch-trays\/fabrication\/\">de la madera<\/a> ofrece una gama pr\u00e1cticamente ilimitada de variaciones.[\/dhsv_vc_box][\/vc_column][vc_column width=\u00bb1\/4&#8243;][dhsv_vc_box title=\u00bbBREVES PLAZOS DE ENTREGA\u00bb subtitle=\u00bbDESDE ALEMANIA AL RESTO DEL MUNDO\u00bb icon1=\u00bb1316&#8243;]No importa si usted tiene un proyecto importante a largo plazo o si necesita las bandejas de sustituci\u00f3n para ma\u00f1ana. Pueden ser 200.000 o 2.000 bandejas. La enorme capacidad de <a href=\"\/?page_id=847\">la planta de pdoducci\u00f3n<\/a> en la ciudad alemana de Heidelberg y su proximidad a grandes puertos como Hamburgo y R\u00f3terdam, garantizan breves plazos de entrega.[\/dhsv_vc_box][\/vc_column][vc_column width=\u00bb1\/4&#8243;][dhsv_vc_box title=\u00bbMATERIAL SEGURO PARA LOS ALIMENTOS\u00bb subtitle=\u00bbLA SEGURIDAD ES LO PRIMERO\u00bb icon1=\u00bb1317&#8243;]La higiene y la seguridad son las prioridades esenciales en la producci\u00f3n de reposter\u00eda. Por este motivo utilizamos \u00fanicamente madera certificada y pl\u00e1stico homologado para alimentos. Asimismo, nuestras bandejas se someten continuamente a pruebas de laboratorio.[\/dhsv_vc_box][\/vc_column][\/vc_row][vc_row dhsv_margin_top=\u00bbvc-margin-top-large\u00bb dhsv_margin_bottom=\u00bbvc-margin-bottom-medium\u00bb][vc_column][dhsv_vc_headline subline=\u00bbPOR EXPERIENCIA\u00bb headline1=\u00bbCalidad\u00bb headline2=\u00bbDESDE ALEMANIA AL RESTO DEL MUNDO\u00bb border_color=\u00bbred\u00bb][\/vc_column][\/vc_row][vc_row][vc_column][dhsv_vc_world_teaser title=\u00bbEXPORTACI\u00d3N MUNDIAL\u00bb image=\u00bb915&#8243; link=\u00bburl:https%3A%2F%2Fwww.treiber-trays.com%2Fes%2Fcompany%2Ftreiber-trays-worldwide-2%2F|title:M%C3%A1s%20informaci%C3%B3n||\u00bb title_right=\u00bbPasi\u00f3n por los detalles desde 1875&#8243; image_right=\u00bb1535&#8243; text_right=\u00bbUna historia de continuidad, cambio, tradici\u00f3n e innovaci\u00f3n\u00bb link_right=\u00bburl:https%3A%2F%2Fwww.treiber-trays.com%2Fes%2Fcompany%2Fmanagement-history%2F|||\u00bb text=\u00bb\u00bb][\/vc_column][\/vc_row][vc_row disable_element=\u00bbyes\u00bb][vc_column][dhsv_vc_logoslider headline=\u00bbOur Customers\u00bb logos=\u00bb1138,1137,1136,1135,1134,1133,1132,1131,1130,1129,1128,1127,1126,1125,1124,1123,1122,1121,1120,1119,1118,1117,1116&#8243; checkslider=\u00bbslider\u00bb][\/vc_column][\/vc_row]<\/p>\n<\/div>","protected":false},"excerpt":{"rendered":"<p>[vc_row full_width=\u00bbstretch_row_content_no_spaces\u00bb dhsv_parallaxcontent=\u00bbparallaxcontent\u00bb dhsv_margin_top=\u00bbvc-margin-top-none\u00bb dhsv_margin_bottom=\u00bbvc-margin-bottom-medium\u00bb][vc_column][dhsv_vc_startslider select_post=\u00bb\u00bb slider=\u00bb%5B%7B%22title%22%3A%22bandejas%20de%20gran%20calidad%20para%20almid%C3%B3n%22%2C%22subline%22%3A%22para%20su%20l%C3%ADnea%20mogul%22%2C%22text%22%3A%22Su%20dise%C3%B1o%20funcional%2C%20los%20materiales%20de%20alta%20calidad%20y%20un%20procesamiento%20preciso%20garantizan%20una%20operaci%C3%B3n%20sin%20problemas%20y%20de%20m%C3%A1xima%20eficiencia%20del%20equipo%20de%20moldeo%20de%20almid%C3%B3n.%22%2C%22image%22%3A%221474%22%2C%22link%22%3A%22url%3Ahttps%253A%252F%252Fwww.treiber-trays.com%252Fes%252Fproduct%252Fplastic-starch-trays%252Fin-operation%252F%7Ctitle%3AM%25C3%25A1s%2520informaci%25C3%25B3n%7C%7C%22%7D%2C%7B%22title%22%3A%22Calidad.%22%2C%22subline%22%3A%22Gracias%20a%20la%20innovaci%C3%B3n%22%2C%22text%22%3A%22El%20nuevo%20dise%C3%B1o%20patentado%20de%20la%20bandeja%20de%20pl%C3%A1stico%20reduce%20el%20tiempo%20de%20secado%20de%20sus%20productos%2C%20ahorra%20peso%20y%20garantiza%20precios%20competitivos.%22%2C%22image%22%3A%221625%22%2C%22link%22%3A%22url%3Ahttps%253A%252F%252Fwww.treiber-trays.com%252Fes%252Fproduct%252Fplastic-starch-trays%252F%7Ctitle%3AM%25C3%25A1s%2520informaci%25C3%25B3n%7C%7C%22%7D%2C%7B%22title%22%3A%22Calidad%22%2C%22subline%22%3A%22Aumente%20su%20productividad%22%2C%22text%22%3A%22Saque%20el%20mayor%20partido%20de%20su%20equipo%20de%20moldeo%20de%20almid%C3%B3n%20Sin%20atascos%20de%20la%20m%C3%A1quina%2C%20sin%20deslizamiento%20de%20las%20pilas.%20Menos%20tiempo%20de%20inactividad%2C%20m%C3%A1ximo%20rendimiento.%22%2C%22image%22%3A%221476%22%2C%22link%22%3A%22url%3Ahttps%253A%252F%252Fwww.treiber-trays.com%252Fes%252Fproduct%252Fplastic-starch-trays%252Fin-operation%252F%7Ctitle%3AM%25C3%25A1s%2520informaci%25C3%25B3n%7C%7C%22%7D%5D\u00bb][\/vc_column][\/vc_row][vc_row][vc_column width=\u00bb2\/3&#8243;][vc_column_text] \u00bfEsta buscando nuevas bandejas para almid\u00f3n para su l\u00ednea mogul? Treiber Trays es el proveedor l\u00edder a nivel mundial de bandejas para almidon para la industria confitera Durante m\u00e1s de setenta a\u00f1os,<\/p>\n","protected":false},"author":5,"featured_media":0,"parent":0,"menu_order":0,"comment_status":"closed","ping_status":"closed","template":"","meta":{"_acf_changed":false,"footnotes":""},"class_list":["post-2206","page","type-page","status-publish","hentry"],"acf":[],"yoast_head":"<!-- This site is optimized with the Yoast SEO plugin v27.3 - https:\/\/yoast.com\/product\/yoast-seo-wordpress\/ -->\n<title>Home - Treiber Trays<\/title>\n<meta name=\"robots\" content=\"index, follow, max-snippet:-1, max-image-preview:large, max-video-preview:-1\" \/>\n<link rel=\"canonical\" href=\"https:\/\/www.treiber-trays.com\/es\/\" \/>\n<meta property=\"og:locale\" content=\"es_ES\" \/>\n<meta property=\"og:type\" content=\"article\" \/>\n<meta property=\"og:title\" content=\"Home - Treiber Trays\" \/>\n<meta property=\"og:description\" content=\"[vc_row full_width=\u00bbstretch_row_content_no_spaces\u00bb dhsv_parallaxcontent=\u00bbparallaxcontent\u00bb dhsv_margin_top=\u00bbvc-margin-top-none\u00bb dhsv_margin_bottom=\u00bbvc-margin-bottom-medium\u00bb][vc_column][dhsv_vc_startslider select_post=\u00bb\u00bb slider=\u00bb%5B%7B%22title%22%3A%22bandejas%20de%20gran%20calidad%20para%20almid%C3%B3n%22%2C%22subline%22%3A%22para%20su%20l%C3%ADnea%20mogul%22%2C%22text%22%3A%22Su%20dise%C3%B1o%20funcional%2C%20los%20materiales%20de%20alta%20calidad%20y%20un%20procesamiento%20preciso%20garantizan%20una%20operaci%C3%B3n%20sin%20problemas%20y%20de%20m%C3%A1xima%20eficiencia%20del%20equipo%20de%20moldeo%20de%20almid%C3%B3n.%22%2C%22image%22%3A%221474%22%2C%22link%22%3A%22url%3Ahttps%253A%252F%252Fwww.treiber-trays.com%252Fes%252Fproduct%252Fplastic-starch-trays%252Fin-operation%252F%7Ctitle%3AM%25C3%25A1s%2520informaci%25C3%25B3n%7C%7C%22%7D%2C%7B%22title%22%3A%22Calidad.%22%2C%22subline%22%3A%22Gracias%20a%20la%20innovaci%C3%B3n%22%2C%22text%22%3A%22El%20nuevo%20dise%C3%B1o%20patentado%20de%20la%20bandeja%20de%20pl%C3%A1stico%20reduce%20el%20tiempo%20de%20secado%20de%20sus%20productos%2C%20ahorra%20peso%20y%20garantiza%20precios%20competitivos.%22%2C%22image%22%3A%221625%22%2C%22link%22%3A%22url%3Ahttps%253A%252F%252Fwww.treiber-trays.com%252Fes%252Fproduct%252Fplastic-starch-trays%252F%7Ctitle%3AM%25C3%25A1s%2520informaci%25C3%25B3n%7C%7C%22%7D%2C%7B%22title%22%3A%22Calidad%22%2C%22subline%22%3A%22Aumente%20su%20productividad%22%2C%22text%22%3A%22Saque%20el%20mayor%20partido%20de%20su%20equipo%20de%20moldeo%20de%20almid%C3%B3n%20Sin%20atascos%20de%20la%20m%C3%A1quina%2C%20sin%20deslizamiento%20de%20las%20pilas.%20Menos%20tiempo%20de%20inactividad%2C%20m%C3%A1ximo%20rendimiento.%22%2C%22image%22%3A%221476%22%2C%22link%22%3A%22url%3Ahttps%253A%252F%252Fwww.treiber-trays.com%252Fes%252Fproduct%252Fplastic-starch-trays%252Fin-operation%252F%7Ctitle%3AM%25C3%25A1s%2520informaci%25C3%25B3n%7C%7C%22%7D%5D\u00bb][\/vc_column][\/vc_row][vc_row][vc_column width=\u00bb2\/3&#8243;][vc_column_text] \u00bfEsta buscando nuevas bandejas para almid\u00f3n para su l\u00ednea mogul? Treiber Trays es el proveedor l\u00edder a nivel mundial de bandejas para almidon para la industria confitera Durante m\u00e1s de setenta a\u00f1os,\" \/>\n<meta property=\"og:url\" content=\"https:\/\/www.treiber-trays.com\/es\/\" \/>\n<meta property=\"og:site_name\" content=\"Treiber Trays\" \/>\n<meta property=\"article:modified_time\" content=\"2017-09-14T08:00:28+00:00\" \/>\n<meta name=\"twitter:label1\" content=\"Tiempo de lectura\" \/>\n\t<meta name=\"twitter:data1\" content=\"5 minutos\" \/>\n<script type=\"application\/ld+json\" class=\"yoast-schema-graph\">{\"@context\":\"https:\\\/\\\/schema.org\",\"@graph\":[{\"@type\":\"WebPage\",\"@id\":\"https:\\\/\\\/www.treiber-trays.com\\\/es\\\/\",\"url\":\"https:\\\/\\\/www.treiber-trays.com\\\/es\\\/\",\"name\":\"Home - Treiber Trays\",\"isPartOf\":{\"@id\":\"https:\\\/\\\/www.treiber-trays.com\\\/es\\\/#website\"},\"datePublished\":\"2016-07-27T08:09:46+00:00\",\"dateModified\":\"2017-09-14T08:00:28+00:00\",\"breadcrumb\":{\"@id\":\"https:\\\/\\\/www.treiber-trays.com\\\/es\\\/#breadcrumb\"},\"inLanguage\":\"es\",\"potentialAction\":[{\"@type\":\"ReadAction\",\"target\":[\"https:\\\/\\\/www.treiber-trays.com\\\/es\\\/\"]}]},{\"@type\":\"BreadcrumbList\",\"@id\":\"https:\\\/\\\/www.treiber-trays.com\\\/es\\\/#breadcrumb\",\"itemListElement\":[{\"@type\":\"ListItem\",\"position\":1,\"name\":\"Home\",\"item\":\"https:\\\/\\\/www.treiber-trays.com\\\/es\\\/\"},{\"@type\":\"ListItem\",\"position\":2,\"name\":\"Home\"}]},{\"@type\":\"WebSite\",\"@id\":\"https:\\\/\\\/www.treiber-trays.com\\\/es\\\/#website\",\"url\":\"https:\\\/\\\/www.treiber-trays.com\\\/es\\\/\",\"name\":\"Treiber Trays\",\"description\":\"\",\"potentialAction\":[{\"@type\":\"SearchAction\",\"target\":{\"@type\":\"EntryPoint\",\"urlTemplate\":\"https:\\\/\\\/www.treiber-trays.com\\\/es\\\/?s={search_term_string}\"},\"query-input\":{\"@type\":\"PropertyValueSpecification\",\"valueRequired\":true,\"valueName\":\"search_term_string\"}}],\"inLanguage\":\"es\"}]}<\/script>\n<!-- \/ Yoast SEO plugin. -->","yoast_head_json":{"title":"Home - Treiber Trays","robots":{"index":"index","follow":"follow","max-snippet":"max-snippet:-1","max-image-preview":"max-image-preview:large","max-video-preview":"max-video-preview:-1"},"canonical":"https:\/\/www.treiber-trays.com\/es\/","og_locale":"es_ES","og_type":"article","og_title":"Home - Treiber Trays","og_description":"[vc_row full_width=\u00bbstretch_row_content_no_spaces\u00bb dhsv_parallaxcontent=\u00bbparallaxcontent\u00bb dhsv_margin_top=\u00bbvc-margin-top-none\u00bb dhsv_margin_bottom=\u00bbvc-margin-bottom-medium\u00bb][vc_column][dhsv_vc_startslider select_post=\u00bb\u00bb slider=\u00bb%5B%7B%22title%22%3A%22bandejas%20de%20gran%20calidad%20para%20almid%C3%B3n%22%2C%22subline%22%3A%22para%20su%20l%C3%ADnea%20mogul%22%2C%22text%22%3A%22Su%20dise%C3%B1o%20funcional%2C%20los%20materiales%20de%20alta%20calidad%20y%20un%20procesamiento%20preciso%20garantizan%20una%20operaci%C3%B3n%20sin%20problemas%20y%20de%20m%C3%A1xima%20eficiencia%20del%20equipo%20de%20moldeo%20de%20almid%C3%B3n.%22%2C%22image%22%3A%221474%22%2C%22link%22%3A%22url%3Ahttps%253A%252F%252Fwww.treiber-trays.com%252Fes%252Fproduct%252Fplastic-starch-trays%252Fin-operation%252F%7Ctitle%3AM%25C3%25A1s%2520informaci%25C3%25B3n%7C%7C%22%7D%2C%7B%22title%22%3A%22Calidad.%22%2C%22subline%22%3A%22Gracias%20a%20la%20innovaci%C3%B3n%22%2C%22text%22%3A%22El%20nuevo%20dise%C3%B1o%20patentado%20de%20la%20bandeja%20de%20pl%C3%A1stico%20reduce%20el%20tiempo%20de%20secado%20de%20sus%20productos%2C%20ahorra%20peso%20y%20garantiza%20precios%20competitivos.%22%2C%22image%22%3A%221625%22%2C%22link%22%3A%22url%3Ahttps%253A%252F%252Fwww.treiber-trays.com%252Fes%252Fproduct%252Fplastic-starch-trays%252F%7Ctitle%3AM%25C3%25A1s%2520informaci%25C3%25B3n%7C%7C%22%7D%2C%7B%22title%22%3A%22Calidad%22%2C%22subline%22%3A%22Aumente%20su%20productividad%22%2C%22text%22%3A%22Saque%20el%20mayor%20partido%20de%20su%20equipo%20de%20moldeo%20de%20almid%C3%B3n%20Sin%20atascos%20de%20la%20m%C3%A1quina%2C%20sin%20deslizamiento%20de%20las%20pilas.%20Menos%20tiempo%20de%20inactividad%2C%20m%C3%A1ximo%20rendimiento.%22%2C%22image%22%3A%221476%22%2C%22link%22%3A%22url%3Ahttps%253A%252F%252Fwww.treiber-trays.com%252Fes%252Fproduct%252Fplastic-starch-trays%252Fin-operation%252F%7Ctitle%3AM%25C3%25A1s%2520informaci%25C3%25B3n%7C%7C%22%7D%5D\u00bb][\/vc_column][\/vc_row][vc_row][vc_column width=\u00bb2\/3&#8243;][vc_column_text] \u00bfEsta buscando nuevas bandejas para almid\u00f3n para su l\u00ednea mogul? Treiber Trays es el proveedor l\u00edder a nivel mundial de bandejas para almidon para la industria confitera Durante m\u00e1s de setenta a\u00f1os,","og_url":"https:\/\/www.treiber-trays.com\/es\/","og_site_name":"Treiber Trays","article_modified_time":"2017-09-14T08:00:28+00:00","twitter_misc":{"Tiempo de lectura":"5 minutos"},"schema":{"@context":"https:\/\/schema.org","@graph":[{"@type":"WebPage","@id":"https:\/\/www.treiber-trays.com\/es\/","url":"https:\/\/www.treiber-trays.com\/es\/","name":"Home - Treiber Trays","isPartOf":{"@id":"https:\/\/www.treiber-trays.com\/es\/#website"},"datePublished":"2016-07-27T08:09:46+00:00","dateModified":"2017-09-14T08:00:28+00:00","breadcrumb":{"@id":"https:\/\/www.treiber-trays.com\/es\/#breadcrumb"},"inLanguage":"es","potentialAction":[{"@type":"ReadAction","target":["https:\/\/www.treiber-trays.com\/es\/"]}]},{"@type":"BreadcrumbList","@id":"https:\/\/www.treiber-trays.com\/es\/#breadcrumb","itemListElement":[{"@type":"ListItem","position":1,"name":"Home","item":"https:\/\/www.treiber-trays.com\/es\/"},{"@type":"ListItem","position":2,"name":"Home"}]},{"@type":"WebSite","@id":"https:\/\/www.treiber-trays.com\/es\/#website","url":"https:\/\/www.treiber-trays.com\/es\/","name":"Treiber Trays","description":"","potentialAction":[{"@type":"SearchAction","target":{"@type":"EntryPoint","urlTemplate":"https:\/\/www.treiber-trays.com\/es\/?s={search_term_string}"},"query-input":{"@type":"PropertyValueSpecification","valueRequired":true,"valueName":"search_term_string"}}],"inLanguage":"es"}]}},"_links":{"self":[{"href":"https:\/\/www.treiber-trays.com\/es\/wp-json\/wp\/v2\/pages\/2206","targetHints":{"allow":["GET"]}}],"collection":[{"href":"https:\/\/www.treiber-trays.com\/es\/wp-json\/wp\/v2\/pages"}],"about":[{"href":"https:\/\/www.treiber-trays.com\/es\/wp-json\/wp\/v2\/types\/page"}],"author":[{"embeddable":true,"href":"https:\/\/www.treiber-trays.com\/es\/wp-json\/wp\/v2\/users\/5"}],"replies":[{"embeddable":true,"href":"https:\/\/www.treiber-trays.com\/es\/wp-json\/wp\/v2\/comments?post=2206"}],"version-history":[{"count":4,"href":"https:\/\/www.treiber-trays.com\/es\/wp-json\/wp\/v2\/pages\/2206\/revisions"}],"predecessor-version":[{"id":2212,"href":"https:\/\/www.treiber-trays.com\/es\/wp-json\/wp\/v2\/pages\/2206\/revisions\/2212"}],"wp:attachment":[{"href":"https:\/\/www.treiber-trays.com\/es\/wp-json\/wp\/v2\/media?parent=2206"}],"curies":[{"name":"wp","href":"https:\/\/api.w.org\/{rel}","templated":true}]}}