{"id":2447,"date":"2017-04-25T10:11:55","date_gmt":"2017-04-25T08:11:55","guid":{"rendered":"https:\/\/www.treiber-trays.com\/company\/"},"modified":"2018-03-29T12:45:20","modified_gmt":"2018-03-29T10:45:20","slug":"company","status":"publish","type":"page","link":"https:\/\/www.treiber-trays.com\/fr\/company\/","title":{"rendered":"SOCI\u00c9T\u00c9"},"content":{"rendered":"<div class=\"wpb-content-wrapper\"><p>[vc_row dhsv_margin_bottom=\u00a0\u00bbvc-margin-bottom-medium\u00a0\u00bb][vc_column][vc_empty_space height=\u00a0\u00bb140&Prime;][dhsv_vc_headline subline=\u00a0\u00bbLE FRUIT DE NOTRE EXP\u00c9RIENCE\u00a0\u00bb headline1=\u00a0\u00bbLA QUALIT\u00c9.\u00a0\u00bb headline2=\u00a0\u00bb\u00c0 NOTRE PASSION DU D\u00c9TAIL\u00a0\u00bb border_color=\u00a0\u00bbred\u00a0\u00bb][\/vc_column][\/vc_row][vc_row dhsv_margin_top=\u00a0\u00bbvc-margin-top-none\u00a0\u00bb dhsv_margin_bottom=\u00a0\u00bbvc-margin-bottom-none\u00a0\u00bb el_class=\u00a0\u00bbnopaddingrow\u00a0\u00bb][vc_column width=\u00a0\u00bb2\/3&Prime;][dhsv_vc_teaserbox title=\u00a0\u00bbEXPORTATIONS DANS LE MONDE ENTIER\u00a0\u00bb image=\u00a0\u00bb1110&Prime; text=\u00a0\u00bbAu d\u00e9part de l\u2019Allemagne, nous livrons nos produits \u00e0 nos clients dans plus de 100 pays \u00e0 travers le monde.<br \/>\n\u00a0\u00bb link=\u00a0\u00bburl:https%3A%2F%2Fwww.treiber-trays.com%2Ffr%2Fcompany%2Ftreiber-trays-worldwide%2F%23worldwide|||\u00a0\u00bb][\/vc_column][vc_column width=\u00a0\u00bb1\/3&Prime;][dhsv_vc_teaserbox title=\u00a0\u00bbATTENTIF AUX DETAILS DEPUIS 1875&Prime; image=\u00a0\u00bb1535&Prime; text=\u00a0\u00bbComp\u00e9tence, coop\u00e9ration et continuit\u00e9 \u2013 nos ma\u00eetres-mots\u00a0\u00bb link=\u00a0\u00bburl:https%3A%2F%2Fwww.treiber-trays.com%2Ffr%2Fcompany%2Fvalues%2F|||\u00a0\u00bb][\/vc_column][\/vc_row][vc_row dhsv_margin_top=\u00a0\u00bbvc-margin-top-none\u00a0\u00bb dhsv_margin_bottom=\u00a0\u00bbvc-margin-bottom-none\u00a0\u00bb el_class=\u00a0\u00bbnopaddingrow\u00a0\u00bb][vc_column width=\u00a0\u00bb1\/2&Prime;][dhsv_vc_teaserbox title=\u00a0\u00bbQUALITE CERTIFIEE\u00a0\u00bb image=\u00a0\u00bb1232&Prime; text=\u00a0\u00bbTous nos produits sont test\u00e9s et certifi\u00e9s pour garantir l\u2019hygi\u00e8ne et la s\u00e9curit\u00e9 de leur usage dans le secteur alimentaire.\u00a0\u00bb link=\u00a0\u00bburl:https%3A%2F%2Fwww.treiber-trays.com%2Ffr%2Fcompany%2Ffood-safety%2F|||\u00a0\u00bb][\/vc_column][vc_column width=\u00a0\u00bb1\/2&Prime;][dhsv_vc_teaserbox title=\u00a0\u00bbGESTION DE LA QUALITE\u00a0\u00bb image=\u00a0\u00bb1354&Prime; text=\u00a0\u00bbLa qualit\u00e9 de nos coffrets est essentielle pour une fabrication simple et productive.\u00a0\u00bb link=\u00a0\u00bburl:https%3A%2F%2Fwww.treiber-trays.com%2Ffr%2Fcompany%2Fquality-management%2F|||\u00a0\u00bb][\/vc_column][\/vc_row][vc_row dhsv_margin_top=\u00a0\u00bbvc-margin-top-none\u00a0\u00bb dhsv_margin_bottom=\u00a0\u00bbvc-margin-bottom-large\u00a0\u00bb el_class=\u00a0\u00bbnopaddingrow\u00a0\u00bb][vc_column width=\u00a0\u00bb1\/3&Prime;][dhsv_vc_teaserbox title=\u00a0\u00bbHISTOIRE &#038; DIRECTION\u00a0\u00bb image=\u00a0\u00bb1077&Prime; text=\u00a0\u00bbUne histoire faite de continuit\u00e9 et de changement, de tradition et d\u2019innovation.\u00a0\u00bb link=\u00a0\u00bburl:https%3A%2F%2Fwww.treiber-trays.com%2Ffr%2Fcompany%2Fmanagement-history%2F|||\u00a0\u00bb][\/vc_column][vc_column width=\u00a0\u00bb2\/3&Prime;][dhsv_vc_teaserbox title=\u00a0\u00bbPRODUCTION EN ALLEMAGNE\u00a0\u00bb image=\u00a0\u00bb1244&Prime; text=\u00a0\u00bbDes travailleurs qualifi\u00e9s coupl\u00e9s \u00e0 une technologie de production moderne : c\u2019est \u00e7a le \u00ab made in Germany \u00bb.\u00a0\u00bb link=\u00a0\u00bburl:https%3A%2F%2Fwww.treiber-trays.com%2Ffr%2Fcompany%2Ftreiber-trays-worldwide%2F|||\u00a0\u00bb][\/vc_column][\/vc_row]<\/p>\n<\/div>","protected":false},"excerpt":{"rendered":"<p>[vc_row dhsv_margin_bottom=\u00a0\u00bbvc-margin-bottom-medium\u00a0\u00bb][vc_column][vc_empty_space height=\u00a0\u00bb140&Prime;][dhsv_vc_headline subline=\u00a0\u00bbLE FRUIT DE NOTRE EXP\u00c9RIENCE\u00a0\u00bb headline1=\u00a0\u00bbLA QUALIT\u00c9.\u00a0\u00bb headline2=\u00a0\u00bb\u00c0 NOTRE PASSION DU D\u00c9TAIL\u00a0\u00bb border_color=\u00a0\u00bbred\u00a0\u00bb][\/vc_column][\/vc_row][vc_row dhsv_margin_top=\u00a0\u00bbvc-margin-top-none\u00a0\u00bb dhsv_margin_bottom=\u00a0\u00bbvc-margin-bottom-none\u00a0\u00bb el_class=\u00a0\u00bbnopaddingrow\u00a0\u00bb][vc_column width=\u00a0\u00bb2\/3&Prime;][dhsv_vc_teaserbox title=\u00a0\u00bbEXPORTATIONS DANS LE MONDE ENTIER\u00a0\u00bb image=\u00a0\u00bb1110&Prime; text=\u00a0\u00bbAu d\u00e9part de l\u2019Allemagne, nous livrons nos produits \u00e0 nos clients dans plus de<\/p>\n","protected":false},"author":5,"featured_media":0,"parent":0,"menu_order":0,"comment_status":"closed","ping_status":"closed","template":"","meta":{"_acf_changed":false,"footnotes":""},"class_list":["post-2447","page","type-page","status-publish","hentry"],"acf":[],"yoast_head":"<!-- This site is optimized with the Yoast SEO plugin v27.3 - https:\/\/yoast.com\/product\/yoast-seo-wordpress\/ -->\n<title>SOCI\u00c9T\u00c9 - Treiber Trays<\/title>\n<meta name=\"robots\" content=\"index, follow, max-snippet:-1, max-image-preview:large, max-video-preview:-1\" \/>\n<link rel=\"canonical\" href=\"https:\/\/www.treiber-trays.com\/fr\/company\/\" \/>\n<meta property=\"og:locale\" content=\"fr_FR\" \/>\n<meta property=\"og:type\" content=\"article\" \/>\n<meta property=\"og:title\" content=\"SOCI\u00c9T\u00c9 - Treiber Trays\" \/>\n<meta property=\"og:description\" content=\"[vc_row dhsv_margin_bottom=\u00a0\u00bbvc-margin-bottom-medium\u00a0\u00bb][vc_column][vc_empty_space height=\u00a0\u00bb140&Prime;][dhsv_vc_headline subline=\u00a0\u00bbLE FRUIT DE NOTRE EXP\u00c9RIENCE\u00a0\u00bb headline1=\u00a0\u00bbLA QUALIT\u00c9.\u00a0\u00bb headline2=\u00a0\u00bb\u00c0 NOTRE PASSION DU D\u00c9TAIL\u00a0\u00bb border_color=\u00a0\u00bbred\u00a0\u00bb][\/vc_column][\/vc_row][vc_row dhsv_margin_top=\u00a0\u00bbvc-margin-top-none\u00a0\u00bb dhsv_margin_bottom=\u00a0\u00bbvc-margin-bottom-none\u00a0\u00bb el_class=\u00a0\u00bbnopaddingrow\u00a0\u00bb][vc_column width=\u00a0\u00bb2\/3&Prime;][dhsv_vc_teaserbox title=\u00a0\u00bbEXPORTATIONS DANS LE MONDE ENTIER\u00a0\u00bb image=\u00a0\u00bb1110&Prime; text=\u00a0\u00bbAu d\u00e9part de l\u2019Allemagne, nous livrons nos produits \u00e0 nos clients dans plus de\" \/>\n<meta property=\"og:url\" content=\"https:\/\/www.treiber-trays.com\/fr\/company\/\" \/>\n<meta property=\"og:site_name\" content=\"Treiber Trays\" \/>\n<meta property=\"article:modified_time\" content=\"2018-03-29T10:45:20+00:00\" \/>\n<meta name=\"twitter:label1\" content=\"Dur\u00e9e de lecture estim\u00e9e\" \/>\n\t<meta name=\"twitter:data1\" content=\"2 minutes\" \/>\n<script type=\"application\/ld+json\" class=\"yoast-schema-graph\">{\"@context\":\"https:\\\/\\\/schema.org\",\"@graph\":[{\"@type\":\"WebPage\",\"@id\":\"https:\\\/\\\/www.treiber-trays.com\\\/fr\\\/company\\\/\",\"url\":\"https:\\\/\\\/www.treiber-trays.com\\\/fr\\\/company\\\/\",\"name\":\"SOCI\u00c9T\u00c9 - Treiber Trays\",\"isPartOf\":{\"@id\":\"https:\\\/\\\/www.treiber-trays.com\\\/fr\\\/#website\"},\"datePublished\":\"2017-04-25T08:11:55+00:00\",\"dateModified\":\"2018-03-29T10:45:20+00:00\",\"breadcrumb\":{\"@id\":\"https:\\\/\\\/www.treiber-trays.com\\\/fr\\\/company\\\/#breadcrumb\"},\"inLanguage\":\"fr-FR\",\"potentialAction\":[{\"@type\":\"ReadAction\",\"target\":[\"https:\\\/\\\/www.treiber-trays.com\\\/fr\\\/company\\\/\"]}]},{\"@type\":\"BreadcrumbList\",\"@id\":\"https:\\\/\\\/www.treiber-trays.com\\\/fr\\\/company\\\/#breadcrumb\",\"itemListElement\":[{\"@type\":\"ListItem\",\"position\":1,\"name\":\"Home\",\"item\":\"https:\\\/\\\/www.treiber-trays.com\\\/fr\\\/\"},{\"@type\":\"ListItem\",\"position\":2,\"name\":\"SOCI\u00c9T\u00c9\"}]},{\"@type\":\"WebSite\",\"@id\":\"https:\\\/\\\/www.treiber-trays.com\\\/fr\\\/#website\",\"url\":\"https:\\\/\\\/www.treiber-trays.com\\\/fr\\\/\",\"name\":\"Treiber Trays\",\"description\":\"\",\"potentialAction\":[{\"@type\":\"SearchAction\",\"target\":{\"@type\":\"EntryPoint\",\"urlTemplate\":\"https:\\\/\\\/www.treiber-trays.com\\\/fr\\\/?s={search_term_string}\"},\"query-input\":{\"@type\":\"PropertyValueSpecification\",\"valueRequired\":true,\"valueName\":\"search_term_string\"}}],\"inLanguage\":\"fr-FR\"}]}<\/script>\n<!-- \/ Yoast SEO plugin. -->","yoast_head_json":{"title":"SOCI\u00c9T\u00c9 - Treiber Trays","robots":{"index":"index","follow":"follow","max-snippet":"max-snippet:-1","max-image-preview":"max-image-preview:large","max-video-preview":"max-video-preview:-1"},"canonical":"https:\/\/www.treiber-trays.com\/fr\/company\/","og_locale":"fr_FR","og_type":"article","og_title":"SOCI\u00c9T\u00c9 - Treiber Trays","og_description":"[vc_row dhsv_margin_bottom=\u00a0\u00bbvc-margin-bottom-medium\u00a0\u00bb][vc_column][vc_empty_space height=\u00a0\u00bb140&Prime;][dhsv_vc_headline subline=\u00a0\u00bbLE FRUIT DE NOTRE EXP\u00c9RIENCE\u00a0\u00bb headline1=\u00a0\u00bbLA QUALIT\u00c9.\u00a0\u00bb headline2=\u00a0\u00bb\u00c0 NOTRE PASSION DU D\u00c9TAIL\u00a0\u00bb border_color=\u00a0\u00bbred\u00a0\u00bb][\/vc_column][\/vc_row][vc_row dhsv_margin_top=\u00a0\u00bbvc-margin-top-none\u00a0\u00bb dhsv_margin_bottom=\u00a0\u00bbvc-margin-bottom-none\u00a0\u00bb el_class=\u00a0\u00bbnopaddingrow\u00a0\u00bb][vc_column width=\u00a0\u00bb2\/3&Prime;][dhsv_vc_teaserbox title=\u00a0\u00bbEXPORTATIONS DANS LE MONDE ENTIER\u00a0\u00bb image=\u00a0\u00bb1110&Prime; text=\u00a0\u00bbAu d\u00e9part de l\u2019Allemagne, nous livrons nos produits \u00e0 nos clients dans plus de","og_url":"https:\/\/www.treiber-trays.com\/fr\/company\/","og_site_name":"Treiber Trays","article_modified_time":"2018-03-29T10:45:20+00:00","twitter_misc":{"Dur\u00e9e de lecture estim\u00e9e":"2 minutes"},"schema":{"@context":"https:\/\/schema.org","@graph":[{"@type":"WebPage","@id":"https:\/\/www.treiber-trays.com\/fr\/company\/","url":"https:\/\/www.treiber-trays.com\/fr\/company\/","name":"SOCI\u00c9T\u00c9 - Treiber Trays","isPartOf":{"@id":"https:\/\/www.treiber-trays.com\/fr\/#website"},"datePublished":"2017-04-25T08:11:55+00:00","dateModified":"2018-03-29T10:45:20+00:00","breadcrumb":{"@id":"https:\/\/www.treiber-trays.com\/fr\/company\/#breadcrumb"},"inLanguage":"fr-FR","potentialAction":[{"@type":"ReadAction","target":["https:\/\/www.treiber-trays.com\/fr\/company\/"]}]},{"@type":"BreadcrumbList","@id":"https:\/\/www.treiber-trays.com\/fr\/company\/#breadcrumb","itemListElement":[{"@type":"ListItem","position":1,"name":"Home","item":"https:\/\/www.treiber-trays.com\/fr\/"},{"@type":"ListItem","position":2,"name":"SOCI\u00c9T\u00c9"}]},{"@type":"WebSite","@id":"https:\/\/www.treiber-trays.com\/fr\/#website","url":"https:\/\/www.treiber-trays.com\/fr\/","name":"Treiber Trays","description":"","potentialAction":[{"@type":"SearchAction","target":{"@type":"EntryPoint","urlTemplate":"https:\/\/www.treiber-trays.com\/fr\/?s={search_term_string}"},"query-input":{"@type":"PropertyValueSpecification","valueRequired":true,"valueName":"search_term_string"}}],"inLanguage":"fr-FR"}]}},"_links":{"self":[{"href":"https:\/\/www.treiber-trays.com\/fr\/wp-json\/wp\/v2\/pages\/2447","targetHints":{"allow":["GET"]}}],"collection":[{"href":"https:\/\/www.treiber-trays.com\/fr\/wp-json\/wp\/v2\/pages"}],"about":[{"href":"https:\/\/www.treiber-trays.com\/fr\/wp-json\/wp\/v2\/types\/page"}],"author":[{"embeddable":true,"href":"https:\/\/www.treiber-trays.com\/fr\/wp-json\/wp\/v2\/users\/5"}],"replies":[{"embeddable":true,"href":"https:\/\/www.treiber-trays.com\/fr\/wp-json\/wp\/v2\/comments?post=2447"}],"version-history":[{"count":5,"href":"https:\/\/www.treiber-trays.com\/fr\/wp-json\/wp\/v2\/pages\/2447\/revisions"}],"predecessor-version":[{"id":2556,"href":"https:\/\/www.treiber-trays.com\/fr\/wp-json\/wp\/v2\/pages\/2447\/revisions\/2556"}],"wp:attachment":[{"href":"https:\/\/www.treiber-trays.com\/fr\/wp-json\/wp\/v2\/media?parent=2447"}],"curies":[{"name":"wp","href":"https:\/\/api.w.org\/{rel}","templated":true}]}}