{"id":2448,"date":"2017-04-25T10:13:13","date_gmt":"2017-04-25T08:13:13","guid":{"rendered":"https:\/\/www.treiber-trays.com\/company\/food-safety\/"},"modified":"2018-03-22T11:43:51","modified_gmt":"2018-03-22T09:43:51","slug":"food-safety","status":"publish","type":"page","link":"https:\/\/www.treiber-trays.com\/fr\/company\/food-safety\/","title":{"rendered":"La s\u00e9curit\u00e9 et l\u2019hygi\u00e8ne"},"content":{"rendered":"<div class=\"wpb-content-wrapper\"><p>[vc_row full_width=\u00a0\u00bbstretch_row_content_no_spaces\u00a0\u00bb dhsv_parallaxcontent=\u00a0\u00bbparallaxcontent\u00a0\u00bb dhsv_background_color=\u00a0\u00bbbg_black\u00a0\u00bb dhsv_margin_top=\u00a0\u00bbvc-margin-top-none\u00a0\u00bb][vc_column][dhsv_vc_header bgimage=\u00a0\u00bb1232&Prime; subline=\u00a0\u00bbLa s\u00e9curit\u00e9 et l\u2019hygi\u00e8ne \u00a0\u00bb headline1=\u00a0\u00bbLA QUALITE.\u00a0\u00bb headline2=\u00a0\u00bbEst synonyme de s\u00e9curit\u00e9 avant tout.\u00a0\u00bb][\/vc_column][\/vc_row][vc_row dhsv_margin_top=\u00a0\u00bbvc-margin-top-large\u00a0\u00bb dhsv_margin_bottom=\u00a0\u00bbvc-margin-bottom-large\u00a0\u00bb][vc_column width=\u00a0\u00bb2\/3&Prime;][vc_column_text]<\/p>\n<p class=\"p1 intro\"><span class=\"s1\">La s\u00e9curit\u00e9 et l\u2019hygi\u00e8ne sont les principales priorit\u00e9s de la production alimentaire, pour tous les maillons de la cha\u00eene logistique. Nos mat\u00e9riaux tout comme nos coffrets sont en permanence test\u00e9s en laboratoire. Treiber Trays respecte toujours les strictes dispositions du r\u00e8glement (CE) 1935\/2004. D\u00e8s lors, nos coffrets sont certifi\u00e9s selon des normes internationales.<\/span><\/p>\n<p>[\/vc_column_text][\/vc_column][vc_column width=\u00a0\u00bb1\/3&Prime;][vc_single_image image=\u00a0\u00bb1104&Prime; alignment=\u00a0\u00bbleft\u00a0\u00bb][\/vc_column][\/vc_row][vc_row][vc_column width=\u00a0\u00bb1\/2&Prime;][dhsv_vc_box title=\u00a0\u00bbPLASTIQUE\u00a0\u00bb subtitle=\u00a0\u00bbMAT\u00c9RIAUX CERTIFI\u00c9S\u00a0\u00bb icon1=\u00a0\u00bb1099&Prime;][\/dhsv_vc_box][vc_single_image image=\u00a0\u00bb1239&Prime;][vc_column_text]<\/p>\n<ul>\n<li>La r\u00e8glementation dans le secteur alimentaire impose des exigences particuli\u00e8rement strictes aux produits \u00e0 base de plastique.<\/li>\n<li>Tous les mat\u00e9riaux ont \u00e9t\u00e9 soumis \u00e0 des tests ind\u00e9pendants et certifi\u00e9s conformes au R\u00e8glement UE 10\/2011 concernant les mat\u00e9riaux en mati\u00e8re plastique. Ils sont en outre repris dans le Code des r\u00e8glementations f\u00e9d\u00e9rales de la FDA,<\/li>\n<li>Une d\u00e9claration de conformit\u00e9 peut \u00eatre envoy\u00e9e \u00e0 nos clients sur simple demande.<\/li>\n<\/ul>\n<p>[\/vc_column_text][\/vc_column][vc_column width=\u00a0\u00bb1\/2&Prime;][dhsv_vc_box title=\u00a0\u00bbBOIS\u00a0\u00bb subtitle=\u00a0\u00bbPROPRI\u00c9T\u00c9S ANTIBACT\u00c9RIENNES\u00a0\u00bb icon1=\u00a0\u00bb1101&Prime;][\/dhsv_vc_box][vc_single_image image=\u00a0\u00bb1238&Prime;][vc_column_text]<\/p>\n<ul>\n<li>Le bois est naturellement antibact\u00e9rien.<\/li>\n<li>Ceci est d\u00fb \u00e0 des substances sp\u00e9cifiques naturellement actives qui aident l\u2019arbre \u00e0 survivre dans des environnements hostiles ainsi qu\u2019aux propri\u00e9t\u00e9s hygroscopiques du bois.<\/li>\n<li>De nombreuses \u00e9tudes scientifiques ont d\u00e9montr\u00e9 les performances exceptionnelles du bois en termes d\u2019hygi\u00e8ne (par ex. Milling et al., 2005 ; Sch\u00f6nwalder et al., 2002).<\/li>\n<\/ul>\n<p>[\/vc_column_text][\/vc_column][\/vc_row]<\/p>\n<\/div>","protected":false},"excerpt":{"rendered":"<p>[vc_row full_width=\u00a0\u00bbstretch_row_content_no_spaces\u00a0\u00bb dhsv_parallaxcontent=\u00a0\u00bbparallaxcontent\u00a0\u00bb dhsv_background_color=\u00a0\u00bbbg_black\u00a0\u00bb dhsv_margin_top=\u00a0\u00bbvc-margin-top-none\u00a0\u00bb][vc_column][dhsv_vc_header bgimage=\u00a0\u00bb1232&Prime; subline=\u00a0\u00bbLa s\u00e9curit\u00e9 et l\u2019hygi\u00e8ne \u00a0\u00bb headline1=\u00a0\u00bbLA QUALITE.\u00a0\u00bb headline2=\u00a0\u00bbEst synonyme de s\u00e9curit\u00e9 avant tout.\u00a0\u00bb][\/vc_column][\/vc_row][vc_row dhsv_margin_top=\u00a0\u00bbvc-margin-top-large\u00a0\u00bb dhsv_margin_bottom=\u00a0\u00bbvc-margin-bottom-large\u00a0\u00bb][vc_column width=\u00a0\u00bb2\/3&Prime;][vc_column_text] La s\u00e9curit\u00e9 et l\u2019hygi\u00e8ne sont les principales priorit\u00e9s de la production alimentaire, pour tous les maillons de la<\/p>\n","protected":false},"author":5,"featured_media":0,"parent":2447,"menu_order":0,"comment_status":"closed","ping_status":"closed","template":"","meta":{"_acf_changed":false,"footnotes":""},"class_list":["post-2448","page","type-page","status-publish","hentry"],"acf":[],"yoast_head":"<!-- This site is optimized with the Yoast SEO plugin v27.3 - https:\/\/yoast.com\/product\/yoast-seo-wordpress\/ -->\n<title>La s\u00e9curit\u00e9 et l\u2019hygi\u00e8ne - Treiber Trays<\/title>\n<meta name=\"robots\" content=\"index, follow, max-snippet:-1, max-image-preview:large, max-video-preview:-1\" \/>\n<link rel=\"canonical\" href=\"https:\/\/www.treiber-trays.com\/fr\/company\/food-safety\/\" \/>\n<meta property=\"og:locale\" content=\"fr_FR\" \/>\n<meta property=\"og:type\" content=\"article\" \/>\n<meta property=\"og:title\" content=\"La s\u00e9curit\u00e9 et l\u2019hygi\u00e8ne - Treiber Trays\" \/>\n<meta property=\"og:description\" content=\"[vc_row full_width=\u00a0\u00bbstretch_row_content_no_spaces\u00a0\u00bb dhsv_parallaxcontent=\u00a0\u00bbparallaxcontent\u00a0\u00bb dhsv_background_color=\u00a0\u00bbbg_black\u00a0\u00bb dhsv_margin_top=\u00a0\u00bbvc-margin-top-none\u00a0\u00bb][vc_column][dhsv_vc_header bgimage=\u00a0\u00bb1232&Prime; subline=\u00a0\u00bbLa s\u00e9curit\u00e9 et l\u2019hygi\u00e8ne \u00a0\u00bb headline1=\u00a0\u00bbLA QUALITE.\u00a0\u00bb headline2=\u00a0\u00bbEst synonyme de s\u00e9curit\u00e9 avant tout.\u00a0\u00bb][\/vc_column][\/vc_row][vc_row dhsv_margin_top=\u00a0\u00bbvc-margin-top-large\u00a0\u00bb dhsv_margin_bottom=\u00a0\u00bbvc-margin-bottom-large\u00a0\u00bb][vc_column width=\u00a0\u00bb2\/3&Prime;][vc_column_text] La s\u00e9curit\u00e9 et l\u2019hygi\u00e8ne sont les principales priorit\u00e9s de la production alimentaire, pour tous les maillons de la\" \/>\n<meta property=\"og:url\" content=\"https:\/\/www.treiber-trays.com\/fr\/company\/food-safety\/\" \/>\n<meta property=\"og:site_name\" content=\"Treiber Trays\" \/>\n<meta property=\"article:modified_time\" content=\"2018-03-22T09:43:51+00:00\" \/>\n<meta name=\"twitter:label1\" content=\"Dur\u00e9e de lecture estim\u00e9e\" \/>\n\t<meta name=\"twitter:data1\" content=\"2 minutes\" \/>\n<script type=\"application\/ld+json\" class=\"yoast-schema-graph\">{\"@context\":\"https:\\\/\\\/schema.org\",\"@graph\":[{\"@type\":\"WebPage\",\"@id\":\"https:\\\/\\\/www.treiber-trays.com\\\/fr\\\/company\\\/food-safety\\\/\",\"url\":\"https:\\\/\\\/www.treiber-trays.com\\\/fr\\\/company\\\/food-safety\\\/\",\"name\":\"La s\u00e9curit\u00e9 et l\u2019hygi\u00e8ne - Treiber Trays\",\"isPartOf\":{\"@id\":\"https:\\\/\\\/www.treiber-trays.com\\\/fr\\\/#website\"},\"datePublished\":\"2017-04-25T08:13:13+00:00\",\"dateModified\":\"2018-03-22T09:43:51+00:00\",\"breadcrumb\":{\"@id\":\"https:\\\/\\\/www.treiber-trays.com\\\/fr\\\/company\\\/food-safety\\\/#breadcrumb\"},\"inLanguage\":\"fr-FR\",\"potentialAction\":[{\"@type\":\"ReadAction\",\"target\":[\"https:\\\/\\\/www.treiber-trays.com\\\/fr\\\/company\\\/food-safety\\\/\"]}]},{\"@type\":\"BreadcrumbList\",\"@id\":\"https:\\\/\\\/www.treiber-trays.com\\\/fr\\\/company\\\/food-safety\\\/#breadcrumb\",\"itemListElement\":[{\"@type\":\"ListItem\",\"position\":1,\"name\":\"Home\",\"item\":\"https:\\\/\\\/www.treiber-trays.com\\\/fr\\\/\"},{\"@type\":\"ListItem\",\"position\":2,\"name\":\"SOCI\u00c9T\u00c9\",\"item\":\"https:\\\/\\\/www.treiber-trays.com\\\/fr\\\/company\\\/\"},{\"@type\":\"ListItem\",\"position\":3,\"name\":\"La s\u00e9curit\u00e9 et l\u2019hygi\u00e8ne\"}]},{\"@type\":\"WebSite\",\"@id\":\"https:\\\/\\\/www.treiber-trays.com\\\/fr\\\/#website\",\"url\":\"https:\\\/\\\/www.treiber-trays.com\\\/fr\\\/\",\"name\":\"Treiber Trays\",\"description\":\"\",\"potentialAction\":[{\"@type\":\"SearchAction\",\"target\":{\"@type\":\"EntryPoint\",\"urlTemplate\":\"https:\\\/\\\/www.treiber-trays.com\\\/fr\\\/?s={search_term_string}\"},\"query-input\":{\"@type\":\"PropertyValueSpecification\",\"valueRequired\":true,\"valueName\":\"search_term_string\"}}],\"inLanguage\":\"fr-FR\"}]}<\/script>\n<!-- \/ Yoast SEO plugin. -->","yoast_head_json":{"title":"La s\u00e9curit\u00e9 et l\u2019hygi\u00e8ne - Treiber Trays","robots":{"index":"index","follow":"follow","max-snippet":"max-snippet:-1","max-image-preview":"max-image-preview:large","max-video-preview":"max-video-preview:-1"},"canonical":"https:\/\/www.treiber-trays.com\/fr\/company\/food-safety\/","og_locale":"fr_FR","og_type":"article","og_title":"La s\u00e9curit\u00e9 et l\u2019hygi\u00e8ne - Treiber Trays","og_description":"[vc_row full_width=\u00a0\u00bbstretch_row_content_no_spaces\u00a0\u00bb dhsv_parallaxcontent=\u00a0\u00bbparallaxcontent\u00a0\u00bb dhsv_background_color=\u00a0\u00bbbg_black\u00a0\u00bb dhsv_margin_top=\u00a0\u00bbvc-margin-top-none\u00a0\u00bb][vc_column][dhsv_vc_header bgimage=\u00a0\u00bb1232&Prime; subline=\u00a0\u00bbLa s\u00e9curit\u00e9 et l\u2019hygi\u00e8ne \u00a0\u00bb headline1=\u00a0\u00bbLA QUALITE.\u00a0\u00bb headline2=\u00a0\u00bbEst synonyme de s\u00e9curit\u00e9 avant tout.\u00a0\u00bb][\/vc_column][\/vc_row][vc_row dhsv_margin_top=\u00a0\u00bbvc-margin-top-large\u00a0\u00bb dhsv_margin_bottom=\u00a0\u00bbvc-margin-bottom-large\u00a0\u00bb][vc_column width=\u00a0\u00bb2\/3&Prime;][vc_column_text] La s\u00e9curit\u00e9 et l\u2019hygi\u00e8ne sont les principales priorit\u00e9s de la production alimentaire, pour tous les maillons de la","og_url":"https:\/\/www.treiber-trays.com\/fr\/company\/food-safety\/","og_site_name":"Treiber Trays","article_modified_time":"2018-03-22T09:43:51+00:00","twitter_misc":{"Dur\u00e9e de lecture estim\u00e9e":"2 minutes"},"schema":{"@context":"https:\/\/schema.org","@graph":[{"@type":"WebPage","@id":"https:\/\/www.treiber-trays.com\/fr\/company\/food-safety\/","url":"https:\/\/www.treiber-trays.com\/fr\/company\/food-safety\/","name":"La s\u00e9curit\u00e9 et l\u2019hygi\u00e8ne - Treiber Trays","isPartOf":{"@id":"https:\/\/www.treiber-trays.com\/fr\/#website"},"datePublished":"2017-04-25T08:13:13+00:00","dateModified":"2018-03-22T09:43:51+00:00","breadcrumb":{"@id":"https:\/\/www.treiber-trays.com\/fr\/company\/food-safety\/#breadcrumb"},"inLanguage":"fr-FR","potentialAction":[{"@type":"ReadAction","target":["https:\/\/www.treiber-trays.com\/fr\/company\/food-safety\/"]}]},{"@type":"BreadcrumbList","@id":"https:\/\/www.treiber-trays.com\/fr\/company\/food-safety\/#breadcrumb","itemListElement":[{"@type":"ListItem","position":1,"name":"Home","item":"https:\/\/www.treiber-trays.com\/fr\/"},{"@type":"ListItem","position":2,"name":"SOCI\u00c9T\u00c9","item":"https:\/\/www.treiber-trays.com\/fr\/company\/"},{"@type":"ListItem","position":3,"name":"La s\u00e9curit\u00e9 et l\u2019hygi\u00e8ne"}]},{"@type":"WebSite","@id":"https:\/\/www.treiber-trays.com\/fr\/#website","url":"https:\/\/www.treiber-trays.com\/fr\/","name":"Treiber Trays","description":"","potentialAction":[{"@type":"SearchAction","target":{"@type":"EntryPoint","urlTemplate":"https:\/\/www.treiber-trays.com\/fr\/?s={search_term_string}"},"query-input":{"@type":"PropertyValueSpecification","valueRequired":true,"valueName":"search_term_string"}}],"inLanguage":"fr-FR"}]}},"_links":{"self":[{"href":"https:\/\/www.treiber-trays.com\/fr\/wp-json\/wp\/v2\/pages\/2448","targetHints":{"allow":["GET"]}}],"collection":[{"href":"https:\/\/www.treiber-trays.com\/fr\/wp-json\/wp\/v2\/pages"}],"about":[{"href":"https:\/\/www.treiber-trays.com\/fr\/wp-json\/wp\/v2\/types\/page"}],"author":[{"embeddable":true,"href":"https:\/\/www.treiber-trays.com\/fr\/wp-json\/wp\/v2\/users\/5"}],"replies":[{"embeddable":true,"href":"https:\/\/www.treiber-trays.com\/fr\/wp-json\/wp\/v2\/comments?post=2448"}],"version-history":[{"count":2,"href":"https:\/\/www.treiber-trays.com\/fr\/wp-json\/wp\/v2\/pages\/2448\/revisions"}],"predecessor-version":[{"id":2476,"href":"https:\/\/www.treiber-trays.com\/fr\/wp-json\/wp\/v2\/pages\/2448\/revisions\/2476"}],"up":[{"embeddable":true,"href":"https:\/\/www.treiber-trays.com\/fr\/wp-json\/wp\/v2\/pages\/2447"}],"wp:attachment":[{"href":"https:\/\/www.treiber-trays.com\/fr\/wp-json\/wp\/v2\/media?parent=2448"}],"curies":[{"name":"wp","href":"https:\/\/api.w.org\/{rel}","templated":true}]}}