{"id":2449,"date":"2017-04-25T10:13:51","date_gmt":"2017-04-25T08:13:51","guid":{"rendered":"https:\/\/www.treiber-trays.com\/company\/management-history\/"},"modified":"2018-03-29T12:51:00","modified_gmt":"2018-03-29T10:51:00","slug":"management-history","status":"publish","type":"page","link":"https:\/\/www.treiber-trays.com\/fr\/company\/management-history\/","title":{"rendered":"Direction et Histoire"},"content":{"rendered":"<div class=\"wpb-content-wrapper\"><p>[vc_row full_width=\u00a0\u00bbstretch_row_content_no_spaces\u00a0\u00bb dhsv_parallaxcontent=\u00a0\u00bbparallaxcontent\u00a0\u00bb dhsv_background_color=\u00a0\u00bbbg_black\u00a0\u00bb dhsv_margin_top=\u00a0\u00bbvc-margin-top-none\u00a0\u00bb][vc_column][dhsv_vc_header bgimage=\u00a0\u00bb1211&Prime; subline=\u00a0\u00bbDirection et Histoire\u00a0\u00bb headline1=\u00a0\u00bbUNE HISTOIRE FAITE DE CONTINUIT\u00c9 ET DE CHANGEMENT. \u00a0\u00bb headline2=\u00a0\u00bbTRADITION ET INNOVATION\u00a0\u00bb][\/vc_column][\/vc_row][vc_row][vc_column width=\u00a0\u00bb2\/3&Prime;][vc_column_text]<\/p>\n<p class=\"p1 intro\"><span class=\"s1\">Treiber Trays est une entreprise familiale depuis cinq g\u00e9n\u00e9rations. Depuis plus de soixante-dix ans, la soci\u00e9t\u00e9 fournit des coffrets \u00e0 amidon \u00e0 ses clients confiseurs. Toutefois, les racines de la soci\u00e9t\u00e9 et son champ d\u2019activit\u00e9 vont bien au-del\u00e0.<\/span><\/p>\n<p class=\"p1 intro\"><span class=\"s1\">Chaque g\u00e9n\u00e9ration comporte de nouveaux d\u00e9fis et depuis sa cr\u00e9ation, Treiber Trays a fait preuve d\u2019ouverture aux progr\u00e8s technologiques et aux nouveaux mat\u00e9riaux. D\u00e8s sa fondation comme atelier de charronnage, la soci\u00e9t\u00e9 a \u00e9volu\u00e9 pour devenir l\u2019un des principaux fournisseurs au monde de coffrets \u00e0 amidon pour le secteur de la confiserie sous la direction d\u2019un m\u00e9tallurgiste de pr\u00e9cision et se lance maintenant dans le monde du plastique.<\/span><\/p>\n<p>[\/vc_column_text][\/vc_column][vc_column width=\u00a0\u00bb1\/3&Prime;][\/vc_column][\/vc_row][vc_row][vc_column width=\u00a0\u00bb1\/3&Prime;][vc_column_text]<\/p>\n<h2 class=\"p1\">Treiber Trays<\/h2>\n<h2 class=\"p1\">Direction<\/h2>\n<p>[\/vc_column_text][\/vc_column][vc_column width=\u00a0\u00bb1\/3&Prime;][vc_single_image image=\u00a0\u00bb1214&Prime;][vc_column_text]<\/p>\n<h3><strong>Gerhard Treiber<\/strong><\/h3>\n<h3>PDG<\/h3>\n<p>En tant que Directeur ex\u00e9cutif, Gerhard Treiber veille au respect des normes de qualit\u00e9 et \u00e0 la continuit\u00e9 au sein de l\u2019entreprise. Il est charg\u00e9 de l\u2019empreinte mondiale de Treiber Trays.<\/p>\n<p>Gerhard Treiber a suivi des \u00e9tudes d\u2019ing\u00e9nieur industriel \u00e0 l\u2019Institut de technologie de Karlsruhe, et sa combinaison unique de connaissances techniques et commerciales lui donne le bagage n\u00e9cessaire pour r\u00e9pondre aux besoins de nos clients particuliers.[\/vc_column_text][\/vc_column][vc_column width=\u00a0\u00bb1\/3&Prime;][vc_single_image image=\u00a0\u00bb1213&Prime;][vc_column_text]<\/p>\n<h3><strong>Thomas Treiber<\/strong><\/h3>\n<h3>PDG<\/h3>\n<p>Thomas Treiber supervise le d\u00e9veloppement commercial de l\u2019entreprise.<\/p>\n<p>Il a d\u00e9croch\u00e9 un dipl\u00f4me en gestion d\u2019entreprise \u00e0 la Freie Universit\u00e4t Berlin, a pass\u00e9 plusieurs mois \u00e0 l\u2019Universidad de Navarra \u00e0 Pampelune, en Espagne, et a consacr\u00e9 une ann\u00e9e \u00e0 la recherche \u00e0 Londres. Gr\u00e2ce au soutien de la Fondation allemande Konrad Adenauer, Thomas Treiber a ensuite poursuivi avec un doctorat \u00e0 l\u2019Universit\u00e4t Witten\/Herdecke et la Freie Universit\u00e4t Berlin.[\/vc_column_text][\/vc_column][\/vc_row][vc_row full_width=\u00a0\u00bbstretch_row\u00a0\u00bb dhsv_background_color=\u00a0\u00bbbg_light_gray\u00a0\u00bb][vc_column][dhsv_vc_history slider=\u00a0\u00bb%5B%7B%22year%22%3A%221875%22%2C%22title%22%3A%22UN%20ATELIER%20DE%20CHARRONNAGE%22%2C%22desc%22%3A%22Treiber%20Trays%20a%20%C3%A9t%C3%A9%20fond%C3%A9e%20%C3%A0%20une%20%C3%A9poque%20o%C3%B9%20les%20rues%20%C3%A9taient%20encore%20encombr%C3%A9es%20de%20chariots%20tir%C3%A9s%20par%20des%20chevaux.%20Les%20deux%20premi%C3%A8res%20g%C3%A9n%C3%A9rations%20de%20la%20soci%C3%A9t%C3%A9%20ont%20construit%20des%20ch%C3%A2ssis%20et%20des%20roues%20faits%20de%20bois%20et%20de%20m%C3%A9tal%20pour%20ces%20v%C3%A9hicules%22%7D%2C%7B%22year%22%3A%221945%22%2C%22title%22%3A%22RENOUVELLEMENT%20STRAT%C3%89GIQUE%22%2C%22desc%22%3A%22La%20perc%C3%A9e%20de%20l%E2%80%99automobile%20et%20des%20pneus%20en%20caoutchouc%20a%20entra%C3%AEn%C3%A9%20un%20changement%20strat%C3%A9gique.%20Avec%20un%20grand%20esprit%20d%E2%80%99entreprise%20et%20beaucoup%20d%E2%80%99inventivit%C3%A9%2C%20une%20large%20gamme%20de%20nouveaux%20produits%20a%20%C3%A9t%C3%A9%20test%C3%A9e%2C%20dont%20des%20pi%C3%A8ces%20pour%20machine%20%C3%A0%20coudre%20et%20du%20mobilier.%22%7D%2C%7B%22year%22%3A%221947%22%2C%22title%22%3A%22PREMIERS%20COFFRETS%20%C3%80%20AMIDON%20%20%20%20%20%20%20%20%20%20%20%20%3Cbr%3E%20EN%20BOIS%22%2C%22desc%22%3A%22Parmi%20les%20diff%C3%A9rents%20produits%20sur%20lesquels%20la%20soci%C3%A9t%C3%A9%20travaillait%2C%20ce%20sont%20les%20coffrets%20%C3%A0%20amidon%20destin%C3%A9s%20%C3%A0%20la%20confiserie%20qui%20ont%20connu%20le%20plus%20grand%20succ%C3%A8s%20et%20Treiber%20est%20devenu%20un%20pionnier%20dans%20leur%20production%20industrielle.%22%7D%2C%7B%22year%22%3A%221970s%22%2C%22title%22%3A%22EXPANSION%20INTERNATIONALE%22%2C%22desc%22%3A%22La%20popularit%C3%A9%20des%20gommes%20et%20produits%20g%C3%A9lifi%C3%A9s%20ayant%20grandi%20tr%C3%A8s%20rapidement%2C%20la%20soci%C3%A9t%C3%A9%20exp%C3%A9diait%2C%20en%201965%2C%20ses%20premiers%20coffrets%20vers%20l%E2%80%99Am%C3%A9rique%20du%20Nord.%20Au%20cours%20des%20ann%C3%A9es%20suivantes%2C%20Treiber%20Trays%20a%20commencer%20%C3%A0%20exporter%20en%20Asie%2C%20en%20Am%C3%A9rique%20latine%20et%20en%20Afrique.%22%7D%2C%7B%22year%22%3A%222017%22%2C%22title%22%3A%22COFFRETS%20EN%20PLASTIQUE%22%2C%22desc%22%3A%22Pour%20r%C3%A9pondre%20aux%20besoins%20de%20tous%20nos%20clients%20confiseurs%2C%20Treiber%20Trays%20a%20%C3%A9tendu%20sa%20gamme%20de%20produits%20pour%20y%20inclure%20des%20coffrets%20en%20plastique.%22%7D%5D\u00a0\u00bb][\/vc_column][\/vc_row][vc_row][vc_column width=\u00a0\u00bb1\/3&Prime;][vc_column_text]<\/p>\n<blockquote><p>\u00bbNous assurons une grande productivit\u00e9 et une grande fiabilit\u00e9 du fonctionnement des usines mogul, et donc une plus grande productivit\u00e9 et une meilleure rentabilit\u00e9 pour nos clients. \u00ab<\/p><\/blockquote>\n<p>[\/vc_column_text][\/vc_column][vc_column width=\u00a0\u00bb2\/3&Prime;][vc_single_image image=\u00a0\u00bb1216&Prime;][\/vc_column][\/vc_row]<\/p>\n<\/div>","protected":false},"excerpt":{"rendered":"<p>[vc_row full_width=\u00a0\u00bbstretch_row_content_no_spaces\u00a0\u00bb dhsv_parallaxcontent=\u00a0\u00bbparallaxcontent\u00a0\u00bb dhsv_background_color=\u00a0\u00bbbg_black\u00a0\u00bb dhsv_margin_top=\u00a0\u00bbvc-margin-top-none\u00a0\u00bb][vc_column][dhsv_vc_header bgimage=\u00a0\u00bb1211&Prime; subline=\u00a0\u00bbDirection et Histoire\u00a0\u00bb headline1=\u00a0\u00bbUNE HISTOIRE FAITE DE CONTINUIT\u00c9 ET DE CHANGEMENT. \u00a0\u00bb headline2=\u00a0\u00bbTRADITION ET INNOVATION\u00a0\u00bb][\/vc_column][\/vc_row][vc_row][vc_column width=\u00a0\u00bb2\/3&Prime;][vc_column_text] Treiber Trays est une entreprise familiale depuis cinq g\u00e9n\u00e9rations. Depuis plus de soixante-dix ans, la soci\u00e9t\u00e9 fournit des<\/p>\n","protected":false},"author":5,"featured_media":0,"parent":2447,"menu_order":0,"comment_status":"closed","ping_status":"closed","template":"","meta":{"_acf_changed":false,"footnotes":""},"class_list":["post-2449","page","type-page","status-publish","hentry"],"acf":[],"yoast_head":"<!-- This site is optimized with the Yoast SEO plugin v27.3 - https:\/\/yoast.com\/product\/yoast-seo-wordpress\/ -->\n<title>Direction et Histoire - Treiber Trays<\/title>\n<meta name=\"robots\" content=\"index, follow, max-snippet:-1, max-image-preview:large, max-video-preview:-1\" \/>\n<link rel=\"canonical\" href=\"https:\/\/www.treiber-trays.com\/fr\/company\/management-history\/\" \/>\n<meta property=\"og:locale\" content=\"fr_FR\" \/>\n<meta property=\"og:type\" content=\"article\" \/>\n<meta property=\"og:title\" content=\"Direction et Histoire - Treiber Trays\" \/>\n<meta property=\"og:description\" content=\"[vc_row full_width=\u00a0\u00bbstretch_row_content_no_spaces\u00a0\u00bb dhsv_parallaxcontent=\u00a0\u00bbparallaxcontent\u00a0\u00bb dhsv_background_color=\u00a0\u00bbbg_black\u00a0\u00bb dhsv_margin_top=\u00a0\u00bbvc-margin-top-none\u00a0\u00bb][vc_column][dhsv_vc_header bgimage=\u00a0\u00bb1211&Prime; subline=\u00a0\u00bbDirection et Histoire\u00a0\u00bb headline1=\u00a0\u00bbUNE HISTOIRE FAITE DE CONTINUIT\u00c9 ET DE CHANGEMENT. \u00a0\u00bb headline2=\u00a0\u00bbTRADITION ET INNOVATION\u00a0\u00bb][\/vc_column][\/vc_row][vc_row][vc_column width=\u00a0\u00bb2\/3&Prime;][vc_column_text] Treiber Trays est une entreprise familiale depuis cinq g\u00e9n\u00e9rations. Depuis plus de soixante-dix ans, la soci\u00e9t\u00e9 fournit des\" \/>\n<meta property=\"og:url\" content=\"https:\/\/www.treiber-trays.com\/fr\/company\/management-history\/\" \/>\n<meta property=\"og:site_name\" content=\"Treiber Trays\" \/>\n<meta property=\"article:modified_time\" content=\"2018-03-29T10:51:00+00:00\" \/>\n<meta name=\"twitter:label1\" content=\"Dur\u00e9e de lecture estim\u00e9e\" \/>\n\t<meta name=\"twitter:data1\" content=\"4 minutes\" \/>\n<script type=\"application\/ld+json\" class=\"yoast-schema-graph\">{\"@context\":\"https:\\\/\\\/schema.org\",\"@graph\":[{\"@type\":\"WebPage\",\"@id\":\"https:\\\/\\\/www.treiber-trays.com\\\/fr\\\/company\\\/management-history\\\/\",\"url\":\"https:\\\/\\\/www.treiber-trays.com\\\/fr\\\/company\\\/management-history\\\/\",\"name\":\"Direction et Histoire - Treiber Trays\",\"isPartOf\":{\"@id\":\"https:\\\/\\\/www.treiber-trays.com\\\/fr\\\/#website\"},\"datePublished\":\"2017-04-25T08:13:51+00:00\",\"dateModified\":\"2018-03-29T10:51:00+00:00\",\"breadcrumb\":{\"@id\":\"https:\\\/\\\/www.treiber-trays.com\\\/fr\\\/company\\\/management-history\\\/#breadcrumb\"},\"inLanguage\":\"fr-FR\",\"potentialAction\":[{\"@type\":\"ReadAction\",\"target\":[\"https:\\\/\\\/www.treiber-trays.com\\\/fr\\\/company\\\/management-history\\\/\"]}]},{\"@type\":\"BreadcrumbList\",\"@id\":\"https:\\\/\\\/www.treiber-trays.com\\\/fr\\\/company\\\/management-history\\\/#breadcrumb\",\"itemListElement\":[{\"@type\":\"ListItem\",\"position\":1,\"name\":\"Home\",\"item\":\"https:\\\/\\\/www.treiber-trays.com\\\/fr\\\/\"},{\"@type\":\"ListItem\",\"position\":2,\"name\":\"SOCI\u00c9T\u00c9\",\"item\":\"https:\\\/\\\/www.treiber-trays.com\\\/fr\\\/company\\\/\"},{\"@type\":\"ListItem\",\"position\":3,\"name\":\"Direction et Histoire\"}]},{\"@type\":\"WebSite\",\"@id\":\"https:\\\/\\\/www.treiber-trays.com\\\/fr\\\/#website\",\"url\":\"https:\\\/\\\/www.treiber-trays.com\\\/fr\\\/\",\"name\":\"Treiber Trays\",\"description\":\"\",\"potentialAction\":[{\"@type\":\"SearchAction\",\"target\":{\"@type\":\"EntryPoint\",\"urlTemplate\":\"https:\\\/\\\/www.treiber-trays.com\\\/fr\\\/?s={search_term_string}\"},\"query-input\":{\"@type\":\"PropertyValueSpecification\",\"valueRequired\":true,\"valueName\":\"search_term_string\"}}],\"inLanguage\":\"fr-FR\"}]}<\/script>\n<!-- \/ Yoast SEO plugin. -->","yoast_head_json":{"title":"Direction et Histoire - Treiber Trays","robots":{"index":"index","follow":"follow","max-snippet":"max-snippet:-1","max-image-preview":"max-image-preview:large","max-video-preview":"max-video-preview:-1"},"canonical":"https:\/\/www.treiber-trays.com\/fr\/company\/management-history\/","og_locale":"fr_FR","og_type":"article","og_title":"Direction et Histoire - Treiber Trays","og_description":"[vc_row full_width=\u00a0\u00bbstretch_row_content_no_spaces\u00a0\u00bb dhsv_parallaxcontent=\u00a0\u00bbparallaxcontent\u00a0\u00bb dhsv_background_color=\u00a0\u00bbbg_black\u00a0\u00bb dhsv_margin_top=\u00a0\u00bbvc-margin-top-none\u00a0\u00bb][vc_column][dhsv_vc_header bgimage=\u00a0\u00bb1211&Prime; subline=\u00a0\u00bbDirection et Histoire\u00a0\u00bb headline1=\u00a0\u00bbUNE HISTOIRE FAITE DE CONTINUIT\u00c9 ET DE CHANGEMENT. \u00a0\u00bb headline2=\u00a0\u00bbTRADITION ET INNOVATION\u00a0\u00bb][\/vc_column][\/vc_row][vc_row][vc_column width=\u00a0\u00bb2\/3&Prime;][vc_column_text] Treiber Trays est une entreprise familiale depuis cinq g\u00e9n\u00e9rations. Depuis plus de soixante-dix ans, la soci\u00e9t\u00e9 fournit des","og_url":"https:\/\/www.treiber-trays.com\/fr\/company\/management-history\/","og_site_name":"Treiber Trays","article_modified_time":"2018-03-29T10:51:00+00:00","twitter_misc":{"Dur\u00e9e de lecture estim\u00e9e":"4 minutes"},"schema":{"@context":"https:\/\/schema.org","@graph":[{"@type":"WebPage","@id":"https:\/\/www.treiber-trays.com\/fr\/company\/management-history\/","url":"https:\/\/www.treiber-trays.com\/fr\/company\/management-history\/","name":"Direction et Histoire - Treiber Trays","isPartOf":{"@id":"https:\/\/www.treiber-trays.com\/fr\/#website"},"datePublished":"2017-04-25T08:13:51+00:00","dateModified":"2018-03-29T10:51:00+00:00","breadcrumb":{"@id":"https:\/\/www.treiber-trays.com\/fr\/company\/management-history\/#breadcrumb"},"inLanguage":"fr-FR","potentialAction":[{"@type":"ReadAction","target":["https:\/\/www.treiber-trays.com\/fr\/company\/management-history\/"]}]},{"@type":"BreadcrumbList","@id":"https:\/\/www.treiber-trays.com\/fr\/company\/management-history\/#breadcrumb","itemListElement":[{"@type":"ListItem","position":1,"name":"Home","item":"https:\/\/www.treiber-trays.com\/fr\/"},{"@type":"ListItem","position":2,"name":"SOCI\u00c9T\u00c9","item":"https:\/\/www.treiber-trays.com\/fr\/company\/"},{"@type":"ListItem","position":3,"name":"Direction et Histoire"}]},{"@type":"WebSite","@id":"https:\/\/www.treiber-trays.com\/fr\/#website","url":"https:\/\/www.treiber-trays.com\/fr\/","name":"Treiber Trays","description":"","potentialAction":[{"@type":"SearchAction","target":{"@type":"EntryPoint","urlTemplate":"https:\/\/www.treiber-trays.com\/fr\/?s={search_term_string}"},"query-input":{"@type":"PropertyValueSpecification","valueRequired":true,"valueName":"search_term_string"}}],"inLanguage":"fr-FR"}]}},"_links":{"self":[{"href":"https:\/\/www.treiber-trays.com\/fr\/wp-json\/wp\/v2\/pages\/2449","targetHints":{"allow":["GET"]}}],"collection":[{"href":"https:\/\/www.treiber-trays.com\/fr\/wp-json\/wp\/v2\/pages"}],"about":[{"href":"https:\/\/www.treiber-trays.com\/fr\/wp-json\/wp\/v2\/types\/page"}],"author":[{"embeddable":true,"href":"https:\/\/www.treiber-trays.com\/fr\/wp-json\/wp\/v2\/users\/5"}],"replies":[{"embeddable":true,"href":"https:\/\/www.treiber-trays.com\/fr\/wp-json\/wp\/v2\/comments?post=2449"}],"version-history":[{"count":4,"href":"https:\/\/www.treiber-trays.com\/fr\/wp-json\/wp\/v2\/pages\/2449\/revisions"}],"predecessor-version":[{"id":2558,"href":"https:\/\/www.treiber-trays.com\/fr\/wp-json\/wp\/v2\/pages\/2449\/revisions\/2558"}],"up":[{"embeddable":true,"href":"https:\/\/www.treiber-trays.com\/fr\/wp-json\/wp\/v2\/pages\/2447"}],"wp:attachment":[{"href":"https:\/\/www.treiber-trays.com\/fr\/wp-json\/wp\/v2\/media?parent=2449"}],"curies":[{"name":"wp","href":"https:\/\/api.w.org\/{rel}","templated":true}]}}