{"id":2450,"date":"2017-05-02T16:15:36","date_gmt":"2017-05-02T14:15:36","guid":{"rendered":"https:\/\/www.treiber-trays.com\/company\/quality-management\/"},"modified":"2018-03-23T11:51:31","modified_gmt":"2018-03-23T09:51:31","slug":"quality-management","status":"publish","type":"page","link":"https:\/\/www.treiber-trays.com\/fr\/company\/quality-management\/","title":{"rendered":"GESTION DE LA QUALIT\u00c9"},"content":{"rendered":"<div class=\"wpb-content-wrapper\"><p>[vc_row full_width=\u00a0\u00bbstretch_row_content_no_spaces\u00a0\u00bb dhsv_parallaxcontent=\u00a0\u00bbparallaxcontent\u00a0\u00bb dhsv_background_color=\u00a0\u00bbbg_black\u00a0\u00bb dhsv_margin_top=\u00a0\u00bbvc-margin-top-none\u00a0\u00bb][vc_column][dhsv_vc_header bgimage=\u00a0\u00bb1222&Prime; subline=\u00a0\u00bbGESTION DE LA QUALIT\u00c9\u00a0\u00bb headline1=\u00a0\u00bbLA QUALIT\u00c9.\u00a0\u00bb headline2=\u00a0\u00bbGR\u00c2CE \u00c0 NOTRE PASSION DU D\u00c9TAIL\u00a0\u00bb][\/vc_column][\/vc_row][vc_row dhsv_margin_top=\u00a0\u00bbvc-margin-top-large\u00a0\u00bb dhsv_margin_bottom=\u00a0\u00bbvc-margin-bottom-large\u00a0\u00bb][vc_column width=\u00a0\u00bb2\/3&Prime;][vc_column_text]<\/p>\n<p class=\"p1 intro\"><span class=\"s1\">Vous attendez de nos coffrets qu\u2019ils facilitent la production de votre mogul. C\u2019est pourquoi la qualit\u00e9 de nos produits est essentielle et nous attachons une attention particuli\u00e8re au contr\u00f4le qualit\u00e9. <\/span><\/p>\n<p class=\"p1 intro\"><span class=\"s1\">Dans le cadre de notre gestion de la qualit\u00e9, la direction et le personnel de l\u2019entreprise travaillent en permanence \u00e0 l\u2019am\u00e9lioration de nos produits et proc\u00e9d\u00e9s en appliquant les mesures et contr\u00f4les ad\u00e9quats pour r\u00e9pondre aux exigences et besoins particuliers de nos clients et les satisfaire toujours davantage.<\/span><\/p>\n<p class=\"p1 intro\"><span class=\"s1\">D\u00e8s lors, nous mesurons et \u00e9valuons en permanence nos proc\u00e9d\u00e9s internes dans le cadre de notre syst\u00e8me de gestion de la qualit\u00e9 conform\u00e9ment \u00e0 la norme DIN EN ISO 9001:2008, qui fait l\u2019objet d\u2019une certification annuelle (cf. T\u00e9l\u00e9chargements &amp; Liens)<\/span><\/p>\n<p>[\/vc_column_text][\/vc_column][vc_column width=\u00a0\u00bb1\/3&Prime;][vc_single_image image=\u00a0\u00bb1223&Prime;][\/vc_column][\/vc_row][vc_row][vc_column width=\u00a0\u00bb1\/3&Prime;][vc_single_image image=\u00a0\u00bb1227&Prime;][vc_column_text]<\/p>\n<h2 class=\"h3\">ORIENTATION CLIENTS<\/h2>\n<ul>\n<li>Ce sont nos clients qui d\u00e9finissent le seuil de qualit\u00e9 de nos produits et proc\u00e9d\u00e9s. Leur avis est d\u00e9cisif.<\/li>\n<li>La mise en \u0153uvre professionnelle de leurs exigences est notre responsabilit\u00e9.<\/li>\n<\/ul>\n<p>[\/vc_column_text][\/vc_column][vc_column width=\u00a0\u00bb1\/3&Prime;][vc_single_image image=\u00a0\u00bb1228&Prime;][vc_column_text]<\/p>\n<h2 class=\"h3\">AM\u00c9LIORATION CONTINUE<\/h2>\n<ul>\n<li>Am\u00e9liorer la satisfaction du client est un objectif permanent.<\/li>\n<li>\u00c0 cet \u00e9gard, des objectifs de qualit\u00e9 sont r\u00e9guli\u00e8rement d\u00e9finis \u00e0 tous les niveaux et leur application est contr\u00f4l\u00e9e par tous les membres de notre personnel.<\/li>\n<\/ul>\n<p>[\/vc_column_text][\/vc_column][vc_column width=\u00a0\u00bb1\/3&Prime;][vc_single_image image=\u00a0\u00bb1226&Prime;][vc_column_text]<\/p>\n<h2 class=\"h3\">IMPLICATION DES PARTIES PRENANTES<\/h2>\n<ul>\n<li>Par l\u2019int\u00e9gration de nos clients et fournisseurs, nous nous effor\u00e7ons d\u2019am\u00e9liorer toute la cha\u00eene de valeur.<\/li>\n<li>Toutes les parties prenantes sont impliqu\u00e9es en permanence dans le processus d\u2019am\u00e9lioration organisationnel<\/li>\n<\/ul>\n<p>[\/vc_column_text][\/vc_column][\/vc_row][vc_row][vc_column][dhsv_vc_imagegallery slider=\u00a0\u00bb%5B%7B%22image%22%3A%221596%22%7D%2C%7B%22image%22%3A%221594%22%7D%2C%7B%22image%22%3A%221595%22%7D%5D\u00a0\u00bb][\/vc_column][\/vc_row]<\/p>\n<\/div>","protected":false},"excerpt":{"rendered":"<p>[vc_row full_width=\u00a0\u00bbstretch_row_content_no_spaces\u00a0\u00bb dhsv_parallaxcontent=\u00a0\u00bbparallaxcontent\u00a0\u00bb dhsv_background_color=\u00a0\u00bbbg_black\u00a0\u00bb dhsv_margin_top=\u00a0\u00bbvc-margin-top-none\u00a0\u00bb][vc_column][dhsv_vc_header bgimage=\u00a0\u00bb1222&Prime; subline=\u00a0\u00bbGESTION DE LA QUALIT\u00c9\u00a0\u00bb headline1=\u00a0\u00bbLA QUALIT\u00c9.\u00a0\u00bb headline2=\u00a0\u00bbGR\u00c2CE \u00c0 NOTRE PASSION DU D\u00c9TAIL\u00a0\u00bb][\/vc_column][\/vc_row][vc_row dhsv_margin_top=\u00a0\u00bbvc-margin-top-large\u00a0\u00bb dhsv_margin_bottom=\u00a0\u00bbvc-margin-bottom-large\u00a0\u00bb][vc_column width=\u00a0\u00bb2\/3&Prime;][vc_column_text] Vous attendez de nos coffrets qu\u2019ils facilitent la production de votre mogul. C\u2019est pourquoi la qualit\u00e9 de nos produits<\/p>\n","protected":false},"author":5,"featured_media":0,"parent":2447,"menu_order":0,"comment_status":"closed","ping_status":"closed","template":"","meta":{"_acf_changed":false,"footnotes":""},"class_list":["post-2450","page","type-page","status-publish","hentry"],"acf":[],"yoast_head":"<!-- This site is optimized with the Yoast SEO plugin v27.3 - https:\/\/yoast.com\/product\/yoast-seo-wordpress\/ -->\n<title>GESTION DE LA QUALIT\u00c9 - Treiber Trays<\/title>\n<meta name=\"robots\" content=\"index, follow, max-snippet:-1, max-image-preview:large, max-video-preview:-1\" \/>\n<link rel=\"canonical\" href=\"https:\/\/www.treiber-trays.com\/fr\/company\/quality-management\/\" \/>\n<meta property=\"og:locale\" content=\"fr_FR\" \/>\n<meta property=\"og:type\" content=\"article\" \/>\n<meta property=\"og:title\" content=\"GESTION DE LA QUALIT\u00c9 - Treiber Trays\" \/>\n<meta property=\"og:description\" content=\"[vc_row full_width=\u00a0\u00bbstretch_row_content_no_spaces\u00a0\u00bb dhsv_parallaxcontent=\u00a0\u00bbparallaxcontent\u00a0\u00bb dhsv_background_color=\u00a0\u00bbbg_black\u00a0\u00bb dhsv_margin_top=\u00a0\u00bbvc-margin-top-none\u00a0\u00bb][vc_column][dhsv_vc_header bgimage=\u00a0\u00bb1222&Prime; subline=\u00a0\u00bbGESTION DE LA QUALIT\u00c9\u00a0\u00bb headline1=\u00a0\u00bbLA QUALIT\u00c9.\u00a0\u00bb headline2=\u00a0\u00bbGR\u00c2CE \u00c0 NOTRE PASSION DU D\u00c9TAIL\u00a0\u00bb][\/vc_column][\/vc_row][vc_row dhsv_margin_top=\u00a0\u00bbvc-margin-top-large\u00a0\u00bb dhsv_margin_bottom=\u00a0\u00bbvc-margin-bottom-large\u00a0\u00bb][vc_column width=\u00a0\u00bb2\/3&Prime;][vc_column_text] Vous attendez de nos coffrets qu\u2019ils facilitent la production de votre mogul. C\u2019est pourquoi la qualit\u00e9 de nos produits\" \/>\n<meta property=\"og:url\" content=\"https:\/\/www.treiber-trays.com\/fr\/company\/quality-management\/\" \/>\n<meta property=\"og:site_name\" content=\"Treiber Trays\" \/>\n<meta property=\"article:modified_time\" content=\"2018-03-23T09:51:31+00:00\" \/>\n<meta name=\"twitter:label1\" content=\"Dur\u00e9e de lecture estim\u00e9e\" \/>\n\t<meta name=\"twitter:data1\" content=\"2 minutes\" \/>\n<script type=\"application\/ld+json\" class=\"yoast-schema-graph\">{\"@context\":\"https:\\\/\\\/schema.org\",\"@graph\":[{\"@type\":\"WebPage\",\"@id\":\"https:\\\/\\\/www.treiber-trays.com\\\/fr\\\/company\\\/quality-management\\\/\",\"url\":\"https:\\\/\\\/www.treiber-trays.com\\\/fr\\\/company\\\/quality-management\\\/\",\"name\":\"GESTION DE LA QUALIT\u00c9 - Treiber Trays\",\"isPartOf\":{\"@id\":\"https:\\\/\\\/www.treiber-trays.com\\\/fr\\\/#website\"},\"datePublished\":\"2017-05-02T14:15:36+00:00\",\"dateModified\":\"2018-03-23T09:51:31+00:00\",\"breadcrumb\":{\"@id\":\"https:\\\/\\\/www.treiber-trays.com\\\/fr\\\/company\\\/quality-management\\\/#breadcrumb\"},\"inLanguage\":\"fr-FR\",\"potentialAction\":[{\"@type\":\"ReadAction\",\"target\":[\"https:\\\/\\\/www.treiber-trays.com\\\/fr\\\/company\\\/quality-management\\\/\"]}]},{\"@type\":\"BreadcrumbList\",\"@id\":\"https:\\\/\\\/www.treiber-trays.com\\\/fr\\\/company\\\/quality-management\\\/#breadcrumb\",\"itemListElement\":[{\"@type\":\"ListItem\",\"position\":1,\"name\":\"Home\",\"item\":\"https:\\\/\\\/www.treiber-trays.com\\\/fr\\\/\"},{\"@type\":\"ListItem\",\"position\":2,\"name\":\"SOCI\u00c9T\u00c9\",\"item\":\"https:\\\/\\\/www.treiber-trays.com\\\/fr\\\/company\\\/\"},{\"@type\":\"ListItem\",\"position\":3,\"name\":\"GESTION DE LA QUALIT\u00c9\"}]},{\"@type\":\"WebSite\",\"@id\":\"https:\\\/\\\/www.treiber-trays.com\\\/fr\\\/#website\",\"url\":\"https:\\\/\\\/www.treiber-trays.com\\\/fr\\\/\",\"name\":\"Treiber Trays\",\"description\":\"\",\"potentialAction\":[{\"@type\":\"SearchAction\",\"target\":{\"@type\":\"EntryPoint\",\"urlTemplate\":\"https:\\\/\\\/www.treiber-trays.com\\\/fr\\\/?s={search_term_string}\"},\"query-input\":{\"@type\":\"PropertyValueSpecification\",\"valueRequired\":true,\"valueName\":\"search_term_string\"}}],\"inLanguage\":\"fr-FR\"}]}<\/script>\n<!-- \/ Yoast SEO plugin. -->","yoast_head_json":{"title":"GESTION DE LA QUALIT\u00c9 - Treiber Trays","robots":{"index":"index","follow":"follow","max-snippet":"max-snippet:-1","max-image-preview":"max-image-preview:large","max-video-preview":"max-video-preview:-1"},"canonical":"https:\/\/www.treiber-trays.com\/fr\/company\/quality-management\/","og_locale":"fr_FR","og_type":"article","og_title":"GESTION DE LA QUALIT\u00c9 - Treiber Trays","og_description":"[vc_row full_width=\u00a0\u00bbstretch_row_content_no_spaces\u00a0\u00bb dhsv_parallaxcontent=\u00a0\u00bbparallaxcontent\u00a0\u00bb dhsv_background_color=\u00a0\u00bbbg_black\u00a0\u00bb dhsv_margin_top=\u00a0\u00bbvc-margin-top-none\u00a0\u00bb][vc_column][dhsv_vc_header bgimage=\u00a0\u00bb1222&Prime; subline=\u00a0\u00bbGESTION DE LA QUALIT\u00c9\u00a0\u00bb headline1=\u00a0\u00bbLA QUALIT\u00c9.\u00a0\u00bb headline2=\u00a0\u00bbGR\u00c2CE \u00c0 NOTRE PASSION DU D\u00c9TAIL\u00a0\u00bb][\/vc_column][\/vc_row][vc_row dhsv_margin_top=\u00a0\u00bbvc-margin-top-large\u00a0\u00bb dhsv_margin_bottom=\u00a0\u00bbvc-margin-bottom-large\u00a0\u00bb][vc_column width=\u00a0\u00bb2\/3&Prime;][vc_column_text] Vous attendez de nos coffrets qu\u2019ils facilitent la production de votre mogul. C\u2019est pourquoi la qualit\u00e9 de nos produits","og_url":"https:\/\/www.treiber-trays.com\/fr\/company\/quality-management\/","og_site_name":"Treiber Trays","article_modified_time":"2018-03-23T09:51:31+00:00","twitter_misc":{"Dur\u00e9e de lecture estim\u00e9e":"2 minutes"},"schema":{"@context":"https:\/\/schema.org","@graph":[{"@type":"WebPage","@id":"https:\/\/www.treiber-trays.com\/fr\/company\/quality-management\/","url":"https:\/\/www.treiber-trays.com\/fr\/company\/quality-management\/","name":"GESTION DE LA QUALIT\u00c9 - Treiber Trays","isPartOf":{"@id":"https:\/\/www.treiber-trays.com\/fr\/#website"},"datePublished":"2017-05-02T14:15:36+00:00","dateModified":"2018-03-23T09:51:31+00:00","breadcrumb":{"@id":"https:\/\/www.treiber-trays.com\/fr\/company\/quality-management\/#breadcrumb"},"inLanguage":"fr-FR","potentialAction":[{"@type":"ReadAction","target":["https:\/\/www.treiber-trays.com\/fr\/company\/quality-management\/"]}]},{"@type":"BreadcrumbList","@id":"https:\/\/www.treiber-trays.com\/fr\/company\/quality-management\/#breadcrumb","itemListElement":[{"@type":"ListItem","position":1,"name":"Home","item":"https:\/\/www.treiber-trays.com\/fr\/"},{"@type":"ListItem","position":2,"name":"SOCI\u00c9T\u00c9","item":"https:\/\/www.treiber-trays.com\/fr\/company\/"},{"@type":"ListItem","position":3,"name":"GESTION DE LA QUALIT\u00c9"}]},{"@type":"WebSite","@id":"https:\/\/www.treiber-trays.com\/fr\/#website","url":"https:\/\/www.treiber-trays.com\/fr\/","name":"Treiber Trays","description":"","potentialAction":[{"@type":"SearchAction","target":{"@type":"EntryPoint","urlTemplate":"https:\/\/www.treiber-trays.com\/fr\/?s={search_term_string}"},"query-input":{"@type":"PropertyValueSpecification","valueRequired":true,"valueName":"search_term_string"}}],"inLanguage":"fr-FR"}]}},"_links":{"self":[{"href":"https:\/\/www.treiber-trays.com\/fr\/wp-json\/wp\/v2\/pages\/2450","targetHints":{"allow":["GET"]}}],"collection":[{"href":"https:\/\/www.treiber-trays.com\/fr\/wp-json\/wp\/v2\/pages"}],"about":[{"href":"https:\/\/www.treiber-trays.com\/fr\/wp-json\/wp\/v2\/types\/page"}],"author":[{"embeddable":true,"href":"https:\/\/www.treiber-trays.com\/fr\/wp-json\/wp\/v2\/users\/5"}],"replies":[{"embeddable":true,"href":"https:\/\/www.treiber-trays.com\/fr\/wp-json\/wp\/v2\/comments?post=2450"}],"version-history":[{"count":2,"href":"https:\/\/www.treiber-trays.com\/fr\/wp-json\/wp\/v2\/pages\/2450\/revisions"}],"predecessor-version":[{"id":2489,"href":"https:\/\/www.treiber-trays.com\/fr\/wp-json\/wp\/v2\/pages\/2450\/revisions\/2489"}],"up":[{"embeddable":true,"href":"https:\/\/www.treiber-trays.com\/fr\/wp-json\/wp\/v2\/pages\/2447"}],"wp:attachment":[{"href":"https:\/\/www.treiber-trays.com\/fr\/wp-json\/wp\/v2\/media?parent=2450"}],"curies":[{"name":"wp","href":"https:\/\/api.w.org\/{rel}","templated":true}]}}