{"id":2451,"date":"2017-07-12T11:26:23","date_gmt":"2017-07-12T09:26:23","guid":{"rendered":"https:\/\/www.treiber-trays.com\/company\/treiber-trays-worldwide\/"},"modified":"2018-03-23T12:18:02","modified_gmt":"2018-03-23T10:18:02","slug":"treiber-trays-worldwide","status":"publish","type":"page","link":"https:\/\/www.treiber-trays.com\/fr\/company\/treiber-trays-worldwide\/","title":{"rendered":"Treiber trays dans le monde"},"content":{"rendered":"<div class=\"wpb-content-wrapper\"><p>[vc_row full_width=\u00a0\u00bbstretch_row_content_no_spaces\u00a0\u00bb dhsv_parallaxcontent=\u00a0\u00bbparallaxcontent\u00a0\u00bb dhsv_background_color=\u00a0\u00bbbg_black\u00a0\u00bb dhsv_margin_top=\u00a0\u00bbvc-margin-top-none\u00a0\u00bb][vc_column][dhsv_vc_header bgimage=\u00a0\u00bb1110&Prime; subline=\u00a0\u00bbProduction\u00a0\u00bb headline1=\u00a0\u00bbLA QUALITE.\u00a0\u00bb headline2=\u00a0\u00bbMADE IN GERMANY\u00a0\u00bb][\/vc_column][\/vc_row][vc_row dhsv_margin_top=\u00a0\u00bbvc-margin-top-large\u00a0\u00bb][vc_column width=\u00a0\u00bb1\/2&Prime;][vc_column_text]<\/p>\n<p class=\"intro\">Des produits de qualit\u00e9 exigent \u00e0 la fois des travailleurs qualifi\u00e9s et une technologie de production moderne. C\u2019est la raison pour laquelle Treiber Trays a toujours produit en Allemagne. Treiber Trays y a \u00e9tabli un r\u00e9seau de constructeurs de machines et d\u2019outilleurs, dont l\u2019excellent travail \u00ab made in Germany \u00bb est appr\u00e9ci\u00e9 partout dans le monde, par nous-m\u00eames et par nos clients depuis longtemps.<\/p>\n<p>[\/vc_column_text][\/vc_column][vc_column width=\u00a0\u00bb1\/2&Prime;][\/vc_column][\/vc_row][vc_row el_class=\u00a0\u00bbnopaddingrow\u00a0\u00bb][vc_column width=\u00a0\u00bb3\/12&Prime;][vc_single_image image=\u00a0\u00bb1250&Prime;][\/vc_column][vc_column width=\u00a0\u00bb5\/12&Prime;][vc_single_image image=\u00a0\u00bb1251&Prime;][\/vc_column][vc_column width=\u00a0\u00bb4\/12&Prime;][vc_single_image image=\u00a0\u00bb1252&Prime;][\/vc_column][\/vc_row][vc_row dhsv_margin_top=\u00a0\u00bbvc-margin-top-large\u00a0\u00bb][vc_column width=\u00a0\u00bb1\/2&Prime;][vc_column_text]<\/p>\n<p class=\"intro\">Implant\u00e9s \u00e0 Heidelberg, au centre de l\u2019une des r\u00e9gions \u00e9conomiques les plus dynamiques au monde, nous profitons de la proximit\u00e9 d\u2019acteurs mondiaux tels que BASF, Daimler et Porsche, qui mettent la barre haut pour nos fournisseurs, puisque pour la plupart, ilq travaillant \u00e9galement pour le secteur automobile.<\/p>\n<p class=\"intro\">Notre site de production comporte un autre avantage : il est situ\u00e9 \u00e0 moins de deux heures des si\u00e8ges de Bosch Makat et de Winkler und D\u00fcnnebier, ce qui am\u00e9liore consid\u00e9rablement la coordination de votre projet de mogul.<\/p>\n<p>[\/vc_column_text][\/vc_column][vc_column width=\u00a0\u00bb1\/2&Prime;][vc_single_image image=\u00a0\u00bb1597&Prime;][\/vc_column][\/vc_row][vc_row dhsv_margin_top=\u00a0\u00bbvc-margin-top-large\u00a0\u00bb dhsv_margin_bottom=\u00a0\u00bbvc-margin-bottom-large\u00a0\u00bb el_class=\u00a0\u00bbnopaddingrow\u00a0\u00bb][vc_column width=\u00a0\u00bb1\/3&Prime;][vc_single_image image=\u00a0\u00bb1619&Prime;][\/vc_column][vc_column width=\u00a0\u00bb1\/3&Prime;][vc_single_image image=\u00a0\u00bb1113&Prime;][\/vc_column][vc_column width=\u00a0\u00bb1\/3&Prime;][vc_single_image image=\u00a0\u00bb1114&Prime;][\/vc_column][\/vc_row][vc_row disable_element=\u00a0\u00bbyes\u00a0\u00bb dhsv_margin_top=\u00a0\u00bbvc-margin-top-none\u00a0\u00bb][vc_column][dhsv_vc_logoslider logos=\u00a0\u00bb1116,1117,1118,1119,1120,1121,1122,1123,1124,1125,1126,1127,1128,1129,1130,1131,1132,1133,1134,1135,1136,1137,1138&Prime;][\/vc_column][\/vc_row][vc_row dhsv_parallaxcontent=\u00a0\u00bbparallaxcontent\u00a0\u00bb dhsv_margin_top=\u00a0\u00bbvc-margin-top-large\u00a0\u00bb el_id=\u00a0\u00bbworldwide\u00a0\u00bb][vc_column][dhsv_vc_headline subline=\u00a0\u00bbDans le monde\u00a0\u00bb headline1=\u00a0\u00bbLa qualit\u00e9\u00a0\u00bb headline2=\u00a0\u00bbDepuis l\u2019Allemagne vers le monde entier\u00a0\u00bb border_color=\u00a0\u00bbred\u00a0\u00bb][\/vc_column][\/vc_row][vc_row][vc_column width=\u00a0\u00bb2\/3&Prime;][vc_column_text]<\/p>\n<p class=\"intro\">Avantageusement situ\u00e9 au centre de l\u2019Europe et \u00e0 proximit\u00e9 de grands ports maritimes tels que Rotterdam, Anvers ou Hambourg, Treiber Trays livre ses clients dans plus de 100 pays dans le monde. L\u2019excellente infrastructure logistique vous garantit une livraison s\u00fbre, fiable et juste \u00e0 temps \u00e0 votre usine.<\/p>\n<p>[\/vc_column_text][\/vc_column][vc_column width=\u00a0\u00bb1\/3&Prime;][\/vc_column][\/vc_row][vc_row dhsv_margin_bottom=\u00a0\u00bbvc-margin-bottom-none\u00a0\u00bb][vc_column width=\u00a0\u00bb1\/4&Prime;][vc_column_text]<\/p>\n<h3>Treiber Trays<br \/>\nclients<\/h3>\n<p>[\/vc_column_text][\/vc_column][vc_column width=\u00a0\u00bb3\/4&Prime;][vc_single_image image=\u00a0\u00bb1112&Prime;][\/vc_column][\/vc_row][vc_row dhsv_margin_bottom=\u00a0\u00bbvc-margin-bottom-large\u00a0\u00bb][vc_column][dhsv_vc_imagegallery slider=\u00a0\u00bb%5B%7B%22image%22%3A%221095%22%7D%2C%7B%22image%22%3A%221094%22%7D%5D\u00a0\u00bb][\/vc_column][\/vc_row]<\/p>\n<\/div>","protected":false},"excerpt":{"rendered":"<p>[vc_row full_width=\u00a0\u00bbstretch_row_content_no_spaces\u00a0\u00bb dhsv_parallaxcontent=\u00a0\u00bbparallaxcontent\u00a0\u00bb dhsv_background_color=\u00a0\u00bbbg_black\u00a0\u00bb dhsv_margin_top=\u00a0\u00bbvc-margin-top-none\u00a0\u00bb][vc_column][dhsv_vc_header bgimage=\u00a0\u00bb1110&Prime; subline=\u00a0\u00bbProduction\u00a0\u00bb headline1=\u00a0\u00bbLA QUALITE.\u00a0\u00bb headline2=\u00a0\u00bbMADE IN GERMANY\u00a0\u00bb][\/vc_column][\/vc_row][vc_row dhsv_margin_top=\u00a0\u00bbvc-margin-top-large\u00a0\u00bb][vc_column width=\u00a0\u00bb1\/2&Prime;][vc_column_text] Des produits de qualit\u00e9 exigent \u00e0 la fois des travailleurs qualifi\u00e9s et une technologie de production moderne. C\u2019est la raison pour laquelle Treiber Trays a toujours<\/p>\n","protected":false},"author":5,"featured_media":0,"parent":2447,"menu_order":0,"comment_status":"closed","ping_status":"closed","template":"","meta":{"_acf_changed":false,"footnotes":""},"class_list":["post-2451","page","type-page","status-publish","hentry"],"acf":[],"yoast_head":"<!-- This site is optimized with the Yoast SEO plugin v27.3 - https:\/\/yoast.com\/product\/yoast-seo-wordpress\/ -->\n<title>Treiber trays dans le monde - Treiber Trays<\/title>\n<meta name=\"robots\" content=\"index, follow, max-snippet:-1, max-image-preview:large, max-video-preview:-1\" \/>\n<link rel=\"canonical\" href=\"https:\/\/www.treiber-trays.com\/fr\/company\/treiber-trays-worldwide\/\" \/>\n<meta property=\"og:locale\" content=\"fr_FR\" \/>\n<meta property=\"og:type\" content=\"article\" \/>\n<meta property=\"og:title\" content=\"Treiber trays dans le monde - Treiber Trays\" \/>\n<meta property=\"og:description\" content=\"[vc_row full_width=\u00a0\u00bbstretch_row_content_no_spaces\u00a0\u00bb dhsv_parallaxcontent=\u00a0\u00bbparallaxcontent\u00a0\u00bb dhsv_background_color=\u00a0\u00bbbg_black\u00a0\u00bb dhsv_margin_top=\u00a0\u00bbvc-margin-top-none\u00a0\u00bb][vc_column][dhsv_vc_header bgimage=\u00a0\u00bb1110&Prime; subline=\u00a0\u00bbProduction\u00a0\u00bb headline1=\u00a0\u00bbLA QUALITE.\u00a0\u00bb headline2=\u00a0\u00bbMADE IN GERMANY\u00a0\u00bb][\/vc_column][\/vc_row][vc_row dhsv_margin_top=\u00a0\u00bbvc-margin-top-large\u00a0\u00bb][vc_column width=\u00a0\u00bb1\/2&Prime;][vc_column_text] Des produits de qualit\u00e9 exigent \u00e0 la fois des travailleurs qualifi\u00e9s et une technologie de production moderne. C\u2019est la raison pour laquelle Treiber Trays a toujours\" \/>\n<meta property=\"og:url\" content=\"https:\/\/www.treiber-trays.com\/fr\/company\/treiber-trays-worldwide\/\" \/>\n<meta property=\"og:site_name\" content=\"Treiber Trays\" \/>\n<meta property=\"article:modified_time\" content=\"2018-03-23T10:18:02+00:00\" \/>\n<meta name=\"twitter:label1\" content=\"Dur\u00e9e de lecture estim\u00e9e\" \/>\n\t<meta name=\"twitter:data1\" content=\"3 minutes\" \/>\n<script type=\"application\/ld+json\" class=\"yoast-schema-graph\">{\"@context\":\"https:\\\/\\\/schema.org\",\"@graph\":[{\"@type\":\"WebPage\",\"@id\":\"https:\\\/\\\/www.treiber-trays.com\\\/fr\\\/company\\\/treiber-trays-worldwide\\\/\",\"url\":\"https:\\\/\\\/www.treiber-trays.com\\\/fr\\\/company\\\/treiber-trays-worldwide\\\/\",\"name\":\"Treiber trays dans le monde - Treiber Trays\",\"isPartOf\":{\"@id\":\"https:\\\/\\\/www.treiber-trays.com\\\/fr\\\/#website\"},\"datePublished\":\"2017-07-12T09:26:23+00:00\",\"dateModified\":\"2018-03-23T10:18:02+00:00\",\"breadcrumb\":{\"@id\":\"https:\\\/\\\/www.treiber-trays.com\\\/fr\\\/company\\\/treiber-trays-worldwide\\\/#breadcrumb\"},\"inLanguage\":\"fr-FR\",\"potentialAction\":[{\"@type\":\"ReadAction\",\"target\":[\"https:\\\/\\\/www.treiber-trays.com\\\/fr\\\/company\\\/treiber-trays-worldwide\\\/\"]}]},{\"@type\":\"BreadcrumbList\",\"@id\":\"https:\\\/\\\/www.treiber-trays.com\\\/fr\\\/company\\\/treiber-trays-worldwide\\\/#breadcrumb\",\"itemListElement\":[{\"@type\":\"ListItem\",\"position\":1,\"name\":\"Home\",\"item\":\"https:\\\/\\\/www.treiber-trays.com\\\/fr\\\/\"},{\"@type\":\"ListItem\",\"position\":2,\"name\":\"SOCI\u00c9T\u00c9\",\"item\":\"https:\\\/\\\/www.treiber-trays.com\\\/fr\\\/company\\\/\"},{\"@type\":\"ListItem\",\"position\":3,\"name\":\"Treiber trays dans le monde\"}]},{\"@type\":\"WebSite\",\"@id\":\"https:\\\/\\\/www.treiber-trays.com\\\/fr\\\/#website\",\"url\":\"https:\\\/\\\/www.treiber-trays.com\\\/fr\\\/\",\"name\":\"Treiber Trays\",\"description\":\"\",\"potentialAction\":[{\"@type\":\"SearchAction\",\"target\":{\"@type\":\"EntryPoint\",\"urlTemplate\":\"https:\\\/\\\/www.treiber-trays.com\\\/fr\\\/?s={search_term_string}\"},\"query-input\":{\"@type\":\"PropertyValueSpecification\",\"valueRequired\":true,\"valueName\":\"search_term_string\"}}],\"inLanguage\":\"fr-FR\"}]}<\/script>\n<!-- \/ Yoast SEO plugin. -->","yoast_head_json":{"title":"Treiber trays dans le monde - Treiber Trays","robots":{"index":"index","follow":"follow","max-snippet":"max-snippet:-1","max-image-preview":"max-image-preview:large","max-video-preview":"max-video-preview:-1"},"canonical":"https:\/\/www.treiber-trays.com\/fr\/company\/treiber-trays-worldwide\/","og_locale":"fr_FR","og_type":"article","og_title":"Treiber trays dans le monde - Treiber Trays","og_description":"[vc_row full_width=\u00a0\u00bbstretch_row_content_no_spaces\u00a0\u00bb dhsv_parallaxcontent=\u00a0\u00bbparallaxcontent\u00a0\u00bb dhsv_background_color=\u00a0\u00bbbg_black\u00a0\u00bb dhsv_margin_top=\u00a0\u00bbvc-margin-top-none\u00a0\u00bb][vc_column][dhsv_vc_header bgimage=\u00a0\u00bb1110&Prime; subline=\u00a0\u00bbProduction\u00a0\u00bb headline1=\u00a0\u00bbLA QUALITE.\u00a0\u00bb headline2=\u00a0\u00bbMADE IN GERMANY\u00a0\u00bb][\/vc_column][\/vc_row][vc_row dhsv_margin_top=\u00a0\u00bbvc-margin-top-large\u00a0\u00bb][vc_column width=\u00a0\u00bb1\/2&Prime;][vc_column_text] Des produits de qualit\u00e9 exigent \u00e0 la fois des travailleurs qualifi\u00e9s et une technologie de production moderne. C\u2019est la raison pour laquelle Treiber Trays a toujours","og_url":"https:\/\/www.treiber-trays.com\/fr\/company\/treiber-trays-worldwide\/","og_site_name":"Treiber Trays","article_modified_time":"2018-03-23T10:18:02+00:00","twitter_misc":{"Dur\u00e9e de lecture estim\u00e9e":"3 minutes"},"schema":{"@context":"https:\/\/schema.org","@graph":[{"@type":"WebPage","@id":"https:\/\/www.treiber-trays.com\/fr\/company\/treiber-trays-worldwide\/","url":"https:\/\/www.treiber-trays.com\/fr\/company\/treiber-trays-worldwide\/","name":"Treiber trays dans le monde - Treiber Trays","isPartOf":{"@id":"https:\/\/www.treiber-trays.com\/fr\/#website"},"datePublished":"2017-07-12T09:26:23+00:00","dateModified":"2018-03-23T10:18:02+00:00","breadcrumb":{"@id":"https:\/\/www.treiber-trays.com\/fr\/company\/treiber-trays-worldwide\/#breadcrumb"},"inLanguage":"fr-FR","potentialAction":[{"@type":"ReadAction","target":["https:\/\/www.treiber-trays.com\/fr\/company\/treiber-trays-worldwide\/"]}]},{"@type":"BreadcrumbList","@id":"https:\/\/www.treiber-trays.com\/fr\/company\/treiber-trays-worldwide\/#breadcrumb","itemListElement":[{"@type":"ListItem","position":1,"name":"Home","item":"https:\/\/www.treiber-trays.com\/fr\/"},{"@type":"ListItem","position":2,"name":"SOCI\u00c9T\u00c9","item":"https:\/\/www.treiber-trays.com\/fr\/company\/"},{"@type":"ListItem","position":3,"name":"Treiber trays dans le monde"}]},{"@type":"WebSite","@id":"https:\/\/www.treiber-trays.com\/fr\/#website","url":"https:\/\/www.treiber-trays.com\/fr\/","name":"Treiber Trays","description":"","potentialAction":[{"@type":"SearchAction","target":{"@type":"EntryPoint","urlTemplate":"https:\/\/www.treiber-trays.com\/fr\/?s={search_term_string}"},"query-input":{"@type":"PropertyValueSpecification","valueRequired":true,"valueName":"search_term_string"}}],"inLanguage":"fr-FR"}]}},"_links":{"self":[{"href":"https:\/\/www.treiber-trays.com\/fr\/wp-json\/wp\/v2\/pages\/2451","targetHints":{"allow":["GET"]}}],"collection":[{"href":"https:\/\/www.treiber-trays.com\/fr\/wp-json\/wp\/v2\/pages"}],"about":[{"href":"https:\/\/www.treiber-trays.com\/fr\/wp-json\/wp\/v2\/types\/page"}],"author":[{"embeddable":true,"href":"https:\/\/www.treiber-trays.com\/fr\/wp-json\/wp\/v2\/users\/5"}],"replies":[{"embeddable":true,"href":"https:\/\/www.treiber-trays.com\/fr\/wp-json\/wp\/v2\/comments?post=2451"}],"version-history":[{"count":2,"href":"https:\/\/www.treiber-trays.com\/fr\/wp-json\/wp\/v2\/pages\/2451\/revisions"}],"predecessor-version":[{"id":2491,"href":"https:\/\/www.treiber-trays.com\/fr\/wp-json\/wp\/v2\/pages\/2451\/revisions\/2491"}],"up":[{"embeddable":true,"href":"https:\/\/www.treiber-trays.com\/fr\/wp-json\/wp\/v2\/pages\/2447"}],"wp:attachment":[{"href":"https:\/\/www.treiber-trays.com\/fr\/wp-json\/wp\/v2\/media?parent=2451"}],"curies":[{"name":"wp","href":"https:\/\/api.w.org\/{rel}","templated":true}]}}