{"id":2452,"date":"2017-04-25T10:12:21","date_gmt":"2017-04-25T08:12:21","guid":{"rendered":"https:\/\/www.treiber-trays.com\/company\/values\/"},"modified":"2018-10-29T13:20:13","modified_gmt":"2018-10-29T11:20:13","slug":"values","status":"publish","type":"page","link":"https:\/\/www.treiber-trays.com\/fr\/company\/values\/","title":{"rendered":"Valeurs"},"content":{"rendered":"<div class=\"wpb-content-wrapper\"><p>[vc_row full_width=\u00a0\u00bbstretch_row_content_no_spaces\u00a0\u00bb dhsv_parallaxcontent=\u00a0\u00bbparallaxcontent\u00a0\u00bb dhsv_background_color=\u00a0\u00bbbg_black\u00a0\u00bb dhsv_margin_top=\u00a0\u00bbvc-margin-top-none\u00a0\u00bb][vc_column][dhsv_vc_header bgimage=\u00a0\u00bb1069&Prime; subline=\u00a0\u00bbValeurs\u00a0\u00bb headline1=\u00a0\u00bbLA QUALIT\u00c9.\u00a0\u00bb headline2=\u00a0\u00bbOBTENUE GR\u00c2CE \u00c0 NOTRE COMP\u00c9TENCE, NOTRE COOP\u00c9RATION ET NOTRE CONTINUIT\u00c9\u00a0\u00bb][\/vc_column][\/vc_row][vc_row dhsv_margin_top=\u00a0\u00bbvc-margin-top-large\u00a0\u00bb dhsv_margin_bottom=\u00a0\u00bbvc-margin-bottom-large\u00a0\u00bb][vc_column width=\u00a0\u00bb2\/3&Prime;][vc_column_text]<\/p>\n<p class=\"p1 intro\"><span class=\"s1\">Dans le cadre dynamique des march\u00e9s mondialis\u00e9s, les valeurs de comp\u00e9tence, coop\u00e9ration et continuit\u00e9 sont ancr\u00e9es dans notre entreprise et sont les fondements m\u00eames de sa culture. Elles guident les activit\u00e9s commerciales de Treiber Trays.<\/span><\/p>\n<p>[\/vc_column_text][\/vc_column][vc_column width=\u00a0\u00bb1\/3&Prime;][\/vc_column][\/vc_row][vc_row dhsv_margin_bottom=\u00a0\u00bbvc-margin-bottom-large\u00a0\u00bb][vc_column width=\u00a0\u00bb1\/3&Prime; el_class=\u00a0\u00bbtext_image_box\u00a0\u00bb][vc_column_text]<\/p>\n<h4 class=\"p1\"><span class=\"s1\">Comp\u00e9tence<\/span><\/h4>\n<p>[\/vc_column_text][vc_single_image image=\u00a0\u00bb1076&Prime;][vc_column_text]<\/p>\n<p class=\"p1\"><span class=\"s1\">Depuis le d\u00e9but de notre entreprise, fid\u00e8le \u00e0 nos traditions, la qualit\u00e9 de nos produits atteint des niveaux tr\u00e8s \u00e9lev\u00e9s. Elle se fonde sur une recette unique de comp\u00e9tences, de capacit\u00e9s et de ressources : des travailleurs qualifi\u00e9s dot\u00e9s du bagage professionnel et du savoir-faire n\u00e9cessaire, des syst\u00e8mes de production modernes, mais aussi la sensibilit\u00e9 requise \u00e0 la qualit\u00e9, qui accompagne notre soci\u00e9t\u00e9 depuis des d\u00e9cennies.<\/span><\/p>\n<p>[\/vc_column_text][\/vc_column][vc_column width=\u00a0\u00bb1\/3&Prime; el_class=\u00a0\u00bbtext_image_box\u00a0\u00bb][vc_column_text]<\/p>\n<h4 class=\"p1\"><span class=\"s1\">Coop\u00e9ration<\/span><\/h4>\n<p>[\/vc_column_text][vc_single_image image=\u00a0\u00bb1078&Prime;][vc_column_text]<\/p>\n<p class=\"p1\"><span class=\"s1\">Nos clients et leurs besoins sont au c\u0153ur de nos activit\u00e9s professionnelles et de nos efforts. La relation avec nos clients tout comme la collaboration avec votre entreprise se d\u00e9finit par notre orientation clients, notre int\u00e9grit\u00e9 et notre action responsable. Pour nous, il est important de nouer un dialogue ouvert avec nos clients et fournisseurs afin d\u2019atteindre nos objectifs communs tout au long de la cha\u00eene de valeur.<\/span><\/p>\n<p>[\/vc_column_text][\/vc_column][vc_column width=\u00a0\u00bb1\/3&Prime; el_class=\u00a0\u00bbtext_image_box\u00a0\u00bb][vc_column_text]<\/p>\n<h4 class=\"p1\"><span class=\"s1\">Continuit\u00e9<\/span><\/h4>\n<p>[\/vc_column_text][vc_single_image image=\u00a0\u00bb1077&Prime;][vc_column_text]<\/p>\n<p class=\"p1\"><span class=\"s1\">Treiber Trays propose des produits de grande qualit\u00e9 depuis cinq g\u00e9n\u00e9rations. Gr\u00e2ce \u00e0 leurs connaissances et \u00e0 leur exp\u00e9rience, nos directeurs et notre personnel continueront \u00e0 travailler chaque jour pour \u00eatre \u00e0 la hauteur de la bonne r\u00e9putation de la soci\u00e9t\u00e9 et de ses traditions \u00e0 l\u2019avenir \u00e9galement.<\/span><\/p>\n<p>[\/vc_column_text][\/vc_column][\/vc_row][vc_row dhsv_margin_bottom=\u00a0\u00bbvc-margin-bottom-medium\u00a0\u00bb][vc_column][dhsv_vc_imagegallery slider=\u00a0\u00bb%5B%7B%22image%22%3A%221602%22%7D%2C%7B%22image%22%3A%221604%22%7D%2C%7B%22image%22%3A%221603%22%7D%2C%7B%22image%22%3A%221605%22%7D%5D\u00a0\u00bb][\/vc_column][\/vc_row]<\/p>\n<\/div>","protected":false},"excerpt":{"rendered":"<p>[vc_row full_width=\u00a0\u00bbstretch_row_content_no_spaces\u00a0\u00bb dhsv_parallaxcontent=\u00a0\u00bbparallaxcontent\u00a0\u00bb dhsv_background_color=\u00a0\u00bbbg_black\u00a0\u00bb dhsv_margin_top=\u00a0\u00bbvc-margin-top-none\u00a0\u00bb][vc_column][dhsv_vc_header bgimage=\u00a0\u00bb1069&Prime; subline=\u00a0\u00bbValeurs\u00a0\u00bb headline1=\u00a0\u00bbLA QUALIT\u00c9.\u00a0\u00bb headline2=\u00a0\u00bbOBTENUE GR\u00c2CE \u00c0 NOTRE COMP\u00c9TENCE, NOTRE COOP\u00c9RATION ET NOTRE CONTINUIT\u00c9\u00a0\u00bb][\/vc_column][\/vc_row][vc_row dhsv_margin_top=\u00a0\u00bbvc-margin-top-large\u00a0\u00bb dhsv_margin_bottom=\u00a0\u00bbvc-margin-bottom-large\u00a0\u00bb][vc_column width=\u00a0\u00bb2\/3&Prime;][vc_column_text] Dans le cadre dynamique des march\u00e9s mondialis\u00e9s, les valeurs de comp\u00e9tence, coop\u00e9ration et continuit\u00e9 sont ancr\u00e9es dans notre<\/p>\n","protected":false},"author":5,"featured_media":0,"parent":2447,"menu_order":0,"comment_status":"closed","ping_status":"closed","template":"","meta":{"_acf_changed":false,"footnotes":""},"class_list":["post-2452","page","type-page","status-publish","hentry"],"acf":[],"yoast_head":"<!-- This site is optimized with the Yoast SEO plugin v27.3 - https:\/\/yoast.com\/product\/yoast-seo-wordpress\/ -->\n<title>Valeurs - Treiber Trays<\/title>\n<meta name=\"robots\" content=\"index, follow, max-snippet:-1, max-image-preview:large, max-video-preview:-1\" \/>\n<link rel=\"canonical\" href=\"https:\/\/www.treiber-trays.com\/fr\/company\/values\/\" \/>\n<meta property=\"og:locale\" content=\"fr_FR\" \/>\n<meta property=\"og:type\" content=\"article\" \/>\n<meta property=\"og:title\" content=\"Valeurs - Treiber Trays\" \/>\n<meta property=\"og:description\" content=\"[vc_row full_width=\u00a0\u00bbstretch_row_content_no_spaces\u00a0\u00bb dhsv_parallaxcontent=\u00a0\u00bbparallaxcontent\u00a0\u00bb dhsv_background_color=\u00a0\u00bbbg_black\u00a0\u00bb dhsv_margin_top=\u00a0\u00bbvc-margin-top-none\u00a0\u00bb][vc_column][dhsv_vc_header bgimage=\u00a0\u00bb1069&Prime; subline=\u00a0\u00bbValeurs\u00a0\u00bb headline1=\u00a0\u00bbLA QUALIT\u00c9.\u00a0\u00bb headline2=\u00a0\u00bbOBTENUE GR\u00c2CE \u00c0 NOTRE COMP\u00c9TENCE, NOTRE COOP\u00c9RATION ET NOTRE CONTINUIT\u00c9\u00a0\u00bb][\/vc_column][\/vc_row][vc_row dhsv_margin_top=\u00a0\u00bbvc-margin-top-large\u00a0\u00bb dhsv_margin_bottom=\u00a0\u00bbvc-margin-bottom-large\u00a0\u00bb][vc_column width=\u00a0\u00bb2\/3&Prime;][vc_column_text] Dans le cadre dynamique des march\u00e9s mondialis\u00e9s, les valeurs de comp\u00e9tence, coop\u00e9ration et continuit\u00e9 sont ancr\u00e9es dans notre\" \/>\n<meta property=\"og:url\" content=\"https:\/\/www.treiber-trays.com\/fr\/company\/values\/\" \/>\n<meta property=\"og:site_name\" content=\"Treiber Trays\" \/>\n<meta property=\"article:modified_time\" content=\"2018-10-29T11:20:13+00:00\" \/>\n<meta name=\"twitter:label1\" content=\"Dur\u00e9e de lecture estim\u00e9e\" \/>\n\t<meta name=\"twitter:data1\" content=\"2 minutes\" \/>\n<script type=\"application\/ld+json\" class=\"yoast-schema-graph\">{\"@context\":\"https:\\\/\\\/schema.org\",\"@graph\":[{\"@type\":\"WebPage\",\"@id\":\"https:\\\/\\\/www.treiber-trays.com\\\/fr\\\/company\\\/values\\\/\",\"url\":\"https:\\\/\\\/www.treiber-trays.com\\\/fr\\\/company\\\/values\\\/\",\"name\":\"Valeurs - Treiber Trays\",\"isPartOf\":{\"@id\":\"https:\\\/\\\/www.treiber-trays.com\\\/fr\\\/#website\"},\"datePublished\":\"2017-04-25T08:12:21+00:00\",\"dateModified\":\"2018-10-29T11:20:13+00:00\",\"breadcrumb\":{\"@id\":\"https:\\\/\\\/www.treiber-trays.com\\\/fr\\\/company\\\/values\\\/#breadcrumb\"},\"inLanguage\":\"fr-FR\",\"potentialAction\":[{\"@type\":\"ReadAction\",\"target\":[\"https:\\\/\\\/www.treiber-trays.com\\\/fr\\\/company\\\/values\\\/\"]}]},{\"@type\":\"BreadcrumbList\",\"@id\":\"https:\\\/\\\/www.treiber-trays.com\\\/fr\\\/company\\\/values\\\/#breadcrumb\",\"itemListElement\":[{\"@type\":\"ListItem\",\"position\":1,\"name\":\"Home\",\"item\":\"https:\\\/\\\/www.treiber-trays.com\\\/fr\\\/\"},{\"@type\":\"ListItem\",\"position\":2,\"name\":\"SOCI\u00c9T\u00c9\",\"item\":\"https:\\\/\\\/www.treiber-trays.com\\\/fr\\\/company\\\/\"},{\"@type\":\"ListItem\",\"position\":3,\"name\":\"Valeurs\"}]},{\"@type\":\"WebSite\",\"@id\":\"https:\\\/\\\/www.treiber-trays.com\\\/fr\\\/#website\",\"url\":\"https:\\\/\\\/www.treiber-trays.com\\\/fr\\\/\",\"name\":\"Treiber Trays\",\"description\":\"\",\"potentialAction\":[{\"@type\":\"SearchAction\",\"target\":{\"@type\":\"EntryPoint\",\"urlTemplate\":\"https:\\\/\\\/www.treiber-trays.com\\\/fr\\\/?s={search_term_string}\"},\"query-input\":{\"@type\":\"PropertyValueSpecification\",\"valueRequired\":true,\"valueName\":\"search_term_string\"}}],\"inLanguage\":\"fr-FR\"}]}<\/script>\n<!-- \/ Yoast SEO plugin. -->","yoast_head_json":{"title":"Valeurs - Treiber Trays","robots":{"index":"index","follow":"follow","max-snippet":"max-snippet:-1","max-image-preview":"max-image-preview:large","max-video-preview":"max-video-preview:-1"},"canonical":"https:\/\/www.treiber-trays.com\/fr\/company\/values\/","og_locale":"fr_FR","og_type":"article","og_title":"Valeurs - Treiber Trays","og_description":"[vc_row full_width=\u00a0\u00bbstretch_row_content_no_spaces\u00a0\u00bb dhsv_parallaxcontent=\u00a0\u00bbparallaxcontent\u00a0\u00bb dhsv_background_color=\u00a0\u00bbbg_black\u00a0\u00bb dhsv_margin_top=\u00a0\u00bbvc-margin-top-none\u00a0\u00bb][vc_column][dhsv_vc_header bgimage=\u00a0\u00bb1069&Prime; subline=\u00a0\u00bbValeurs\u00a0\u00bb headline1=\u00a0\u00bbLA QUALIT\u00c9.\u00a0\u00bb headline2=\u00a0\u00bbOBTENUE GR\u00c2CE \u00c0 NOTRE COMP\u00c9TENCE, NOTRE COOP\u00c9RATION ET NOTRE CONTINUIT\u00c9\u00a0\u00bb][\/vc_column][\/vc_row][vc_row dhsv_margin_top=\u00a0\u00bbvc-margin-top-large\u00a0\u00bb dhsv_margin_bottom=\u00a0\u00bbvc-margin-bottom-large\u00a0\u00bb][vc_column width=\u00a0\u00bb2\/3&Prime;][vc_column_text] Dans le cadre dynamique des march\u00e9s mondialis\u00e9s, les valeurs de comp\u00e9tence, coop\u00e9ration et continuit\u00e9 sont ancr\u00e9es dans notre","og_url":"https:\/\/www.treiber-trays.com\/fr\/company\/values\/","og_site_name":"Treiber Trays","article_modified_time":"2018-10-29T11:20:13+00:00","twitter_misc":{"Dur\u00e9e de lecture estim\u00e9e":"2 minutes"},"schema":{"@context":"https:\/\/schema.org","@graph":[{"@type":"WebPage","@id":"https:\/\/www.treiber-trays.com\/fr\/company\/values\/","url":"https:\/\/www.treiber-trays.com\/fr\/company\/values\/","name":"Valeurs - Treiber Trays","isPartOf":{"@id":"https:\/\/www.treiber-trays.com\/fr\/#website"},"datePublished":"2017-04-25T08:12:21+00:00","dateModified":"2018-10-29T11:20:13+00:00","breadcrumb":{"@id":"https:\/\/www.treiber-trays.com\/fr\/company\/values\/#breadcrumb"},"inLanguage":"fr-FR","potentialAction":[{"@type":"ReadAction","target":["https:\/\/www.treiber-trays.com\/fr\/company\/values\/"]}]},{"@type":"BreadcrumbList","@id":"https:\/\/www.treiber-trays.com\/fr\/company\/values\/#breadcrumb","itemListElement":[{"@type":"ListItem","position":1,"name":"Home","item":"https:\/\/www.treiber-trays.com\/fr\/"},{"@type":"ListItem","position":2,"name":"SOCI\u00c9T\u00c9","item":"https:\/\/www.treiber-trays.com\/fr\/company\/"},{"@type":"ListItem","position":3,"name":"Valeurs"}]},{"@type":"WebSite","@id":"https:\/\/www.treiber-trays.com\/fr\/#website","url":"https:\/\/www.treiber-trays.com\/fr\/","name":"Treiber Trays","description":"","potentialAction":[{"@type":"SearchAction","target":{"@type":"EntryPoint","urlTemplate":"https:\/\/www.treiber-trays.com\/fr\/?s={search_term_string}"},"query-input":{"@type":"PropertyValueSpecification","valueRequired":true,"valueName":"search_term_string"}}],"inLanguage":"fr-FR"}]}},"_links":{"self":[{"href":"https:\/\/www.treiber-trays.com\/fr\/wp-json\/wp\/v2\/pages\/2452","targetHints":{"allow":["GET"]}}],"collection":[{"href":"https:\/\/www.treiber-trays.com\/fr\/wp-json\/wp\/v2\/pages"}],"about":[{"href":"https:\/\/www.treiber-trays.com\/fr\/wp-json\/wp\/v2\/types\/page"}],"author":[{"embeddable":true,"href":"https:\/\/www.treiber-trays.com\/fr\/wp-json\/wp\/v2\/users\/5"}],"replies":[{"embeddable":true,"href":"https:\/\/www.treiber-trays.com\/fr\/wp-json\/wp\/v2\/comments?post=2452"}],"version-history":[{"count":3,"href":"https:\/\/www.treiber-trays.com\/fr\/wp-json\/wp\/v2\/pages\/2452\/revisions"}],"predecessor-version":[{"id":2566,"href":"https:\/\/www.treiber-trays.com\/fr\/wp-json\/wp\/v2\/pages\/2452\/revisions\/2566"}],"up":[{"embeddable":true,"href":"https:\/\/www.treiber-trays.com\/fr\/wp-json\/wp\/v2\/pages\/2447"}],"wp:attachment":[{"href":"https:\/\/www.treiber-trays.com\/fr\/wp-json\/wp\/v2\/media?parent=2452"}],"curies":[{"name":"wp","href":"https:\/\/api.w.org\/{rel}","templated":true}]}}