{"id":2453,"date":"2016-07-27T10:08:05","date_gmt":"2016-07-27T08:08:05","guid":{"rendered":"https:\/\/www.treiber-trays.com\/contact\/"},"modified":"2019-04-01T16:02:30","modified_gmt":"2019-04-01T14:02:30","slug":"contact","status":"publish","type":"page","link":"https:\/\/www.treiber-trays.com\/fr\/contact\/","title":{"rendered":"Contact"},"content":{"rendered":"<div class=\"wpb-content-wrapper\"><p>[vc_row full_width=\u00a0\u00bbstretch_row_content_no_spaces\u00a0\u00bb dhsv_parallaxcontent=\u00a0\u00bbparallaxcontent\u00a0\u00bb dhsv_background_color=\u00a0\u00bbbg_black\u00a0\u00bb dhsv_margin_top=\u00a0\u00bbvc-margin-top-none\u00a0\u00bb][vc_column][dhsv_vc_header bgimage=\u00a0\u00bb1069&Prime; subline=\u00a0\u00bbContact\u00a0\u00bb headline1=\u00a0\u00bbContactez-\u00a0\u00bb headline2=\u00a0\u00bbnous\u00a0\u00bb][\/vc_column][\/vc_row][vc_row dhsv_margin_top=\u00a0\u00bbvc-margin-top-large\u00a0\u00bb][vc_column width=\u00a0\u00bb1\/2&Prime;][vc_column_text]<\/p>\n<p class=\"intro\">Vous avez des questions sur nos produits ou vous souhaitez recevoir plus de d\u00e9tails sur l\u2019utilisation des coffrets Treiber Trays dans votre production de confiserie ? Vous avez des exigences particuli\u00e8res dont vous souhaitez discuter ? Contactez-nous ! Nous serons ravis de vous aider et sommes \u00e0 votre disposition \u00e0 tout moment.<\/p>\n<p>[\/vc_column_text][\/vc_column][vc_column width=\u00a0\u00bb1\/4&Prime;][dhsv_vc_box title=\u00a0\u00bbTreiber Trays\u00a0\u00bb subtitle=\u00a0\u00bbAllemagne\u00a0\u00bb]<\/p>\n<p class=\"big\">Grenzh\u00f6fer Weg 19<br \/>\n69123 Heidelberg<br \/>\n<strong>T\u00a0<\/strong><a href=\"tel:+49622182610\">+49 (0)6221 8261 -0<\/a><br \/>\n<strong>M<\/strong>\u00a0<a href=\"mailto:info@treiber-trays.com\">info@treiber-trays.com<\/a><\/p>\n<p>[\/dhsv_vc_box][\/vc_column][vc_column width=\u00a0\u00bb1\/4&Prime;][dhsv_vc_box title=\u00a0\u00bbTeam\u00a0\u00bb subtitle=\u00a0\u00bbVentes et service\u00a0\u00bb]<\/p>\n<p class=\"big\"><strong>T\u00a0<\/strong><a href=\"tel:+496221826121\">+49 (0)6221 8261 -21<\/a><br \/>\n<strong>T\u00a0<\/strong><a href=\"tel:+496221826168\">+49 (0)6221 8261 -68<\/a><br \/>\n<strong>M<\/strong><a href=\"mailto:sales@treiber-trays.com\">sales@treiber-trays.com<\/a><\/p>\n<p>[\/dhsv_vc_box][\/vc_column][\/vc_row][vc_row full_width=\u00a0\u00bbstretch_row\u00a0\u00bb dhsv_margin_top=\u00a0\u00bbvc-margin-top-large\u00a0\u00bb background_color=\u00a0\u00bbbg_light_gray\u00a0\u00bb parallaxcontent=\u00a0\u00bbparallaxcontent\u00a0\u00bb][vc_column]    <script src=\"https:\/\/maps.googleapis.com\/maps\/api\/js?key=AIzaSyAI2ho_FQKU3Bbdw6VScZFupfNHYXJ_MPY\" type=\"text\/javascript\"><\/script>\n    <script>\/\/ initialize Custom Google Maps\n        jQuery( window ).ready( function () {\n            function initialize() {\n                var myLatlng = new google.maps.LatLng(49.425614,8.643766);\n                var mapOptions = {\n                    zoom:  10,\n                    scrollwheel: false,\n                    draggable: true,\n                    center: myLatlng,\n                    clickableIcons: true,\n                    mapTypeControl:  true,\n                    mapTypeControlOptions: {\n                        style: google.maps.MapTypeControlStyle.HORIZONTAL_BAR,\n                        position: google.maps.ControlPosition.BOTTOM_CENTER\n                    },\n                    panControl:  true,\n                    panControlOptions: {\n                        position: google.maps.ControlPosition.TOP_RIGHT\n                    },\n                    zoomControl:  true,\n                    zoomControlOptions: {\n                        style: google.maps.ZoomControlStyle.SMALL,\n                        position: google.maps.ControlPosition.LEFT_CENTER\n                    },\n                    scaleControl: false,\n                    streetViewControl: false,\n                    streetViewControlOptions: {\n                        position: google.maps.ControlPosition.RIGHT_CENTER\n                    },\n                                    };\n                var map = new google.maps.Map( document.getElementById( 'map-canvas-ab1939d54f61f38f23cd3341772b02ec' ),\n                    mapOptions );\n\n                var image = '';\n                var marker = new google.maps.Marker( {\n                    position: myLatlng,\n                    map: map,\n                    title: 'Treiber Trays',\n                    icon: image\n                } );\n            }\n\n            google.maps.event.addDomListener( window, 'load', initialize );\n\n        } );\n    <\/script>\n\n    <div class=\"dhsv_vc_google_maps\" id=\"map-canvas-ab1939d54f61f38f23cd3341772b02ec\" style=\"height:400px;\"><\/div>\n\n    [\/vc_column][\/vc_row][vc_row][vc_column][vc_empty_space height=\u00a0\u00bb60px\u00a0\u00bb][\/vc_column][\/vc_row]<\/p>\n<\/div>","protected":false},"excerpt":{"rendered":"<p>[vc_row full_width=\u00a0\u00bbstretch_row_content_no_spaces\u00a0\u00bb dhsv_parallaxcontent=\u00a0\u00bbparallaxcontent\u00a0\u00bb dhsv_background_color=\u00a0\u00bbbg_black\u00a0\u00bb dhsv_margin_top=\u00a0\u00bbvc-margin-top-none\u00a0\u00bb][vc_column][dhsv_vc_header bgimage=\u00a0\u00bb1069&Prime; subline=\u00a0\u00bbContact\u00a0\u00bb headline1=\u00a0\u00bbContactez-\u00a0\u00bb headline2=\u00a0\u00bbnous\u00a0\u00bb][\/vc_column][\/vc_row][vc_row dhsv_margin_top=\u00a0\u00bbvc-margin-top-large\u00a0\u00bb][vc_column width=\u00a0\u00bb1\/2&Prime;][vc_column_text] Vous avez des questions sur nos produits ou vous souhaitez recevoir plus de d\u00e9tails sur l\u2019utilisation des coffrets Treiber Trays dans votre production de confiserie ? Vous avez des<\/p>\n","protected":false},"author":5,"featured_media":0,"parent":0,"menu_order":0,"comment_status":"closed","ping_status":"closed","template":"","meta":{"_acf_changed":false,"footnotes":""},"class_list":["post-2453","page","type-page","status-publish","hentry"],"acf":[],"yoast_head":"<!-- This site is optimized with the Yoast SEO plugin v27.3 - https:\/\/yoast.com\/product\/yoast-seo-wordpress\/ -->\n<title>Contact - Treiber Trays<\/title>\n<meta name=\"robots\" content=\"index, follow, max-snippet:-1, max-image-preview:large, max-video-preview:-1\" \/>\n<link rel=\"canonical\" href=\"https:\/\/www.treiber-trays.com\/fr\/contact\/\" \/>\n<meta property=\"og:locale\" content=\"fr_FR\" \/>\n<meta property=\"og:type\" content=\"article\" \/>\n<meta property=\"og:title\" content=\"Contact - Treiber Trays\" \/>\n<meta property=\"og:description\" content=\"[vc_row full_width=\u00a0\u00bbstretch_row_content_no_spaces\u00a0\u00bb dhsv_parallaxcontent=\u00a0\u00bbparallaxcontent\u00a0\u00bb dhsv_background_color=\u00a0\u00bbbg_black\u00a0\u00bb dhsv_margin_top=\u00a0\u00bbvc-margin-top-none\u00a0\u00bb][vc_column][dhsv_vc_header bgimage=\u00a0\u00bb1069&Prime; subline=\u00a0\u00bbContact\u00a0\u00bb headline1=\u00a0\u00bbContactez-\u00a0\u00bb headline2=\u00a0\u00bbnous\u00a0\u00bb][\/vc_column][\/vc_row][vc_row dhsv_margin_top=\u00a0\u00bbvc-margin-top-large\u00a0\u00bb][vc_column width=\u00a0\u00bb1\/2&Prime;][vc_column_text] Vous avez des questions sur nos produits ou vous souhaitez recevoir plus de d\u00e9tails sur l\u2019utilisation des coffrets Treiber Trays dans votre production de confiserie ? Vous avez des\" \/>\n<meta property=\"og:url\" content=\"https:\/\/www.treiber-trays.com\/fr\/contact\/\" \/>\n<meta property=\"og:site_name\" content=\"Treiber Trays\" \/>\n<meta property=\"article:modified_time\" content=\"2019-04-01T14:02:30+00:00\" \/>\n<meta name=\"twitter:label1\" content=\"Dur\u00e9e de lecture estim\u00e9e\" \/>\n\t<meta name=\"twitter:data1\" content=\"1 minute\" \/>\n<script type=\"application\/ld+json\" class=\"yoast-schema-graph\">{\"@context\":\"https:\\\/\\\/schema.org\",\"@graph\":[{\"@type\":\"WebPage\",\"@id\":\"https:\\\/\\\/www.treiber-trays.com\\\/fr\\\/contact\\\/\",\"url\":\"https:\\\/\\\/www.treiber-trays.com\\\/fr\\\/contact\\\/\",\"name\":\"Contact - Treiber Trays\",\"isPartOf\":{\"@id\":\"https:\\\/\\\/www.treiber-trays.com\\\/fr\\\/#website\"},\"datePublished\":\"2016-07-27T08:08:05+00:00\",\"dateModified\":\"2019-04-01T14:02:30+00:00\",\"breadcrumb\":{\"@id\":\"https:\\\/\\\/www.treiber-trays.com\\\/fr\\\/contact\\\/#breadcrumb\"},\"inLanguage\":\"fr-FR\",\"potentialAction\":[{\"@type\":\"ReadAction\",\"target\":[\"https:\\\/\\\/www.treiber-trays.com\\\/fr\\\/contact\\\/\"]}]},{\"@type\":\"BreadcrumbList\",\"@id\":\"https:\\\/\\\/www.treiber-trays.com\\\/fr\\\/contact\\\/#breadcrumb\",\"itemListElement\":[{\"@type\":\"ListItem\",\"position\":1,\"name\":\"Home\",\"item\":\"https:\\\/\\\/www.treiber-trays.com\\\/fr\\\/\"},{\"@type\":\"ListItem\",\"position\":2,\"name\":\"Contact\"}]},{\"@type\":\"WebSite\",\"@id\":\"https:\\\/\\\/www.treiber-trays.com\\\/fr\\\/#website\",\"url\":\"https:\\\/\\\/www.treiber-trays.com\\\/fr\\\/\",\"name\":\"Treiber Trays\",\"description\":\"\",\"potentialAction\":[{\"@type\":\"SearchAction\",\"target\":{\"@type\":\"EntryPoint\",\"urlTemplate\":\"https:\\\/\\\/www.treiber-trays.com\\\/fr\\\/?s={search_term_string}\"},\"query-input\":{\"@type\":\"PropertyValueSpecification\",\"valueRequired\":true,\"valueName\":\"search_term_string\"}}],\"inLanguage\":\"fr-FR\"}]}<\/script>\n<!-- \/ Yoast SEO plugin. -->","yoast_head_json":{"title":"Contact - Treiber Trays","robots":{"index":"index","follow":"follow","max-snippet":"max-snippet:-1","max-image-preview":"max-image-preview:large","max-video-preview":"max-video-preview:-1"},"canonical":"https:\/\/www.treiber-trays.com\/fr\/contact\/","og_locale":"fr_FR","og_type":"article","og_title":"Contact - Treiber Trays","og_description":"[vc_row full_width=\u00a0\u00bbstretch_row_content_no_spaces\u00a0\u00bb dhsv_parallaxcontent=\u00a0\u00bbparallaxcontent\u00a0\u00bb dhsv_background_color=\u00a0\u00bbbg_black\u00a0\u00bb dhsv_margin_top=\u00a0\u00bbvc-margin-top-none\u00a0\u00bb][vc_column][dhsv_vc_header bgimage=\u00a0\u00bb1069&Prime; subline=\u00a0\u00bbContact\u00a0\u00bb headline1=\u00a0\u00bbContactez-\u00a0\u00bb headline2=\u00a0\u00bbnous\u00a0\u00bb][\/vc_column][\/vc_row][vc_row dhsv_margin_top=\u00a0\u00bbvc-margin-top-large\u00a0\u00bb][vc_column width=\u00a0\u00bb1\/2&Prime;][vc_column_text] Vous avez des questions sur nos produits ou vous souhaitez recevoir plus de d\u00e9tails sur l\u2019utilisation des coffrets Treiber Trays dans votre production de confiserie ? Vous avez des","og_url":"https:\/\/www.treiber-trays.com\/fr\/contact\/","og_site_name":"Treiber Trays","article_modified_time":"2019-04-01T14:02:30+00:00","twitter_misc":{"Dur\u00e9e de lecture estim\u00e9e":"1 minute"},"schema":{"@context":"https:\/\/schema.org","@graph":[{"@type":"WebPage","@id":"https:\/\/www.treiber-trays.com\/fr\/contact\/","url":"https:\/\/www.treiber-trays.com\/fr\/contact\/","name":"Contact - Treiber Trays","isPartOf":{"@id":"https:\/\/www.treiber-trays.com\/fr\/#website"},"datePublished":"2016-07-27T08:08:05+00:00","dateModified":"2019-04-01T14:02:30+00:00","breadcrumb":{"@id":"https:\/\/www.treiber-trays.com\/fr\/contact\/#breadcrumb"},"inLanguage":"fr-FR","potentialAction":[{"@type":"ReadAction","target":["https:\/\/www.treiber-trays.com\/fr\/contact\/"]}]},{"@type":"BreadcrumbList","@id":"https:\/\/www.treiber-trays.com\/fr\/contact\/#breadcrumb","itemListElement":[{"@type":"ListItem","position":1,"name":"Home","item":"https:\/\/www.treiber-trays.com\/fr\/"},{"@type":"ListItem","position":2,"name":"Contact"}]},{"@type":"WebSite","@id":"https:\/\/www.treiber-trays.com\/fr\/#website","url":"https:\/\/www.treiber-trays.com\/fr\/","name":"Treiber Trays","description":"","potentialAction":[{"@type":"SearchAction","target":{"@type":"EntryPoint","urlTemplate":"https:\/\/www.treiber-trays.com\/fr\/?s={search_term_string}"},"query-input":{"@type":"PropertyValueSpecification","valueRequired":true,"valueName":"search_term_string"}}],"inLanguage":"fr-FR"}]}},"_links":{"self":[{"href":"https:\/\/www.treiber-trays.com\/fr\/wp-json\/wp\/v2\/pages\/2453","targetHints":{"allow":["GET"]}}],"collection":[{"href":"https:\/\/www.treiber-trays.com\/fr\/wp-json\/wp\/v2\/pages"}],"about":[{"href":"https:\/\/www.treiber-trays.com\/fr\/wp-json\/wp\/v2\/types\/page"}],"author":[{"embeddable":true,"href":"https:\/\/www.treiber-trays.com\/fr\/wp-json\/wp\/v2\/users\/5"}],"replies":[{"embeddable":true,"href":"https:\/\/www.treiber-trays.com\/fr\/wp-json\/wp\/v2\/comments?post=2453"}],"version-history":[{"count":3,"href":"https:\/\/www.treiber-trays.com\/fr\/wp-json\/wp\/v2\/pages\/2453\/revisions"}],"predecessor-version":[{"id":2575,"href":"https:\/\/www.treiber-trays.com\/fr\/wp-json\/wp\/v2\/pages\/2453\/revisions\/2575"}],"wp:attachment":[{"href":"https:\/\/www.treiber-trays.com\/fr\/wp-json\/wp\/v2\/media?parent=2453"}],"curies":[{"name":"wp","href":"https:\/\/api.w.org\/{rel}","templated":true}]}}