{"id":2454,"date":"2016-07-27T10:09:46","date_gmt":"2016-07-27T08:09:46","guid":{"rendered":"https:\/\/www.treiber-trays.com\/startseite\/"},"modified":"2018-03-29T12:30:27","modified_gmt":"2018-03-29T10:30:27","slug":"startseite","status":"publish","type":"page","link":"https:\/\/www.treiber-trays.com\/fr\/","title":{"rendered":"Home"},"content":{"rendered":"<div class=\"wpb-content-wrapper\"><p>[vc_row full_width=\u00a0\u00bbstretch_row_content_no_spaces\u00a0\u00bb dhsv_parallaxcontent=\u00a0\u00bbparallaxcontent\u00a0\u00bb dhsv_margin_top=\u00a0\u00bbvc-margin-top-none\u00a0\u00bb dhsv_margin_bottom=\u00a0\u00bbvc-margin-bottom-medium\u00a0\u00bb][vc_column][dhsv_vc_startslider select_post=\u00a0\u00bb\u00a0\u00bb slider=\u00a0\u00bb%5B%7B%22title%22%3A%22La%20qualit%C3%A9%22%2C%22subline%22%3A%22Pour%20votre%20confiserie%20%C2%AB%20mogul%20%C2%BB%22%2C%22text%22%3A%22La%20fonctionnalit%C3%A9%20du%20design%2C%20la%20grande%20qualit%C3%A9%20des%20mat%C3%A9riaux%20et%20la%20pr%C3%A9cision%20de%20la%20fabrication%20assurent%20l%E2%80%99efficacit%C3%A9%20op%C3%A9rationnelle%20de%20votre%20confiserie%20%C2%AB%20mogul%20%C2%BB.%22%2C%22image%22%3A%221474%22%2C%22link%22%3A%22url%3Ahttps%253A%252F%252Fwww.treiber-trays.com%252Ffr%252Fproduct%252Fplastic-starch-trays%252Fin-operation%252F%7Ctitle%3AEn%2520savoir%2520plus%7C%7C%22%7D%2C%7B%22title%22%3A%22La%20qualit%C3%A9.%22%2C%22subline%22%3A%22Par%20l%E2%80%99innovation%22%2C%22text%22%3A%22Le%20nouveau%20design%20brevet%C3%A9%20de%20notre%20coffret%20en%20plastique%20r%C3%A9duit%20le%20temps%20de%20s%C3%A9chage%20de%20vos%20produits%2C%20est%20plus%20l%C3%A9ger%20et%20vous%20garantit%20des%20prix%20int%C3%A9ressants.%20%20%22%2C%22image%22%3A%221625%22%2C%22link%22%3A%22url%3Ahttps%253A%252F%252Fwww.treiber-trays.com%252Ffr%252Fproduct%252Fplastic-starch-trays%252F%7Ctitle%3AEn%2520savoir%2520plus%7C%7C%22%7D%2C%7B%22title%22%3A%22La%20qualit%C3%A9.%22%2C%22subline%22%3A%22Am%C3%A9liore%20votre%20productivit%C3%A9%22%2C%22text%22%3A%22Profitez%20de%20la%20pleine%20capacit%C3%A9%20de%20votre%20confiserie%20%C2%AB%20mogul%20%C2%BB.%20Aucun%20bourrage%20dans%20la%20machine%2C%20aucun%20glissement%20des%20piles.%20Temps%20d%E2%80%99arr%C3%AAt%20r%C3%A9duit%2C%20production%20maximale.%22%2C%22image%22%3A%221476%22%2C%22link%22%3A%22url%3Ahttps%253A%252F%252Fwww.treiber-trays.com%252Ffr%252Fproduct%252Fplastic-starch-trays%252Fin-operation%252F%7Ctitle%3AEn%2520savoir%2520plus%7C%7C%22%7D%5D\u00a0\u00bb][\/vc_column][\/vc_row][vc_row][vc_column width=\u00a0\u00bb2\/3&Prime;][vc_column_text]<\/p>\n<p class=\"intro\">Recherchez-vous de nouveaux coffrets \u00e0 amidon pour votre confiserie \u00abmogul\u00bb?<\/p>\n<p class=\"intro\"><a href=\"https:\/\/www.treiber-trays.com\/fr\/company\/\"><strong>Treiber Trays<\/strong><\/a> est le premier fournisseur mondial de <a href=\"\/?p=865\"><strong>coffrets \u00e0 amidon<\/strong><\/a> pour le secteur de la confiserie. Depuis plus de <a href=\"https:\/\/www.treiber-trays.com\/fr\/company\/management-history\/\"><strong>soixante-dix ans<\/strong><\/a>, des clients implant\u00e9s dans plus d&rsquo;une centaine de pays font confiance \u00e0 Treiber Trays pour le fonctionnement de leurs confiseries \u00ab mogul \u00bb \u00e9quip\u00e9es de machines <a href=\"http:\/\/www.boschpackaging.com\/de\/pa\/unternehmen\/standorte\/deutschland\/dierdorf-wienau.html\">Bosch Makat<\/a>, <a href=\"http:\/\/nid.com.au\/\">NID<\/a> or <a href=\"http:\/\/www.w-d.de\/de\/startseite.html\">Winkler und D\u00fcnnebier<\/a><\/p>\n<p>[\/vc_column_text][\/vc_column][vc_column width=\u00a0\u00bb1\/3&Prime;][\/vc_column][\/vc_row][vc_row dhsv_margin_bottom=\u00a0\u00bbvc-margin-bottom-medium\u00a0\u00bb][vc_column][dhsv_vc_headline subline=\u00a0\u00bbNOS PRODUITS\u00a0\u00bb headline1=\u00a0\u00bbDES SOLUTIONS DE QUALIT\u00c9\u00a0\u00bb headline2=\u00a0\u00bbADAPT\u00c9ES \u00c0 CHAQUE BESOIN\u00a0\u00bb border_color=\u00a0\u00bbred\u00a0\u00bb][\/vc_column][\/vc_row][vc_row][vc_column][dhsv_vc_product_teaser checkfeatured=\u00a0\u00bbyes\u00a0\u00bb][\/vc_column][\/vc_row][vc_row el_id=\u00a0\u00bbhidden-xs\u00a0\u00bb el_class=\u00a0\u00bbhidden-xs\u00a0\u00bb][vc_column][vc_empty_space height=\u00a0\u00bb30px\u00a0\u00bb][vc_column_text]<\/p>\n<h3 class=\"p1\">FONCTIONNALIT\u00c9 DU DESIGN, MAT\u00c9RIAUX DE PREMIER CHOIX<\/h3>\n<h3 class=\"p1\">ET PR\u00c9CISION DE LA FABRICATION<\/h3>\n<p>[\/vc_column_text][vc_single_image image=\u00a0\u00bb1062&Prime;][\/vc_column][\/vc_row][vc_row el_id=\u00a0\u00bbvisible-xs\u00a0\u00bb el_class=\u00a0\u00bbvisible-xs\u00a0\u00bb][vc_column][vc_empty_space height=\u00a0\u00bb30px\u00a0\u00bb][vc_column_text]<\/p>\n<h3 class=\"p1\">FONCTIONNALIT\u00c9 DU DESIGN, MAT\u00c9RIAUX DE PREMIER CHOIX<\/h3>\n<h3 class=\"p1\">ET PR\u00c9CISION DE LA FABRICATION<\/h3>\n<p>[\/vc_column_text][vc_single_image image=\u00a0\u00bb1064&Prime;][\/vc_column][\/vc_row][vc_row dhsv_margin_top=\u00a0\u00bbvc-margin-top-large\u00a0\u00bb dhsv_margin_bottom=\u00a0\u00bbvc-margin-bottom-medium\u00a0\u00bb][vc_column width=\u00a0\u00bb1\/4&Prime;][dhsv_vc_box title=\u00a0\u00bbCOFFRETS EN PLASTIQUE OU EN BOIS\u00a0\u00bb subtitle=\u00a0\u00bbUNIQUEMENT DES MATERIAUX DE PREMIER CHOIX\u00a0\u00bb icon1=\u00a0\u00bb1263&Prime;]Treiber Trays vous offre le meilleur des deux mondes. Que vous pr\u00e9f\u00e9riez la qualit\u00e9 naturelle av\u00e9r\u00e9e du bois ou que vous utilisiez des coffrets en plastique. Treiber Trays vous garantit des mat\u00e9riaux de premier choix : <a href=\"\/?p=1313\">les bois le plus durs<\/a> et un <a href=\"\/?p=1155\">plastique renforc\u00e9 de fibre de verre ultra-r\u00e9sistant <\/a>[\/dhsv_vc_box][\/vc_column][vc_column width=\u00a0\u00bb1\/4&Prime;][dhsv_vc_box title=\u00a0\u00bbPLUS HAUT. PLUS LARGE. PERSONNALISE.\u00a0\u00bb subtitle=\u00a0\u00bbNOUS SATISFERONS VOS BESOINS.\u00a0\u00bb icon1=\u00a0\u00bb1264&Prime;]Votre coffret doit-il \u00eatre haut ou plat, faire 1 200 mm ou 820 mm de large, \u00eatre fabriqu\u00e9 en bois ou en plastique ? Notre exp\u00e9rience couvre plus de 1 000 caract\u00e9ristiques diff\u00e9rentes et notre <a href=\"\/?p=965\">technologie de traitement du plastique <\/a> et <a href=\"\/?p=1318\">du bois <\/a> vous offre un \u00e9ventail de d\u00e9clinaisons pratiquement illimit\u00e9.[\/dhsv_vc_box][\/vc_column][vc_column width=\u00a0\u00bb1\/4&Prime;][dhsv_vc_box title=\u00a0\u00bbLIVRAISON RAPIDE\u00a0\u00bb subtitle=\u00a0\u00bbDEPUIS L\u2019ALLEMAGNE VERS LE MONDE ENTIER\u00a0\u00bb icon1=\u00a0\u00bb1316&Prime;]Que vous meniez un grand projet \u00e0 long terme ou que vous deviez remplacer vos coffrets d\u00e8s demain. Que vous ayez besoin de 200\u00a0000 coffrets ou de 2\u00a0000. La tr\u00e8s grande capacit\u00e9 du <a href=\"https:\/\/www.treiber-trays.com\/fr\/company\/treiber-trays-worldwide\/\">site de production d\u2019Heidelberg, en Allemagne<\/a> et la proximit\u00e9 de grands ports comme Hambourg et Rotterdam garantit des d\u00e9lais de livraison tr\u00e8s courts.[\/dhsv_vc_box][\/vc_column][vc_column width=\u00a0\u00bb1\/4&Prime;][dhsv_vc_box title=\u00a0\u00bbDES MATERIAUX A USAGE ALIMENTAIRE\u00a0\u00bb subtitle=\u00a0\u00bbLA SECURITE AVANT TOUT\u00a0\u00bb icon1=\u00a0\u00bb1317&Prime;]L\u2019hygi\u00e8ne et la s\u00e9curit\u00e9 sont les priorit\u00e9s majeures de votre production de confiserie. C\u2019est la raison pour laquelle nous n\u2019utilisons que des bois certifi\u00e9s et des plastiques agr\u00e9\u00e9s pour l\u2019usage alimentaire. En outre, nos coffrets sont en permanence test\u00e9s en laboratoire.[\/dhsv_vc_box][\/vc_column][\/vc_row][vc_row dhsv_margin_top=\u00a0\u00bbvc-margin-top-large\u00a0\u00bb dhsv_margin_bottom=\u00a0\u00bbvc-margin-bottom-medium\u00a0\u00bb][vc_column][dhsv_vc_headline subline=\u00a0\u00bbLE FRUIT DE NOTRE EXP\u00c9RIENCE\u00a0\u00bb headline1=\u00a0\u00bbLA QUALIT\u00c9 \u00a0\u00bb headline2=\u00a0\u00bbALLEMANDE DISPONIBLE DANS LE MONDE ENTIER\u00a0\u00bb border_color=\u00a0\u00bbred\u00a0\u00bb][\/vc_column][\/vc_row][vc_row][vc_column][dhsv_vc_world_teaser title=\u00a0\u00bbEXPORTATIONS DANS LE MONDE ENTIER\u00a0\u00bb image=\u00a0\u00bb915&Prime; link=\u00a0\u00bburl:https%3A%2F%2Fwww.treiber-trays.com%2Ffr%2Fcompany%2Ftreiber-trays-worldwide%2F|title:En%20savoir%20plus||\u00a0\u00bb title_right=\u00a0\u00bbAttentif aux d\u00e9tails depuis 1875&Prime; image_right=\u00a0\u00bb1535&Prime; text_right=\u00a0\u00bbUne histoire faite de continuit\u00e9 et de changement, de tradition et d\u2019innovation.\u00a0\u00bb link_right=\u00a0\u00bburl:https%3A%2F%2Fwww.treiber-trays.com%2Ffr%2Fcompany%2Fmanagement-history%2F|||\u00a0\u00bb text=\u00a0\u00bb\u00a0\u00bb][\/vc_column][\/vc_row][vc_row disable_element=\u00a0\u00bbyes\u00a0\u00bb][vc_column][dhsv_vc_logoslider headline=\u00a0\u00bbOur Customers\u00a0\u00bb logos=\u00a0\u00bb1138,1137,1136,1135,1134,1133,1132,1131,1130,1129,1128,1127,1126,1125,1124,1123,1122,1121,1120,1119,1118,1117,1116&Prime; checkslider=\u00a0\u00bbslider\u00a0\u00bb][\/vc_column][\/vc_row]<\/p>\n<\/div>","protected":false},"excerpt":{"rendered":"<p>[vc_row full_width=\u00a0\u00bbstretch_row_content_no_spaces\u00a0\u00bb dhsv_parallaxcontent=\u00a0\u00bbparallaxcontent\u00a0\u00bb dhsv_margin_top=\u00a0\u00bbvc-margin-top-none\u00a0\u00bb dhsv_margin_bottom=\u00a0\u00bbvc-margin-bottom-medium\u00a0\u00bb][vc_column][dhsv_vc_startslider select_post=\u00a0\u00bb\u00a0\u00bb slider=\u00a0\u00bb%5B%7B%22title%22%3A%22La%20qualit%C3%A9%22%2C%22subline%22%3A%22Pour%20votre%20confiserie%20%C2%AB%20mogul%20%C2%BB%22%2C%22text%22%3A%22La%20fonctionnalit%C3%A9%20du%20design%2C%20la%20grande%20qualit%C3%A9%20des%20mat%C3%A9riaux%20et%20la%20pr%C3%A9cision%20de%20la%20fabrication%20assurent%20l%E2%80%99efficacit%C3%A9%20op%C3%A9rationnelle%20de%20votre%20confiserie%20%C2%AB%20mogul%20%C2%BB.%22%2C%22image%22%3A%221474%22%2C%22link%22%3A%22url%3Ahttps%253A%252F%252Fwww.treiber-trays.com%252Ffr%252Fproduct%252Fplastic-starch-trays%252Fin-operation%252F%7Ctitle%3AEn%2520savoir%2520plus%7C%7C%22%7D%2C%7B%22title%22%3A%22La%20qualit%C3%A9.%22%2C%22subline%22%3A%22Par%20l%E2%80%99innovation%22%2C%22text%22%3A%22Le%20nouveau%20design%20brevet%C3%A9%20de%20notre%20coffret%20en%20plastique%20r%C3%A9duit%20le%20temps%20de%20s%C3%A9chage%20de%20vos%20produits%2C%20est%20plus%20l%C3%A9ger%20et%20vous%20garantit%20des%20prix%20int%C3%A9ressants.%20%20%22%2C%22image%22%3A%221625%22%2C%22link%22%3A%22url%3Ahttps%253A%252F%252Fwww.treiber-trays.com%252Ffr%252Fproduct%252Fplastic-starch-trays%252F%7Ctitle%3AEn%2520savoir%2520plus%7C%7C%22%7D%2C%7B%22title%22%3A%22La%20qualit%C3%A9.%22%2C%22subline%22%3A%22Am%C3%A9liore%20votre%20productivit%C3%A9%22%2C%22text%22%3A%22Profitez%20de%20la%20pleine%20capacit%C3%A9%20de%20votre%20confiserie%20%C2%AB%20mogul%20%C2%BB.%20Aucun%20bourrage%20dans%20la%20machine%2C%20aucun%20glissement%20des%20piles.%20Temps%20d%E2%80%99arr%C3%AAt%20r%C3%A9duit%2C%20production%20maximale.%22%2C%22image%22%3A%221476%22%2C%22link%22%3A%22url%3Ahttps%253A%252F%252Fwww.treiber-trays.com%252Ffr%252Fproduct%252Fplastic-starch-trays%252Fin-operation%252F%7Ctitle%3AEn%2520savoir%2520plus%7C%7C%22%7D%5D\u00a0\u00bb][\/vc_column][\/vc_row][vc_row][vc_column width=\u00a0\u00bb2\/3&Prime;][vc_column_text] Recherchez-vous de nouveaux coffrets \u00e0 amidon pour votre confiserie \u00abmogul\u00bb? Treiber Trays est le premier fournisseur mondial de coffrets \u00e0 amidon pour le secteur de la confiserie. Depuis plus de soixante-dix ans,<\/p>\n","protected":false},"author":5,"featured_media":0,"parent":0,"menu_order":0,"comment_status":"closed","ping_status":"closed","template":"","meta":{"_acf_changed":false,"footnotes":""},"class_list":["post-2454","page","type-page","status-publish","hentry"],"acf":[],"yoast_head":"<!-- This site is optimized with the Yoast SEO plugin v27.3 - https:\/\/yoast.com\/product\/yoast-seo-wordpress\/ -->\n<title>Home - Treiber Trays<\/title>\n<meta name=\"robots\" content=\"index, follow, max-snippet:-1, max-image-preview:large, max-video-preview:-1\" \/>\n<link rel=\"canonical\" href=\"https:\/\/www.treiber-trays.com\/fr\/\" \/>\n<meta property=\"og:locale\" content=\"fr_FR\" \/>\n<meta property=\"og:type\" content=\"article\" \/>\n<meta property=\"og:title\" content=\"Home - Treiber Trays\" \/>\n<meta property=\"og:description\" content=\"[vc_row full_width=\u00a0\u00bbstretch_row_content_no_spaces\u00a0\u00bb dhsv_parallaxcontent=\u00a0\u00bbparallaxcontent\u00a0\u00bb dhsv_margin_top=\u00a0\u00bbvc-margin-top-none\u00a0\u00bb dhsv_margin_bottom=\u00a0\u00bbvc-margin-bottom-medium\u00a0\u00bb][vc_column][dhsv_vc_startslider select_post=\u00a0\u00bb\u00a0\u00bb slider=\u00a0\u00bb%5B%7B%22title%22%3A%22La%20qualit%C3%A9%22%2C%22subline%22%3A%22Pour%20votre%20confiserie%20%C2%AB%20mogul%20%C2%BB%22%2C%22text%22%3A%22La%20fonctionnalit%C3%A9%20du%20design%2C%20la%20grande%20qualit%C3%A9%20des%20mat%C3%A9riaux%20et%20la%20pr%C3%A9cision%20de%20la%20fabrication%20assurent%20l%E2%80%99efficacit%C3%A9%20op%C3%A9rationnelle%20de%20votre%20confiserie%20%C2%AB%20mogul%20%C2%BB.%22%2C%22image%22%3A%221474%22%2C%22link%22%3A%22url%3Ahttps%253A%252F%252Fwww.treiber-trays.com%252Ffr%252Fproduct%252Fplastic-starch-trays%252Fin-operation%252F%7Ctitle%3AEn%2520savoir%2520plus%7C%7C%22%7D%2C%7B%22title%22%3A%22La%20qualit%C3%A9.%22%2C%22subline%22%3A%22Par%20l%E2%80%99innovation%22%2C%22text%22%3A%22Le%20nouveau%20design%20brevet%C3%A9%20de%20notre%20coffret%20en%20plastique%20r%C3%A9duit%20le%20temps%20de%20s%C3%A9chage%20de%20vos%20produits%2C%20est%20plus%20l%C3%A9ger%20et%20vous%20garantit%20des%20prix%20int%C3%A9ressants.%20%20%22%2C%22image%22%3A%221625%22%2C%22link%22%3A%22url%3Ahttps%253A%252F%252Fwww.treiber-trays.com%252Ffr%252Fproduct%252Fplastic-starch-trays%252F%7Ctitle%3AEn%2520savoir%2520plus%7C%7C%22%7D%2C%7B%22title%22%3A%22La%20qualit%C3%A9.%22%2C%22subline%22%3A%22Am%C3%A9liore%20votre%20productivit%C3%A9%22%2C%22text%22%3A%22Profitez%20de%20la%20pleine%20capacit%C3%A9%20de%20votre%20confiserie%20%C2%AB%20mogul%20%C2%BB.%20Aucun%20bourrage%20dans%20la%20machine%2C%20aucun%20glissement%20des%20piles.%20Temps%20d%E2%80%99arr%C3%AAt%20r%C3%A9duit%2C%20production%20maximale.%22%2C%22image%22%3A%221476%22%2C%22link%22%3A%22url%3Ahttps%253A%252F%252Fwww.treiber-trays.com%252Ffr%252Fproduct%252Fplastic-starch-trays%252Fin-operation%252F%7Ctitle%3AEn%2520savoir%2520plus%7C%7C%22%7D%5D\u00a0\u00bb][\/vc_column][\/vc_row][vc_row][vc_column width=\u00a0\u00bb2\/3&Prime;][vc_column_text] Recherchez-vous de nouveaux coffrets \u00e0 amidon pour votre confiserie \u00abmogul\u00bb? Treiber Trays est le premier fournisseur mondial de coffrets \u00e0 amidon pour le secteur de la confiserie. Depuis plus de soixante-dix ans,\" \/>\n<meta property=\"og:url\" content=\"https:\/\/www.treiber-trays.com\/fr\/\" \/>\n<meta property=\"og:site_name\" content=\"Treiber Trays\" \/>\n<meta property=\"article:modified_time\" content=\"2018-03-29T10:30:27+00:00\" \/>\n<meta name=\"twitter:label1\" content=\"Dur\u00e9e de lecture estim\u00e9e\" \/>\n\t<meta name=\"twitter:data1\" content=\"5 minutes\" \/>\n<script type=\"application\/ld+json\" class=\"yoast-schema-graph\">{\"@context\":\"https:\\\/\\\/schema.org\",\"@graph\":[{\"@type\":\"WebPage\",\"@id\":\"https:\\\/\\\/www.treiber-trays.com\\\/fr\\\/\",\"url\":\"https:\\\/\\\/www.treiber-trays.com\\\/fr\\\/\",\"name\":\"Home - Treiber Trays\",\"isPartOf\":{\"@id\":\"https:\\\/\\\/www.treiber-trays.com\\\/fr\\\/#website\"},\"datePublished\":\"2016-07-27T08:09:46+00:00\",\"dateModified\":\"2018-03-29T10:30:27+00:00\",\"breadcrumb\":{\"@id\":\"https:\\\/\\\/www.treiber-trays.com\\\/fr\\\/#breadcrumb\"},\"inLanguage\":\"fr-FR\",\"potentialAction\":[{\"@type\":\"ReadAction\",\"target\":[\"https:\\\/\\\/www.treiber-trays.com\\\/fr\\\/\"]}]},{\"@type\":\"BreadcrumbList\",\"@id\":\"https:\\\/\\\/www.treiber-trays.com\\\/fr\\\/#breadcrumb\",\"itemListElement\":[{\"@type\":\"ListItem\",\"position\":1,\"name\":\"Home\",\"item\":\"https:\\\/\\\/www.treiber-trays.com\\\/fr\\\/\"},{\"@type\":\"ListItem\",\"position\":2,\"name\":\"Home\"}]},{\"@type\":\"WebSite\",\"@id\":\"https:\\\/\\\/www.treiber-trays.com\\\/fr\\\/#website\",\"url\":\"https:\\\/\\\/www.treiber-trays.com\\\/fr\\\/\",\"name\":\"Treiber Trays\",\"description\":\"\",\"potentialAction\":[{\"@type\":\"SearchAction\",\"target\":{\"@type\":\"EntryPoint\",\"urlTemplate\":\"https:\\\/\\\/www.treiber-trays.com\\\/fr\\\/?s={search_term_string}\"},\"query-input\":{\"@type\":\"PropertyValueSpecification\",\"valueRequired\":true,\"valueName\":\"search_term_string\"}}],\"inLanguage\":\"fr-FR\"}]}<\/script>\n<!-- \/ Yoast SEO plugin. -->","yoast_head_json":{"title":"Home - Treiber Trays","robots":{"index":"index","follow":"follow","max-snippet":"max-snippet:-1","max-image-preview":"max-image-preview:large","max-video-preview":"max-video-preview:-1"},"canonical":"https:\/\/www.treiber-trays.com\/fr\/","og_locale":"fr_FR","og_type":"article","og_title":"Home - Treiber Trays","og_description":"[vc_row full_width=\u00a0\u00bbstretch_row_content_no_spaces\u00a0\u00bb dhsv_parallaxcontent=\u00a0\u00bbparallaxcontent\u00a0\u00bb dhsv_margin_top=\u00a0\u00bbvc-margin-top-none\u00a0\u00bb dhsv_margin_bottom=\u00a0\u00bbvc-margin-bottom-medium\u00a0\u00bb][vc_column][dhsv_vc_startslider select_post=\u00a0\u00bb\u00a0\u00bb slider=\u00a0\u00bb%5B%7B%22title%22%3A%22La%20qualit%C3%A9%22%2C%22subline%22%3A%22Pour%20votre%20confiserie%20%C2%AB%20mogul%20%C2%BB%22%2C%22text%22%3A%22La%20fonctionnalit%C3%A9%20du%20design%2C%20la%20grande%20qualit%C3%A9%20des%20mat%C3%A9riaux%20et%20la%20pr%C3%A9cision%20de%20la%20fabrication%20assurent%20l%E2%80%99efficacit%C3%A9%20op%C3%A9rationnelle%20de%20votre%20confiserie%20%C2%AB%20mogul%20%C2%BB.%22%2C%22image%22%3A%221474%22%2C%22link%22%3A%22url%3Ahttps%253A%252F%252Fwww.treiber-trays.com%252Ffr%252Fproduct%252Fplastic-starch-trays%252Fin-operation%252F%7Ctitle%3AEn%2520savoir%2520plus%7C%7C%22%7D%2C%7B%22title%22%3A%22La%20qualit%C3%A9.%22%2C%22subline%22%3A%22Par%20l%E2%80%99innovation%22%2C%22text%22%3A%22Le%20nouveau%20design%20brevet%C3%A9%20de%20notre%20coffret%20en%20plastique%20r%C3%A9duit%20le%20temps%20de%20s%C3%A9chage%20de%20vos%20produits%2C%20est%20plus%20l%C3%A9ger%20et%20vous%20garantit%20des%20prix%20int%C3%A9ressants.%20%20%22%2C%22image%22%3A%221625%22%2C%22link%22%3A%22url%3Ahttps%253A%252F%252Fwww.treiber-trays.com%252Ffr%252Fproduct%252Fplastic-starch-trays%252F%7Ctitle%3AEn%2520savoir%2520plus%7C%7C%22%7D%2C%7B%22title%22%3A%22La%20qualit%C3%A9.%22%2C%22subline%22%3A%22Am%C3%A9liore%20votre%20productivit%C3%A9%22%2C%22text%22%3A%22Profitez%20de%20la%20pleine%20capacit%C3%A9%20de%20votre%20confiserie%20%C2%AB%20mogul%20%C2%BB.%20Aucun%20bourrage%20dans%20la%20machine%2C%20aucun%20glissement%20des%20piles.%20Temps%20d%E2%80%99arr%C3%AAt%20r%C3%A9duit%2C%20production%20maximale.%22%2C%22image%22%3A%221476%22%2C%22link%22%3A%22url%3Ahttps%253A%252F%252Fwww.treiber-trays.com%252Ffr%252Fproduct%252Fplastic-starch-trays%252Fin-operation%252F%7Ctitle%3AEn%2520savoir%2520plus%7C%7C%22%7D%5D\u00a0\u00bb][\/vc_column][\/vc_row][vc_row][vc_column width=\u00a0\u00bb2\/3&Prime;][vc_column_text] Recherchez-vous de nouveaux coffrets \u00e0 amidon pour votre confiserie \u00abmogul\u00bb? Treiber Trays est le premier fournisseur mondial de coffrets \u00e0 amidon pour le secteur de la confiserie. Depuis plus de soixante-dix ans,","og_url":"https:\/\/www.treiber-trays.com\/fr\/","og_site_name":"Treiber Trays","article_modified_time":"2018-03-29T10:30:27+00:00","twitter_misc":{"Dur\u00e9e de lecture estim\u00e9e":"5 minutes"},"schema":{"@context":"https:\/\/schema.org","@graph":[{"@type":"WebPage","@id":"https:\/\/www.treiber-trays.com\/fr\/","url":"https:\/\/www.treiber-trays.com\/fr\/","name":"Home - Treiber Trays","isPartOf":{"@id":"https:\/\/www.treiber-trays.com\/fr\/#website"},"datePublished":"2016-07-27T08:09:46+00:00","dateModified":"2018-03-29T10:30:27+00:00","breadcrumb":{"@id":"https:\/\/www.treiber-trays.com\/fr\/#breadcrumb"},"inLanguage":"fr-FR","potentialAction":[{"@type":"ReadAction","target":["https:\/\/www.treiber-trays.com\/fr\/"]}]},{"@type":"BreadcrumbList","@id":"https:\/\/www.treiber-trays.com\/fr\/#breadcrumb","itemListElement":[{"@type":"ListItem","position":1,"name":"Home","item":"https:\/\/www.treiber-trays.com\/fr\/"},{"@type":"ListItem","position":2,"name":"Home"}]},{"@type":"WebSite","@id":"https:\/\/www.treiber-trays.com\/fr\/#website","url":"https:\/\/www.treiber-trays.com\/fr\/","name":"Treiber Trays","description":"","potentialAction":[{"@type":"SearchAction","target":{"@type":"EntryPoint","urlTemplate":"https:\/\/www.treiber-trays.com\/fr\/?s={search_term_string}"},"query-input":{"@type":"PropertyValueSpecification","valueRequired":true,"valueName":"search_term_string"}}],"inLanguage":"fr-FR"}]}},"_links":{"self":[{"href":"https:\/\/www.treiber-trays.com\/fr\/wp-json\/wp\/v2\/pages\/2454","targetHints":{"allow":["GET"]}}],"collection":[{"href":"https:\/\/www.treiber-trays.com\/fr\/wp-json\/wp\/v2\/pages"}],"about":[{"href":"https:\/\/www.treiber-trays.com\/fr\/wp-json\/wp\/v2\/types\/page"}],"author":[{"embeddable":true,"href":"https:\/\/www.treiber-trays.com\/fr\/wp-json\/wp\/v2\/users\/5"}],"replies":[{"embeddable":true,"href":"https:\/\/www.treiber-trays.com\/fr\/wp-json\/wp\/v2\/comments?post=2454"}],"version-history":[{"count":5,"href":"https:\/\/www.treiber-trays.com\/fr\/wp-json\/wp\/v2\/pages\/2454\/revisions"}],"predecessor-version":[{"id":2550,"href":"https:\/\/www.treiber-trays.com\/fr\/wp-json\/wp\/v2\/pages\/2454\/revisions\/2550"}],"wp:attachment":[{"href":"https:\/\/www.treiber-trays.com\/fr\/wp-json\/wp\/v2\/media?parent=2454"}],"curies":[{"name":"wp","href":"https:\/\/api.w.org\/{rel}","templated":true}]}}