{"id":2456,"date":"2017-04-30T13:14:29","date_gmt":"2017-04-30T11:14:29","guid":{"rendered":"https:\/\/www.treiber-trays.com\/other-products\/"},"modified":"2018-03-23T11:40:55","modified_gmt":"2018-03-23T09:40:55","slug":"other-products","status":"publish","type":"page","link":"https:\/\/www.treiber-trays.com\/fr\/other-products\/","title":{"rendered":"AUTRES PRODUITS"},"content":{"rendered":"<div class=\"wpb-content-wrapper\"><p>[vc_row][vc_column][vc_empty_space height=\u00a0\u00bb140&Prime;][dhsv_vc_headline subline=\u00a0\u00bbother Products\u00a0\u00bb headline1=\u00a0\u00bbDES SOLUTIONS DE QUALIT\u00c9 \u00a0\u00bb headline2=\u00a0\u00bbADAPT\u00c9ES \u00c0 TOUS VOS BESOINS\u00a0\u00bb border_color=\u00a0\u00bbred\u00a0\u00bb][\/vc_column][\/vc_row][vc_row][vc_column width=\u00a0\u00bb2\/3&Prime;][vc_column_text]<\/p>\n<p class=\"p1 intro\"><span class=\"s1\">Pour nos coffrets, tout commence par vos produits. Treiber Trays propose une gamme compl\u00e8te de coffrets utilis\u00e9s dans la production de confiserie ainsi que des coffrets destin\u00e9s aux autres segments de l\u2019industrie alimentaire ou du secteur pharmaceutique. Certains clients utilisent nos coffrets pour leurs produits de boulangerie, d\u2019autres pour le s\u00e9chage de fruits ou de p\u00e2tes artisanales.<\/span><\/p>\n<p>[\/vc_column_text][\/vc_column][vc_column width=\u00a0\u00bb1\/3&Prime;][\/vc_column][\/vc_row][vc_row][vc_column][dhsv_vc_product_teaser][\/vc_column][\/vc_row][vc_row dhsv_margin_top=\u00a0\u00bbvc-margin-top-large\u00a0\u00bb dhsv_margin_bottom=\u00a0\u00bbvc-margin-bottom-medium\u00a0\u00bb][vc_column width=\u00a0\u00bb1\/4&Prime;][dhsv_vc_box title=\u00a0\u00bbCOFFRETS EN PLASTIQUE OU EN BOIS\u00a0\u00bb subtitle=\u00a0\u00bbUNIQUEMENT DES MATERIAUX DE PREMIER CHOIX\u00a0\u00bb icon1=\u00a0\u00bb1263&Prime;]Treiber Trays vous offre le meilleur des deux mondes. Que vous pr\u00e9f\u00e9riez les coffrets en bois, produit naturel qui a fait ses preuves, ou en plastique. Treiber Trays vous garantit des mat\u00e9riaux de premier choix : les bois le plus durs et un plastique renforc\u00e9 de fibre de verre ultra-r\u00e9sistant [\/dhsv_vc_box][\/vc_column][vc_column width=\u00a0\u00bb1\/4&Prime;][dhsv_vc_box title=\u00a0\u00bbPLUS HAUT. PLUS LARGE. PERSONNALISE.\u00a0\u00bb subtitle=\u00a0\u00bbNOUS SATISFERONS VOS BESOINS.\u00a0\u00bb icon1=\u00a0\u00bb1264&Prime;]Votre coffret doit-il \u00eatre haut ou plat, faire 1 200 mm ou 820 mm de large, \u00eatre fabriqu\u00e9 en bois ou en plastique ? Notre exp\u00e9rience couvre plus de 1 000 caract\u00e9ristiques diff\u00e9rentes et notre technologie de traitement du plastique et du bois vous offre un \u00e9ventail de d\u00e9clinaisons pratiquement illimit\u00e9.[\/dhsv_vc_box][\/vc_column][vc_column width=\u00a0\u00bb1\/4&Prime;][dhsv_vc_box title=\u00a0\u00bbLIVRAISON RAPIDE\u00a0\u00bb subtitle=\u00a0\u00bbDEPUIS L\u2019ALLEMAGNE VERS LE MONDE ENTIER\u00a0\u00bb icon1=\u00a0\u00bb1316&Prime;]Que vous meniez un grand projet \u00e0 long terme ou que vous deviez remplacer vos coffrets d\u00e8s demain. Que vous ayez besoin de 200 000 coffrets ou de 2 000. La tr\u00e8s grande capacit\u00e9 du site de production d\u2019Heidelberg, en Allemagne, et la proximit\u00e9 de grands ports comme Hambourg et Rotterdam garantit des d\u00e9lais de livraison tr\u00e8s courts.[\/dhsv_vc_box][\/vc_column][vc_column width=\u00a0\u00bb1\/4&Prime;][dhsv_vc_box title=\u00a0\u00bbDES MATERIAUX A USAGE ALIMENTAIRE\u00a0\u00bb subtitle=\u00a0\u00bbLA SECURITE AVANT TOUT\u00a0\u00bb icon1=\u00a0\u00bb1317&Prime;]L\u2019hygi\u00e8ne et la s\u00e9curit\u00e9 sont les priorit\u00e9s majeures de votre production de confiserie. C\u2019est la raison pour laquelle nous n\u2019utilisons que des bois certifi\u00e9s et des plastiques agr\u00e9\u00e9s pour l\u2019usage alimentaire. En outre, nos coffrets sont en permanence test\u00e9s en laboratoire.[\/dhsv_vc_box][\/vc_column][\/vc_row]<\/p>\n<\/div>","protected":false},"excerpt":{"rendered":"<p>[vc_row][vc_column][vc_empty_space height=\u00a0\u00bb140&Prime;][dhsv_vc_headline subline=\u00a0\u00bbother Products\u00a0\u00bb headline1=\u00a0\u00bbDES SOLUTIONS DE QUALIT\u00c9 \u00a0\u00bb headline2=\u00a0\u00bbADAPT\u00c9ES \u00c0 TOUS VOS BESOINS\u00a0\u00bb border_color=\u00a0\u00bbred\u00a0\u00bb][\/vc_column][\/vc_row][vc_row][vc_column width=\u00a0\u00bb2\/3&Prime;][vc_column_text] Pour nos coffrets, tout commence par vos produits. Treiber Trays propose une gamme compl\u00e8te de coffrets utilis\u00e9s dans la production de confiserie ainsi que<\/p>\n","protected":false},"author":5,"featured_media":0,"parent":0,"menu_order":0,"comment_status":"closed","ping_status":"closed","template":"","meta":{"_acf_changed":false,"footnotes":""},"class_list":["post-2456","page","type-page","status-publish","hentry"],"acf":[],"yoast_head":"<!-- This site is optimized with the Yoast SEO plugin v27.3 - https:\/\/yoast.com\/product\/yoast-seo-wordpress\/ -->\n<title>AUTRES PRODUITS - Treiber Trays<\/title>\n<meta name=\"robots\" content=\"index, follow, max-snippet:-1, max-image-preview:large, max-video-preview:-1\" \/>\n<link rel=\"canonical\" href=\"https:\/\/www.treiber-trays.com\/fr\/other-products\/\" \/>\n<meta property=\"og:locale\" content=\"fr_FR\" \/>\n<meta property=\"og:type\" content=\"article\" \/>\n<meta property=\"og:title\" content=\"AUTRES PRODUITS - Treiber Trays\" \/>\n<meta property=\"og:description\" content=\"[vc_row][vc_column][vc_empty_space height=\u00a0\u00bb140&Prime;][dhsv_vc_headline subline=\u00a0\u00bbother Products\u00a0\u00bb headline1=\u00a0\u00bbDES SOLUTIONS DE QUALIT\u00c9 \u00a0\u00bb headline2=\u00a0\u00bbADAPT\u00c9ES \u00c0 TOUS VOS BESOINS\u00a0\u00bb border_color=\u00a0\u00bbred\u00a0\u00bb][\/vc_column][\/vc_row][vc_row][vc_column width=\u00a0\u00bb2\/3&Prime;][vc_column_text] Pour nos coffrets, tout commence par vos produits. Treiber Trays propose une gamme compl\u00e8te de coffrets utilis\u00e9s dans la production de confiserie ainsi que\" \/>\n<meta property=\"og:url\" content=\"https:\/\/www.treiber-trays.com\/fr\/other-products\/\" \/>\n<meta property=\"og:site_name\" content=\"Treiber Trays\" \/>\n<meta property=\"article:modified_time\" content=\"2018-03-23T09:40:55+00:00\" \/>\n<meta name=\"twitter:label1\" content=\"Dur\u00e9e de lecture estim\u00e9e\" \/>\n\t<meta name=\"twitter:data1\" content=\"2 minutes\" \/>\n<script type=\"application\/ld+json\" class=\"yoast-schema-graph\">{\"@context\":\"https:\\\/\\\/schema.org\",\"@graph\":[{\"@type\":\"WebPage\",\"@id\":\"https:\\\/\\\/www.treiber-trays.com\\\/fr\\\/other-products\\\/\",\"url\":\"https:\\\/\\\/www.treiber-trays.com\\\/fr\\\/other-products\\\/\",\"name\":\"AUTRES PRODUITS - Treiber Trays\",\"isPartOf\":{\"@id\":\"https:\\\/\\\/www.treiber-trays.com\\\/fr\\\/#website\"},\"datePublished\":\"2017-04-30T11:14:29+00:00\",\"dateModified\":\"2018-03-23T09:40:55+00:00\",\"breadcrumb\":{\"@id\":\"https:\\\/\\\/www.treiber-trays.com\\\/fr\\\/other-products\\\/#breadcrumb\"},\"inLanguage\":\"fr-FR\",\"potentialAction\":[{\"@type\":\"ReadAction\",\"target\":[\"https:\\\/\\\/www.treiber-trays.com\\\/fr\\\/other-products\\\/\"]}]},{\"@type\":\"BreadcrumbList\",\"@id\":\"https:\\\/\\\/www.treiber-trays.com\\\/fr\\\/other-products\\\/#breadcrumb\",\"itemListElement\":[{\"@type\":\"ListItem\",\"position\":1,\"name\":\"Home\",\"item\":\"https:\\\/\\\/www.treiber-trays.com\\\/fr\\\/\"},{\"@type\":\"ListItem\",\"position\":2,\"name\":\"AUTRES PRODUITS\"}]},{\"@type\":\"WebSite\",\"@id\":\"https:\\\/\\\/www.treiber-trays.com\\\/fr\\\/#website\",\"url\":\"https:\\\/\\\/www.treiber-trays.com\\\/fr\\\/\",\"name\":\"Treiber Trays\",\"description\":\"\",\"potentialAction\":[{\"@type\":\"SearchAction\",\"target\":{\"@type\":\"EntryPoint\",\"urlTemplate\":\"https:\\\/\\\/www.treiber-trays.com\\\/fr\\\/?s={search_term_string}\"},\"query-input\":{\"@type\":\"PropertyValueSpecification\",\"valueRequired\":true,\"valueName\":\"search_term_string\"}}],\"inLanguage\":\"fr-FR\"}]}<\/script>\n<!-- \/ Yoast SEO plugin. -->","yoast_head_json":{"title":"AUTRES PRODUITS - Treiber Trays","robots":{"index":"index","follow":"follow","max-snippet":"max-snippet:-1","max-image-preview":"max-image-preview:large","max-video-preview":"max-video-preview:-1"},"canonical":"https:\/\/www.treiber-trays.com\/fr\/other-products\/","og_locale":"fr_FR","og_type":"article","og_title":"AUTRES PRODUITS - Treiber Trays","og_description":"[vc_row][vc_column][vc_empty_space height=\u00a0\u00bb140&Prime;][dhsv_vc_headline subline=\u00a0\u00bbother Products\u00a0\u00bb headline1=\u00a0\u00bbDES SOLUTIONS DE QUALIT\u00c9 \u00a0\u00bb headline2=\u00a0\u00bbADAPT\u00c9ES \u00c0 TOUS VOS BESOINS\u00a0\u00bb border_color=\u00a0\u00bbred\u00a0\u00bb][\/vc_column][\/vc_row][vc_row][vc_column width=\u00a0\u00bb2\/3&Prime;][vc_column_text] Pour nos coffrets, tout commence par vos produits. Treiber Trays propose une gamme compl\u00e8te de coffrets utilis\u00e9s dans la production de confiserie ainsi que","og_url":"https:\/\/www.treiber-trays.com\/fr\/other-products\/","og_site_name":"Treiber Trays","article_modified_time":"2018-03-23T09:40:55+00:00","twitter_misc":{"Dur\u00e9e de lecture estim\u00e9e":"2 minutes"},"schema":{"@context":"https:\/\/schema.org","@graph":[{"@type":"WebPage","@id":"https:\/\/www.treiber-trays.com\/fr\/other-products\/","url":"https:\/\/www.treiber-trays.com\/fr\/other-products\/","name":"AUTRES PRODUITS - Treiber Trays","isPartOf":{"@id":"https:\/\/www.treiber-trays.com\/fr\/#website"},"datePublished":"2017-04-30T11:14:29+00:00","dateModified":"2018-03-23T09:40:55+00:00","breadcrumb":{"@id":"https:\/\/www.treiber-trays.com\/fr\/other-products\/#breadcrumb"},"inLanguage":"fr-FR","potentialAction":[{"@type":"ReadAction","target":["https:\/\/www.treiber-trays.com\/fr\/other-products\/"]}]},{"@type":"BreadcrumbList","@id":"https:\/\/www.treiber-trays.com\/fr\/other-products\/#breadcrumb","itemListElement":[{"@type":"ListItem","position":1,"name":"Home","item":"https:\/\/www.treiber-trays.com\/fr\/"},{"@type":"ListItem","position":2,"name":"AUTRES PRODUITS"}]},{"@type":"WebSite","@id":"https:\/\/www.treiber-trays.com\/fr\/#website","url":"https:\/\/www.treiber-trays.com\/fr\/","name":"Treiber Trays","description":"","potentialAction":[{"@type":"SearchAction","target":{"@type":"EntryPoint","urlTemplate":"https:\/\/www.treiber-trays.com\/fr\/?s={search_term_string}"},"query-input":{"@type":"PropertyValueSpecification","valueRequired":true,"valueName":"search_term_string"}}],"inLanguage":"fr-FR"}]}},"_links":{"self":[{"href":"https:\/\/www.treiber-trays.com\/fr\/wp-json\/wp\/v2\/pages\/2456","targetHints":{"allow":["GET"]}}],"collection":[{"href":"https:\/\/www.treiber-trays.com\/fr\/wp-json\/wp\/v2\/pages"}],"about":[{"href":"https:\/\/www.treiber-trays.com\/fr\/wp-json\/wp\/v2\/types\/page"}],"author":[{"embeddable":true,"href":"https:\/\/www.treiber-trays.com\/fr\/wp-json\/wp\/v2\/users\/5"}],"replies":[{"embeddable":true,"href":"https:\/\/www.treiber-trays.com\/fr\/wp-json\/wp\/v2\/comments?post=2456"}],"version-history":[{"count":2,"href":"https:\/\/www.treiber-trays.com\/fr\/wp-json\/wp\/v2\/pages\/2456\/revisions"}],"predecessor-version":[{"id":2485,"href":"https:\/\/www.treiber-trays.com\/fr\/wp-json\/wp\/v2\/pages\/2456\/revisions\/2485"}],"wp:attachment":[{"href":"https:\/\/www.treiber-trays.com\/fr\/wp-json\/wp\/v2\/media?parent=2456"}],"curies":[{"name":"wp","href":"https:\/\/api.w.org\/{rel}","templated":true}]}}